{"id":13269,"date":"2026-04-09T13:34:15","date_gmt":"2026-04-09T13:34:15","guid":{"rendered":"https:\/\/www.mailgun.com\/untersuchen\/"},"modified":"2026-04-09T18:20:34","modified_gmt":"2026-04-09T18:20:34","slug":"inspect","status":"publish","type":"page","link":"https:\/\/www.mailgun.com\/de\/preise\/inspect\/","title":{"rendered":"Preise f\u00fcr Inspect"},"content":{"rendered":"","protected":false},"excerpt":{"rendered":"","protected":false},"author":73,"featured_media":0,"parent":5955,"menu_order":0,"comment_status":"closed","ping_status":"closed","template":"pages\/templates\/pricing-inspect.php","meta":{"_acf_changed":false,"_slug_changed":false,"footnotes":""},"class_list":["post-13269","page","type-page","status-publish","hentry"],"acf":[],"yoast_head":"<!-- This site is optimized with the Yoast SEO plugin v27.0 - https:\/\/yoast.com\/product\/yoast-seo-wordpress\/ -->\n<title>Preise f\u00fcr Mailgun Inspect \u2013 die Qualit\u00e4tssicherungsplattform f\u00fcr E-Mails<\/title>\n<meta name=\"description\" content=\"W\u00e4hlen Sie das Mailgun Inspect-Abonnement, das Ihren Anforderungen entspricht. Entdecken Sie L\u00f6sungen f\u00fcr die E-Mail-Qualit\u00e4tssicherung, um die Zustellung Ihrer E-Mails zu verbessern.\" \/>\n<meta name=\"robots\" content=\"index, follow, max-snippet:-1, max-image-preview:large, max-video-preview:-1\" \/>\n<link rel=\"canonical\" href=\"https:\/\/www.mailgun.com\/de\/preise\/inspect\/\" \/>\n<meta property=\"og:locale\" content=\"de_DE\" \/>\n<meta property=\"og:type\" content=\"article\" \/>\n<meta property=\"og:title\" content=\"Preise f\u00fcr Mailgun Inspect \u2013 die Qualit\u00e4tssicherungsplattform f\u00fcr E-Mails\" \/>\n<meta property=\"og:description\" content=\"W\u00e4hlen Sie das Mailgun Inspect-Abonnement, das Ihren Anforderungen entspricht. Entdecken Sie L\u00f6sungen f\u00fcr die E-Mail-Qualit\u00e4tssicherung, um die Zustellung Ihrer E-Mails zu verbessern.\" \/>\n<meta property=\"og:url\" content=\"https:\/\/www.mailgun.com\/de\/preise\/inspect\/\" \/>\n<meta property=\"og:site_name\" content=\"Transactional Email API Service For Developers | Mailgun\" \/>\n<meta property=\"article:modified_time\" content=\"2026-04-09T18:20:34+00:00\" \/>\n<meta name=\"twitter:card\" content=\"summary_large_image\" \/>\n<script type=\"application\/ld+json\" class=\"yoast-schema-graph\">{\"@context\":\"https:\/\/schema.org\",\"@graph\":[{\"@type\":\"WebPage\",\"@id\":\"https:\/\/www.mailgun.com\/de\/preise\/inspect\/\",\"url\":\"https:\/\/www.mailgun.com\/de\/preise\/inspect\/\",\"name\":\"Preise f\u00fcr Mailgun Inspect \u2013 die Qualit\u00e4tssicherungsplattform f\u00fcr E-Mails\",\"isPartOf\":{\"@id\":\"https:\/\/www.mailgun.com\/de\/#website\"},\"datePublished\":\"2026-04-09T13:34:15+00:00\",\"dateModified\":\"2026-04-09T18:20:34+00:00\",\"description\":\"W\u00e4hlen Sie das Mailgun Inspect-Abonnement, das Ihren Anforderungen entspricht. Entdecken Sie L\u00f6sungen f\u00fcr die E-Mail-Qualit\u00e4tssicherung, um die Zustellung Ihrer E-Mails zu verbessern.\",\"breadcrumb\":{\"@id\":\"https:\/\/www.mailgun.com\/de\/preise\/inspect\/#breadcrumb\"},\"inLanguage\":\"de\",\"potentialAction\":[{\"@type\":\"ReadAction\",\"target\":[\"https:\/\/www.mailgun.com\/de\/preise\/inspect\/\"]}]},{\"@type\":\"BreadcrumbList\",\"@id\":\"https:\/\/www.mailgun.com\/de\/preise\/inspect\/#breadcrumb\",\"itemListElement\":[{\"@type\":\"ListItem\",\"position\":1,\"name\":\"Home\",\"item\":\"https:\/\/www.mailgun.com\/de\/\"},{\"@type\":\"ListItem\",\"position\":2,\"name\":\"Mailgun Send Pricing\",\"item\":\"https:\/\/www.mailgun.com\/de\/preise\/\"},{\"@type\":\"ListItem\",\"position\":3,\"name\":\"Preise f\u00fcr Inspect\"}]},{\"@type\":\"WebSite\",\"@id\":\"https:\/\/www.mailgun.com\/de\/#website\",\"url\":\"https:\/\/www.mailgun.com\/de\/\",\"name\":\"Transactional Email API Service For Developers | Mailgun\",\"description\":\"Powerful Transactional Email APIs that enable you to send, receive, and track emails, built with developers in mind. Learn more today!\",\"publisher\":{\"@id\":\"https:\/\/www.mailgun.com\/de\/#organization\"},\"potentialAction\":[{\"@type\":\"SearchAction\",\"target\":{\"@type\":\"EntryPoint\",\"urlTemplate\":\"https:\/\/www.mailgun.com\/de\/?s={search_term_string}\"},\"query-input\":{\"@type\":\"PropertyValueSpecification\",\"valueRequired\":true,\"valueName\":\"search_term_string\"}}],\"inLanguage\":\"de\"},{\"@type\":\"Organization\",\"@id\":\"https:\/\/www.mailgun.com\/de\/#organization\",\"name\":\"Transactional Email API Service For Developers | Mailgun\",\"url\":\"https:\/\/www.mailgun.com\/de\/\",\"logo\":{\"@type\":\"ImageObject\",\"inLanguage\":\"de\",\"@id\":\"https:\/\/www.mailgun.com\/de\/#\/schema\/logo\/image\/\",\"url\":\"https:\/\/www.mailgun.com\/wp-content\/uploads\/2025\/06\/cropped-android-chrome-512x512-1.png\",\"contentUrl\":\"https:\/\/www.mailgun.com\/wp-content\/uploads\/2025\/06\/cropped-android-chrome-512x512-1.png\",\"width\":512,\"height\":512,\"caption\":\"Transactional Email API Service For Developers | Mailgun\"},\"image\":{\"@id\":\"https:\/\/www.mailgun.com\/de\/#\/schema\/logo\/image\/\"}}]}<\/script>\n<!-- \/ Yoast SEO plugin. -->","yoast_head_json":{"title":"Preise f\u00fcr Mailgun Inspect \u2013 die Qualit\u00e4tssicherungsplattform f\u00fcr E-Mails","description":"W\u00e4hlen Sie das Mailgun Inspect-Abonnement, das Ihren Anforderungen entspricht. Entdecken Sie L\u00f6sungen f\u00fcr die E-Mail-Qualit\u00e4tssicherung, um die Zustellung Ihrer E-Mails zu verbessern.","robots":{"index":"index","follow":"follow","max-snippet":"max-snippet:-1","max-image-preview":"max-image-preview:large","max-video-preview":"max-video-preview:-1"},"canonical":"https:\/\/www.mailgun.com\/de\/preise\/inspect\/","og_locale":"de_DE","og_type":"article","og_title":"Preise f\u00fcr Mailgun Inspect \u2013 die Qualit\u00e4tssicherungsplattform f\u00fcr E-Mails","og_description":"W\u00e4hlen Sie das Mailgun Inspect-Abonnement, das Ihren Anforderungen entspricht. Entdecken Sie L\u00f6sungen f\u00fcr die E-Mail-Qualit\u00e4tssicherung, um die Zustellung Ihrer E-Mails zu verbessern.","og_url":"https:\/\/www.mailgun.com\/de\/preise\/inspect\/","og_site_name":"Transactional Email API Service For Developers | Mailgun","article_modified_time":"2026-04-09T18:20:34+00:00","twitter_card":"summary_large_image","schema":{"@context":"https:\/\/schema.org","@graph":[{"@type":"WebPage","@id":"https:\/\/www.mailgun.com\/de\/preise\/inspect\/","url":"https:\/\/www.mailgun.com\/de\/preise\/inspect\/","name":"Preise f\u00fcr Mailgun Inspect \u2013 die Qualit\u00e4tssicherungsplattform f\u00fcr E-Mails","isPartOf":{"@id":"https:\/\/www.mailgun.com\/de\/#website"},"datePublished":"2026-04-09T13:34:15+00:00","dateModified":"2026-04-09T18:20:34+00:00","description":"W\u00e4hlen Sie das Mailgun Inspect-Abonnement, das Ihren Anforderungen entspricht. Entdecken Sie L\u00f6sungen f\u00fcr die E-Mail-Qualit\u00e4tssicherung, um die Zustellung Ihrer E-Mails zu verbessern.","breadcrumb":{"@id":"https:\/\/www.mailgun.com\/de\/preise\/inspect\/#breadcrumb"},"inLanguage":"de","potentialAction":[{"@type":"ReadAction","target":["https:\/\/www.mailgun.com\/de\/preise\/inspect\/"]}]},{"@type":"BreadcrumbList","@id":"https:\/\/www.mailgun.com\/de\/preise\/inspect\/#breadcrumb","itemListElement":[{"@type":"ListItem","position":1,"name":"Home","item":"https:\/\/www.mailgun.com\/de\/"},{"@type":"ListItem","position":2,"name":"Mailgun Send Pricing","item":"https:\/\/www.mailgun.com\/de\/preise\/"},{"@type":"ListItem","position":3,"name":"Preise f\u00fcr Inspect"}]},{"@type":"WebSite","@id":"https:\/\/www.mailgun.com\/de\/#website","url":"https:\/\/www.mailgun.com\/de\/","name":"Transactional Email API Service For Developers | Mailgun","description":"Powerful Transactional Email APIs that enable you to send, receive, and track emails, built with developers in mind. Learn more today!","publisher":{"@id":"https:\/\/www.mailgun.com\/de\/#organization"},"potentialAction":[{"@type":"SearchAction","target":{"@type":"EntryPoint","urlTemplate":"https:\/\/www.mailgun.com\/de\/?s={search_term_string}"},"query-input":{"@type":"PropertyValueSpecification","valueRequired":true,"valueName":"search_term_string"}}],"inLanguage":"de"},{"@type":"Organization","@id":"https:\/\/www.mailgun.com\/de\/#organization","name":"Transactional Email API Service For Developers | Mailgun","url":"https:\/\/www.mailgun.com\/de\/","logo":{"@type":"ImageObject","inLanguage":"de","@id":"https:\/\/www.mailgun.com\/de\/#\/schema\/logo\/image\/","url":"https:\/\/www.mailgun.com\/wp-content\/uploads\/2025\/06\/cropped-android-chrome-512x512-1.png","contentUrl":"https:\/\/www.mailgun.com\/wp-content\/uploads\/2025\/06\/cropped-android-chrome-512x512-1.png","width":512,"height":512,"caption":"Transactional Email API Service For Developers | Mailgun"},"image":{"@id":"https:\/\/www.mailgun.com\/de\/#\/schema\/logo\/image\/"}}]}},"_links":{"self":[{"href":"https:\/\/www.mailgun.com\/de\/wp-json\/wp\/v2\/pages\/13269","targetHints":{"allow":["GET"]}}],"collection":[{"href":"https:\/\/www.mailgun.com\/de\/wp-json\/wp\/v2\/pages"}],"about":[{"href":"https:\/\/www.mailgun.com\/de\/wp-json\/wp\/v2\/types\/page"}],"author":[{"embeddable":true,"href":"https:\/\/www.mailgun.com\/de\/wp-json\/wp\/v2\/users\/73"}],"replies":[{"embeddable":true,"href":"https:\/\/www.mailgun.com\/de\/wp-json\/wp\/v2\/comments?post=13269"}],"version-history":[{"count":0,"href":"https:\/\/www.mailgun.com\/de\/wp-json\/wp\/v2\/pages\/13269\/revisions"}],"up":[{"embeddable":true,"href":"https:\/\/www.mailgun.com\/de\/wp-json\/wp\/v2\/pages\/5955"}],"wp:attachment":[{"href":"https:\/\/www.mailgun.com\/de\/wp-json\/wp\/v2\/media?parent=13269"}],"curies":[{"name":"wp","href":"https:\/\/api.w.org\/{rel}","templated":true}]}}