{"id":6305,"date":"2025-07-16T08:35:19","date_gmt":"2025-07-16T08:35:19","guid":{"rendered":"https:\/\/mgcomdev.wpenginepowered.com\/mailgun-renewal-team\/"},"modified":"2025-07-16T08:50:14","modified_gmt":"2025-07-16T08:50:14","slug":"mailgun-renewal-team","status":"publish","type":"page","link":"https:\/\/www.mailgun.com\/de\/mailgun-renewal-team\/","title":{"rendered":"Mailgun Renewal Team"},"content":{"rendered":"\r\n    <section data-content-type=\"component\" class=\"header-block section-py bg-light-subtle\" data-theme=\"dark\">\r\n        <div class=\"container header-block-container\">\r\n\r\n            \r\n            <div class=\"row align-items-center\">\r\n                <div class=\"col-12 col-lg-9\">\r\n                    <div class=\"d-flex flex-column gap-3 gap-md-4\">\r\n                        <div>\r\n                                                            <p class=\"text-uppercase section-caption text-body-color\">Phishing-Versuch<\/p>\r\n                            \r\n                            <h1 class=\"text-accent m-0 p-0 \">\r\n                                Mailgun Renewal-Team                            <\/h1>\r\n                        <\/div>\r\n\r\n                                                    <div class=\"content-body mb-0 text-body-color\"><p>Falls Sie eine E-Mail von einem Renewal-Team von Mailgun erhalten haben, klicken Sie nicht auf darin enthaltene Links und melden Sie sich keinesfalls an! Es handelt sich um eine h\u00e4ufige Phishing-Taktik, die auf Mailgun-Benutzer abzielt. Scrollen Sie nach unten, um zu erfahren, was Sie mit diesen E-Mails tun sollten.<\/p><\/div>\r\n                        \r\n                        \r\n                        \r\n                                            <\/div>\r\n                <\/div>\r\n\r\n                \r\n            <\/div>\r\n        <\/div>\r\n\r\n        \r\n        \r\n        \r\n    <\/section>\r\n\n\n\r\n    <section data-content-type=\"component\" id=\"block-a103376727be1aaa381c8824fece8e8f\" class=\"section section-altblo section-py bg-light-subtle\" data-theme=\"light\">\r\n        <div class=\"container\">\r\n            <div class=\"row align-items-center \">\r\n                                    <div class=\"col-12 order-2 col-md-6 col-lg-5 order-md-1\">\r\n                        <div class=\"d-flex flex-column gap-3 gap-lg-4\">\r\n\r\n                                    <div>\r\n            \r\n                            <h2 class=\"mb-0 h3\">Warum habe ich eine E-Mail vom Renewal-Team von Mailgun erhalten?<\/h2>\r\n                    <\/div>\r\n\r\n\r\n                                                            <div class=\"content-body mb-0 text-body-color\"><p>Hierbei handelt es sich um einen h\u00e4ufigen Phishing-Versuch, der auf Mailgun-Benutzer abzielt. Man spricht von einem Phishing-Versuch, wenn ein b\u00f6swilliger Akteur sich als ein Unternehmen ausgibt, das er oder sie nicht vertritt, um von Ihnen Daten zu erhalten. In diesem Fall geben sich b\u00f6swillige Akteure als Mailgun aus und kontaktieren Sie bez\u00fcglich einer f\u00e4lligen Zahlung. Ihr Ziel ist es, Ihre Mailgun-Anmeldedaten zu erhalten, um Ihr Konto f\u00fcr den Versand von Spam zu nutzen.<\/p><p class=\"\">Diese E-Mails stammen von einem &#8222;Mailgun Renewal-Team&#8220;; es handelt sich dabei aber nicht um eine g\u00fcltige E-Mail-Adresse, die von uns verwendet wird. Angreifer haben Ihre E-Mail-Adresse m\u00f6glicherweise durch das Auslesen \u00f6ffentlicher DNS-Eintr\u00e4ge erhalten, um herauszufinden, welchen ESP Sie verwenden.<\/p><p class=\"mb-0\">In der E-Mail steht m\u00f6glicherweise, dass Ihr Konto gesperrt wurde, um Ihnen Angst einzujagen und Sie dazu zu bewegen, Ihre Anmeldedaten anzugeben. Die Nachricht sieht m\u00f6glicherweise wie das Beispiel rechts aus.<\/p><\/div>\r\n                            \r\n                            \r\n                            \r\n                            \r\n                        <\/div>\r\n                    <\/div>\r\n                                <div class=\"col-12 order-1 col-md-6 col-lg-7 mb-5 mb-md-0 order-md-2 ps-md-7 ps-lg-10 text-md-end\">\r\n\r\n                    <img decoding=\"async\" width=\"512\" height=\"428\" src=\"https:\/\/www.mailgun.com\/wp-content\/uploads\/2025\/07\/Mailgun.webp\" class=\"img-fluid\" alt=\"Bild f\u00fcr Warum habe ich eine E-Mail vom Renewal-Team von Mailgun erhalten?\" sizes=\"(-webkit-min-device-pixel-ratio: 2) and (min-width: 1200px) 648px, (min-resolution: 2dppx) and (min-width: 1200px) 648px, (min-width: 1200px) 1296px, (min-width: 768px) 50vw, 100vw\" srcset=\"https:\/\/www.mailgun.com\/wp-content\/uploads\/2025\/07\/Mailgun.webp 1024w, https:\/\/www.mailgun.com\/wp-content\/uploads\/2025\/07\/Mailgun-300x251.webp 300w, https:\/\/www.mailgun.com\/wp-content\/uploads\/2025\/07\/Mailgun-768x642.webp 768w\" \/>\r\n                <\/div>\r\n            <\/div>\r\n\r\n            \r\n            \r\n            \r\n                    <\/div>\r\n    <\/section>\r\n\r\n\n\n\r\n    <section data-content-type=\"component\" id=\"block-0f3d354049a7e353c1d147e790fc1bbc\" class=\"section section-altblo section-py bg-body\" data-theme=\"light\">\r\n        <div class=\"container\">\r\n            <div class=\"row align-items-center \">\r\n                                    <div class=\"col-12 col-md-9\">\r\n                        <div class=\"d-flex flex-column gap-3 gap-lg-4\">\r\n\r\n                                    <div>\r\n            \r\n                            <h2 class=\"mb-0 h3\">So erkennen Sie einen Phishing-Versuch<\/h2>\r\n                    <\/div>\r\n\r\n\r\n                                                            <div class=\"content-body mb-0 text-body-color\"><p>Halten Sie nach E-Mails Ausschau, die einige der folgenden Kriterien erf\u00fcllen:<\/p><\/div>\r\n                            \r\n                            <ul class=\"list-styled-check m-0 text-body-color\"><li><p>E-Mails, in denen Sie nicht mit Namen angesprochen werden, E-Mails mit fehlerhafter Grammatik oder ohne pers\u00f6nliche Details, die ein rechtm\u00e4\u00dfiger Absender angeben w\u00fcrde.<\/p><\/li><li><p>Nachrichten von Unternehmen, von denen Sie keine E-Mails erwarten oder deren E-Mails Sie nicht abonniert haben.<\/p><\/li><li><p>Sie werden dazu aufgefordert, Dateien oder Nachrichten herunterzuladen.<\/p><\/li><li><p>Sie werden zu einer Landing Page oder Website geleitet, die keine rechtm\u00e4\u00dfige URL aufweist. Links von Mailgun leiten Sie immer direkt zu Mailgun.com.<\/p><\/li><li><p class=\"mb-0\">Wenn Sie sich unsicher sind, <b>klicken Sie nicht auf den Link<\/b>! Besuchen Sie Mailgun direkt, indem Sie <b>www.mailgun.com<\/b> in die Adressleiste des Browsers eingeben.<\/p><\/li><\/ul>\r\n                            \r\n                            \r\n                        <\/div>\r\n                    <\/div>\r\n                                <div class=\"col-12 d-none\">\r\n\r\n                    \r\n                <\/div>\r\n            <\/div>\r\n\r\n            \r\n            \r\n            \r\n                    <\/div>\r\n    <\/section>\r\n\r\n\n\n\r\n    <section data-content-type=\"component\" id=\"block-78d09c88b4b0fc1ef578820493a29f0c\" class=\"section section-altblo section-py bg-light-subtle\" data-theme=\"light\">\r\n        <div class=\"container\">\r\n            <div class=\"row align-items-center \">\r\n                                    <div class=\"col-12 col-md-9\">\r\n                        <div class=\"d-flex flex-column gap-3 gap-lg-4\">\r\n\r\n                                    <div>\r\n            \r\n                            <h2 class=\"mb-0 h3\">Was sollten Sie tun?<\/h2>\r\n                    <\/div>\r\n\r\n\r\n                            \r\n                            <ul class=\"list-styled-check m-0 text-body-color\"><li><p class=\"mb-0\"><span style=\"font-family: inherit; font-size: inherit;\"><b>Nicht klicken<\/b>&nbsp;<\/span>&#8211;&nbsp;<span style=\"font-family: inherit; font-size: inherit;\">Wenn Sie eine verd\u00e4chtige E-Mail erhalten, klicken Sie auf keinen Fall irgendwelche darin enthaltenen Links an!<\/span><\/p><\/li><li><p class=\"mb-0\"><span style=\"font-family: inherit; font-size: inherit;\"><b>E-Mail-Header ermitteln<\/b><\/span><b>&nbsp;&#8211;<\/b><span style=\"font-family: inherit; font-size: inherit;\">Das geht folgenderma\u00dfen: Bei Gmail klicken Sie einfach auf die drei Punkte oben bei der E-Mail, dann auf &#8222;Original anzeigen&#8220;. Von dort k\u00f6nnen Sie dann die E-Mail-Header herauskopieren.<\/span><\/p><\/li><li><p class=\"mb-0\"><span style=\"font-family: inherit; font-size: inherit;\"><b>E-Mail-Header an abuse@mailgun.com weiterleiten<\/b><\/span><b>&nbsp;&#8211;&nbsp;<\/b><span style=\"font-family: inherit; font-size: inherit;\">Leiten Sie die erhaltene E-Mail mit den soeben herauskopierten E-Mail-Headern an abuse@mailgun.com weiter. Wir k\u00fcmmern uns dann darum und ergreifen geeignete Ma\u00dfnahmen.<\/span><\/p><\/li><li><p class=\"mb-0\"><span style=\"font-family: inherit; font-size: inherit;\"><b>E-Mail l\u00f6schen<\/b><\/span><b>&nbsp;&#8211;&nbsp;<\/b><span style=\"font-family: inherit; font-size: inherit;\">L\u00f6schen Sie die E-Mail, die Sie erhalten haben. Sollten Sie weiterhin verd\u00e4chtige E-Mails erhalten, leiten Sie sie bitte ebenfalls mitsamt ihren Headern an uns weiter.<\/span><\/p><\/li><\/ul>\r\n                            \r\n                            \r\n                        <\/div>\r\n                    <\/div>\r\n                                <div class=\"col-12 d-none\">\r\n\r\n                    \r\n                <\/div>\r\n            <\/div>\r\n\r\n            \r\n            \r\n            \r\n                    <\/div>\r\n    <\/section>\r\n\r\n","protected":false},"excerpt":{"rendered":"","protected":false},"author":73,"featured_media":0,"parent":0,"menu_order":0,"comment_status":"closed","ping_status":"closed","template":"","meta":{"_acf_changed":true,"_slug_changed":false,"footnotes":""},"class_list":["post-6305","page","type-page","status-publish","hentry"],"acf":[],"yoast_head":"<!-- This site is optimized with the Yoast SEO plugin v27.0 - https:\/\/yoast.com\/product\/yoast-seo-wordpress\/ -->\n<title>Haben Sie eine E-Mail vom Renewal-Team von Mailgun erhalten? | Mailgun<\/title>\n<meta name=\"description\" content=\"Eine h\u00e4ufige Phishing-Taktik, die auf Mailgun-Benutzer abzielt. Was tun, wenn Sie diese E-Mail erhalten? So k\u00f6nnen Sie helfen, ihre Verbreitung zu verhindern.\" \/>\n<meta name=\"robots\" content=\"index, follow, max-snippet:-1, max-image-preview:large, max-video-preview:-1\" \/>\n<link rel=\"canonical\" href=\"https:\/\/www.mailgun.com\/de\/mailgun-renewal-team\/\" \/>\n<meta property=\"og:locale\" content=\"de_DE\" \/>\n<meta property=\"og:type\" content=\"article\" \/>\n<meta property=\"og:title\" content=\"Haben Sie eine E-Mail vom Renewal-Team von Mailgun erhalten? | Mailgun\" \/>\n<meta property=\"og:description\" content=\"Eine h\u00e4ufige Phishing-Taktik, die auf Mailgun-Benutzer abzielt. Was tun, wenn Sie diese E-Mail erhalten? So k\u00f6nnen Sie helfen, ihre Verbreitung zu verhindern.\" \/>\n<meta property=\"og:url\" content=\"https:\/\/www.mailgun.com\/de\/mailgun-renewal-team\/\" \/>\n<meta property=\"og:site_name\" content=\"Transactional Email API Service For Developers | Mailgun\" \/>\n<meta property=\"article:modified_time\" content=\"2025-07-16T08:50:14+00:00\" \/>\n<meta name=\"twitter:card\" content=\"summary_large_image\" \/>\n<script type=\"application\/ld+json\" class=\"yoast-schema-graph\">{\"@context\":\"https:\/\/schema.org\",\"@graph\":[{\"@type\":\"WebPage\",\"@id\":\"https:\/\/www.mailgun.com\/de\/mailgun-renewal-team\/\",\"url\":\"https:\/\/www.mailgun.com\/de\/mailgun-renewal-team\/\",\"name\":\"Haben Sie eine E-Mail vom Renewal-Team von Mailgun erhalten? | Mailgun\",\"isPartOf\":{\"@id\":\"https:\/\/www.mailgun.com\/de\/#website\"},\"datePublished\":\"2025-07-16T08:35:19+00:00\",\"dateModified\":\"2025-07-16T08:50:14+00:00\",\"description\":\"Eine h\u00e4ufige Phishing-Taktik, die auf Mailgun-Benutzer abzielt. Was tun, wenn Sie diese E-Mail erhalten? So k\u00f6nnen Sie helfen, ihre Verbreitung zu verhindern.\",\"breadcrumb\":{\"@id\":\"https:\/\/www.mailgun.com\/de\/mailgun-renewal-team\/#breadcrumb\"},\"inLanguage\":\"de\",\"potentialAction\":[{\"@type\":\"ReadAction\",\"target\":[\"https:\/\/www.mailgun.com\/de\/mailgun-renewal-team\/\"]}]},{\"@type\":\"BreadcrumbList\",\"@id\":\"https:\/\/www.mailgun.com\/de\/mailgun-renewal-team\/#breadcrumb\",\"itemListElement\":[{\"@type\":\"ListItem\",\"position\":1,\"name\":\"Home\",\"item\":\"https:\/\/www.mailgun.com\/de\/\"},{\"@type\":\"ListItem\",\"position\":2,\"name\":\"Mailgun Renewal Team\"}]},{\"@type\":\"WebSite\",\"@id\":\"https:\/\/www.mailgun.com\/de\/#website\",\"url\":\"https:\/\/www.mailgun.com\/de\/\",\"name\":\"Transactional Email API Service For Developers | Mailgun\",\"description\":\"Powerful Transactional Email APIs that enable you to send, receive, and track emails, built with developers in mind. Learn more today!\",\"publisher\":{\"@id\":\"https:\/\/www.mailgun.com\/de\/#organization\"},\"potentialAction\":[{\"@type\":\"SearchAction\",\"target\":{\"@type\":\"EntryPoint\",\"urlTemplate\":\"https:\/\/www.mailgun.com\/de\/?s={search_term_string}\"},\"query-input\":{\"@type\":\"PropertyValueSpecification\",\"valueRequired\":true,\"valueName\":\"search_term_string\"}}],\"inLanguage\":\"de\"},{\"@type\":\"Organization\",\"@id\":\"https:\/\/www.mailgun.com\/de\/#organization\",\"name\":\"Transactional Email API Service For Developers | Mailgun\",\"url\":\"https:\/\/www.mailgun.com\/de\/\",\"logo\":{\"@type\":\"ImageObject\",\"inLanguage\":\"de\",\"@id\":\"https:\/\/www.mailgun.com\/de\/#\/schema\/logo\/image\/\",\"url\":\"https:\/\/www.mailgun.com\/wp-content\/uploads\/2025\/06\/cropped-android-chrome-512x512-1.png\",\"contentUrl\":\"https:\/\/www.mailgun.com\/wp-content\/uploads\/2025\/06\/cropped-android-chrome-512x512-1.png\",\"width\":512,\"height\":512,\"caption\":\"Transactional Email API Service For Developers | Mailgun\"},\"image\":{\"@id\":\"https:\/\/www.mailgun.com\/de\/#\/schema\/logo\/image\/\"}}]}<\/script>\n<!-- \/ Yoast SEO plugin. -->","yoast_head_json":{"title":"Haben Sie eine E-Mail vom Renewal-Team von Mailgun erhalten? | Mailgun","description":"Eine h\u00e4ufige Phishing-Taktik, die auf Mailgun-Benutzer abzielt. Was tun, wenn Sie diese E-Mail erhalten? So k\u00f6nnen Sie helfen, ihre Verbreitung zu verhindern.","robots":{"index":"index","follow":"follow","max-snippet":"max-snippet:-1","max-image-preview":"max-image-preview:large","max-video-preview":"max-video-preview:-1"},"canonical":"https:\/\/www.mailgun.com\/de\/mailgun-renewal-team\/","og_locale":"de_DE","og_type":"article","og_title":"Haben Sie eine E-Mail vom Renewal-Team von Mailgun erhalten? | Mailgun","og_description":"Eine h\u00e4ufige Phishing-Taktik, die auf Mailgun-Benutzer abzielt. Was tun, wenn Sie diese E-Mail erhalten? So k\u00f6nnen Sie helfen, ihre Verbreitung zu verhindern.","og_url":"https:\/\/www.mailgun.com\/de\/mailgun-renewal-team\/","og_site_name":"Transactional Email API Service For Developers | Mailgun","article_modified_time":"2025-07-16T08:50:14+00:00","twitter_card":"summary_large_image","schema":{"@context":"https:\/\/schema.org","@graph":[{"@type":"WebPage","@id":"https:\/\/www.mailgun.com\/de\/mailgun-renewal-team\/","url":"https:\/\/www.mailgun.com\/de\/mailgun-renewal-team\/","name":"Haben Sie eine E-Mail vom Renewal-Team von Mailgun erhalten? | Mailgun","isPartOf":{"@id":"https:\/\/www.mailgun.com\/de\/#website"},"datePublished":"2025-07-16T08:35:19+00:00","dateModified":"2025-07-16T08:50:14+00:00","description":"Eine h\u00e4ufige Phishing-Taktik, die auf Mailgun-Benutzer abzielt. Was tun, wenn Sie diese E-Mail erhalten? So k\u00f6nnen Sie helfen, ihre Verbreitung zu verhindern.","breadcrumb":{"@id":"https:\/\/www.mailgun.com\/de\/mailgun-renewal-team\/#breadcrumb"},"inLanguage":"de","potentialAction":[{"@type":"ReadAction","target":["https:\/\/www.mailgun.com\/de\/mailgun-renewal-team\/"]}]},{"@type":"BreadcrumbList","@id":"https:\/\/www.mailgun.com\/de\/mailgun-renewal-team\/#breadcrumb","itemListElement":[{"@type":"ListItem","position":1,"name":"Home","item":"https:\/\/www.mailgun.com\/de\/"},{"@type":"ListItem","position":2,"name":"Mailgun Renewal Team"}]},{"@type":"WebSite","@id":"https:\/\/www.mailgun.com\/de\/#website","url":"https:\/\/www.mailgun.com\/de\/","name":"Transactional Email API Service For Developers | Mailgun","description":"Powerful Transactional Email APIs that enable you to send, receive, and track emails, built with developers in mind. Learn more today!","publisher":{"@id":"https:\/\/www.mailgun.com\/de\/#organization"},"potentialAction":[{"@type":"SearchAction","target":{"@type":"EntryPoint","urlTemplate":"https:\/\/www.mailgun.com\/de\/?s={search_term_string}"},"query-input":{"@type":"PropertyValueSpecification","valueRequired":true,"valueName":"search_term_string"}}],"inLanguage":"de"},{"@type":"Organization","@id":"https:\/\/www.mailgun.com\/de\/#organization","name":"Transactional Email API Service For Developers | Mailgun","url":"https:\/\/www.mailgun.com\/de\/","logo":{"@type":"ImageObject","inLanguage":"de","@id":"https:\/\/www.mailgun.com\/de\/#\/schema\/logo\/image\/","url":"https:\/\/www.mailgun.com\/wp-content\/uploads\/2025\/06\/cropped-android-chrome-512x512-1.png","contentUrl":"https:\/\/www.mailgun.com\/wp-content\/uploads\/2025\/06\/cropped-android-chrome-512x512-1.png","width":512,"height":512,"caption":"Transactional Email API Service For Developers | Mailgun"},"image":{"@id":"https:\/\/www.mailgun.com\/de\/#\/schema\/logo\/image\/"}}]}},"_links":{"self":[{"href":"https:\/\/www.mailgun.com\/de\/wp-json\/wp\/v2\/pages\/6305","targetHints":{"allow":["GET"]}}],"collection":[{"href":"https:\/\/www.mailgun.com\/de\/wp-json\/wp\/v2\/pages"}],"about":[{"href":"https:\/\/www.mailgun.com\/de\/wp-json\/wp\/v2\/types\/page"}],"author":[{"embeddable":true,"href":"https:\/\/www.mailgun.com\/de\/wp-json\/wp\/v2\/users\/73"}],"replies":[{"embeddable":true,"href":"https:\/\/www.mailgun.com\/de\/wp-json\/wp\/v2\/comments?post=6305"}],"version-history":[{"count":0,"href":"https:\/\/www.mailgun.com\/de\/wp-json\/wp\/v2\/pages\/6305\/revisions"}],"wp:attachment":[{"href":"https:\/\/www.mailgun.com\/de\/wp-json\/wp\/v2\/media?parent=6305"}],"curies":[{"name":"wp","href":"https:\/\/api.w.org\/{rel}","templated":true}]}}