{"id":6328,"date":"2025-07-16T09:13:02","date_gmt":"2025-07-16T09:13:02","guid":{"rendered":"https:\/\/mgcomdev.wpenginepowered.com\/email-validierung\/email-verifier\/"},"modified":"2025-07-23T23:00:55","modified_gmt":"2025-07-23T23:00:55","slug":"email-validierungstool","status":"publish","type":"page","link":"https:\/\/www.mailgun.com\/de\/email-validierung\/email-validierungstool\/","title":{"rendered":"Boost your deliverability with Mailgun\u2019s email validation"},"content":{"rendered":"\r\n    <section data-content-type=\"component\" class=\"header-block section-py bg-light-subtle\" data-theme=\"dark\">\r\n        <div class=\"container header-block-container\">\r\n\r\n            \r\n            <div class=\"row align-items-center\">\r\n                <div class=\"col-12 col-lg-9\">\r\n                    <div class=\"d-flex flex-column gap-3 gap-md-4\">\r\n                        <div>\r\n                                                            <p class=\"text-uppercase section-caption text-body-color\">Ein einfaches Tool f\u00fcr Marketer und Entwickler<\/p>\r\n                            \r\n                            <h1 class=\"text-accent m-0 p-0 h2\">\r\n                                Optimierte E-Mail-Zustellbarkeit dank dem E-Mail-Validierungsdienst von Mailgun                            <\/h1>\r\n                        <\/div>\r\n\r\n                                                    <div class=\"content-body mb-0 text-body-color\"><p>Sie haben eine riesige Kontaktliste, die Sie bereits seit Jahren nutzen. Aber wissen Sie, woher diese E-Mail-Adressen stammen? Haben sie jemals einen E-Mail-Validierungsprozess durchlaufen?<\/p><p>Schluss mit dem R\u00e4tselraten beim E-Mail-Versand! Versenden Sie Ihre E-Mail-Marketingkampagnen an Empf\u00e4nger, die damit tats\u00e4chlich interagieren. Machen Sie sich keine Sorgen mehr \u00fcber Ihre Zustellbarkeit und konzentrieren Sie sich auf das wirklich Wichtige: tolle E-Mails zu versenden.<\/p><\/div>\r\n                        \r\n                        \r\n                        \r\n                                                    <div class=\"btn-group g-3 mt-0 row\">\r\n                                \r\n        <div class=\"col-auto\">\r\n        <a href=\"https:\/\/signup.mailgun.com\/new\/signup\"  class=\"btn btn-secondary btn-lg btn-animated\" >Jetzt kostenlos loslegen<\/a>\r\n        <\/div>\r\n                                    <\/div>\r\n\r\n                                                                        <\/div>\r\n                <\/div>\r\n\r\n                \r\n            <\/div>\r\n        <\/div>\r\n\r\n        \r\n        \r\n        \r\n    <\/section>\r\n\n\n\r\n    <section data-content-type=\"component\" id=\"block-912992091e2326a6c0ca320501acda83\" class=\"section section-altblo section-py bg-light-subtle\" data-theme=\"light\">\r\n        <div class=\"container\">\r\n            <div class=\"row align-items-center \">\r\n                                    <div class=\"col-12 col-md-9\">\r\n                        <div class=\"d-flex flex-column gap-3 gap-lg-4\">\r\n\r\n                                    <div>\r\n            \r\n                            <h2 class=\"mb-0 h4\">Warum sollten Sie einen Validierungsdienst zur \u00dcberpr\u00fcfung von E-Mail-Adressen verwenden?<\/h2>\r\n                    <\/div>\r\n\r\n\r\n                                                            <div class=\"content-body mb-0 text-body-color\"><p>Falls Ihr Kerngesch\u00e4ft darin besteht, Ihren Kunden einen zuverl\u00e4ssigen Marketingdienst zu bieten, k\u00f6nnen Sie es sich nicht leisten, Zeit und Geld auf Kontakte zu verschwenden, die nicht existieren. Ein Tool zur E-Mail-Adressvalidierung spart Ihnen und Ihrem Entwicklerteam kostbare Zeit, sodass Sie sich darauf konzentrieren k\u00f6nnen, E-Mails an die richtigen Menschen zu versenden. Anstatt die perfekten regul\u00e4ren Ausdr\u00fccke zur E-Mail-Validierung zu erstellen, \u00fcberpr\u00fcft ein E-Mail-Pr\u00fcftool die in Ihren Webformularen eingegebenen Adressen und h\u00e4lt schlechte Adressen von Ihrer E-Mail-Liste fern.<\/p><\/div>\r\n                            \r\n                            \r\n                            \r\n                            \r\n                        <\/div>\r\n                    <\/div>\r\n                                <div class=\"col-12 d-none\">\r\n\r\n                    \r\n                <\/div>\r\n            <\/div>\r\n\r\n            \r\n            \r\n            \r\n                    <\/div>\r\n    <\/section>\r\n\r\n\n\n\r\n    <section data-content-type=\"component\" id=\"block-d64ff95bdbd12bee01950590cc77cdf0\" class=\"section section-altblo section-py bg-body\" data-theme=\"light\">\r\n        <div class=\"container\">\r\n            <div class=\"row align-items-center \">\r\n                                    <div class=\"col-12 col-md-9\">\r\n                        <div class=\"d-flex flex-column gap-3 gap-lg-4\">\r\n\r\n                                    <div>\r\n            \r\n                            <h2 class=\"mb-0 h3\">Vier Elemente f\u00fcr eine einwandfreie Absender-Reputation<\/h2>\r\n                    <\/div>\r\n\r\n\r\n                                                            <div class=\"content-body mb-0 text-body-color\"><p>Schlechte E-Mail-Adressen kommen vor. Ein Tool zur Massenpr\u00fcfung von E-Mail-Adressen kann da helfen. Als E-Mail-Marketer \u00fcberpr\u00fcfen Sie wahrscheinlich ohnehin schon Metriken wie \u00d6ffnungs-, Klick- und Konversionsraten. Doch es ist Ihre Absender-Reputation, die sicherstellt, dass Ihre Empf\u00e4nger Ihre E-Mails auch tats\u00e4chlich erhalten, die Sie sorgf\u00e4ltig und mit viel Aufwand erstellt, designt und optimiert haben. Mailgun unterst\u00fctzt Sie dabei, die folgenden vier Aspekte der Absender-Reputation anzugehen:<\/p><\/div>\r\n                            \r\n                            <ul class=\"list-styled-check m-0 text-body-color\"><li><p><b>Qualit\u00e4t der E-Mail-Adressen:<\/b> 24 % Ihrer E-Mail-Liste wird jedes Jahr unbrauchbar. Wie oft \u00fcberpr\u00fcfen Sie Ihre Liste auf ung\u00fcltige E-Mail-Adressen, Tipp-, Syntax- und Grammatikfehler? Die meisten E-Mail-Adressen verursachen Hard Bounces, weil etwa &#8222;gmial.com&#8220; f\u00fcr Gmail und &#8222;yaho.com&#8220; f\u00fcr Yahoo eingegeben wurde. F\u00fchren Sie eine automatische \u00dcberpr\u00fcfung auf Fehler durch, bevor sie es auf Ihre E-Mail-Liste schaffen, und suchen Sie regelm\u00e4\u00dfig nach ung\u00fcltigen oder veralteten E-Mail-Adressen.<\/p><\/li><li><p><b>Interaktionsrate:<\/b> Versenden Sie die richtigen Inhalte an Ihre Abonnenten? Sobald Kontakte inaktiv werden (d. h. sie antworten nie auf Ihre E-Mails, klicken nicht auf enthaltene Links oder \u00f6ffnen sie nicht einmal), ist es an der Zeit, sie gehen zu lassen, oder eine bessere Segmentierung in Betracht zu ziehen, anstatt alle Ihre E-Mails an alle Kontakte auf Ihrer Liste zu senden.<\/p><\/li><li><p><b>Anzahl der versendeten E-Mails:<\/b> Zu oft oder zu h\u00e4ufig E-Mails an die gleiche Zielgruppe zu versenden ist erm\u00fcdend und beeintr\u00e4chtigt dar\u00fcber hinaus Ihre Zustellbarkeit. E-Mail-Anbieter schauen sich das Sendevolumen im Vergleich zu Ihren Abmeldungen, Spambeschwerden und mehr an. Daher ist ein E-Mail-Validierungstool, das ung\u00fcltige E-Mails auffinden kann, umso wichtiger.<\/p><\/li><li><p><b>Spambeschwerden:<\/b> Die gr\u00f6\u00dfte Angst eines Marketers ist, auf einer Blockliste zu landen. Falls eine Ihrer E-Mails von einem Abonnenten als Spam markiert wird, sollten Sie diesen so schnell wie m\u00f6glich von Ihrer Liste entfernen. Zwar ist es w\u00fcnschenswert, dass Abonnenten, wenn sie keine E-Mails mehr erhalten m\u00f6chten, sich einfach von Ihrer Liste abmelden, doch der Spam-Button ist in praktischer Reichweite. Daher sollten Sie vor jedem Kampagnenversand eine \u00dcberpr\u00fcfung starten.<\/p><\/li><\/ul>\r\n                            \r\n                            \r\n                        <\/div>\r\n                    <\/div>\r\n                                <div class=\"col-12 d-none\">\r\n\r\n                    \r\n                <\/div>\r\n            <\/div>\r\n\r\n            \r\n            \r\n            \r\n                    <\/div>\r\n    <\/section>\r\n\r\n\n\n\r\n    <section data-content-type=\"component\" id=\"block-07b2ce0ed1e463ff5df299bfc69a8683\" class=\"section section-altblo section-py bg-light-subtle\" data-theme=\"light\">\r\n        <div class=\"container\">\r\n            <div class=\"row align-items-center \">\r\n                                    <div class=\"col-12 col-md-9\">\r\n                        <div class=\"d-flex flex-column gap-3 gap-lg-4\">\r\n\r\n                                    <div>\r\n            \r\n                            <h2 class=\"mb-0 h3\">Eine blitzsaubere E-Mail-Liste in drei einfachen Schritten<\/h2>\r\n                    <\/div>\r\n\r\n\r\n                                                            <div class=\"content-body mb-0 text-body-color\"><p>E-Mail-Service-Provider (ESPs) wie Mailgun unterst\u00fctzen Sie dabei, bessere Entscheidungen zu treffen und die Listenpflege einfach zu gestalten. Mit unserer E-Mail-Validierungs-API k\u00f6nnen Sie ein E-Mail-Adresspr\u00fcftool in Ihre bestehenden Apps und Webseiten integrieren. Mailguns firmeneigener Algorithmus bietet Ihnen die folgenden Leistungen:<\/p><p class=\"mb-0\">Beginnen Sie Ihre Validierung mit einem kostenlosen Account oder nutzen Sie ein erschwingliches E-Mail-Validierungstool, um E-Mail-Adressen auf Warnsignale zu \u00fcberpr\u00fcfen. Identifizieren und eliminieren Sie Wegwerfadressen, rollenbasierte Adressen und noch mehr mit Mailgun. So m\u00fcssen Sie sich keine Sorgen mehr dar\u00fcber machen.<\/p><\/div>\r\n                            \r\n                            <ul class=\"list-styled-check m-0 text-body-color\"><li><p>Nach einem SMTP-Aufruf wird \u00fcberpr\u00fcft, ob das Postfach existiert, bevor Sie dorthin eine E-Mail versenden. Der E-Mail-Server wird angepingt, die MX-Eintr\u00e4ge gepr\u00fcft, der Domainname bewertet und das Postfach in Echtzeit validiert, damit Sie genaue Ergebnisse erhalten und Ihre Nachrichten nur an tats\u00e4chliche Kontakte versenden.<\/p><\/li><li><p>Bauen Sie neue Listen auf und pflegen Sie Ihre bestehende Kontaktliste mittels E-Mail-Listenvalidierung, damit jede neu hinzugef\u00fcgt E-Mail-Adresse auch g\u00fcltig ist.<\/p><\/li><li><p>Ihre Bouncerate wird niedrig gehalten, denn es wird \u00fcberpr\u00fcft, ob Adressen inzwischen inaktiv oder unzustellbar sind oder Sie in eine Spamfalle getappt sind.<\/p><\/li><\/ul>\r\n                            \r\n                            \r\n                        <\/div>\r\n                    <\/div>\r\n                                <div class=\"col-12 d-none\">\r\n\r\n                    \r\n                <\/div>\r\n            <\/div>\r\n\r\n            \r\n            \r\n            \r\n                    <\/div>\r\n    <\/section>\r\n\r\n","protected":false},"excerpt":{"rendered":"","protected":false},"author":73,"featured_media":0,"parent":6315,"menu_order":0,"comment_status":"closed","ping_status":"closed","template":"","meta":{"_acf_changed":true,"_slug_changed":false,"footnotes":""},"class_list":["post-6328","page","type-page","status-publish","hentry"],"acf":[],"yoast_head":"<!-- This site is optimized with the Yoast SEO plugin v27.5 - https:\/\/yoast.com\/product\/yoast-seo-wordpress\/ -->\n<title>E-Mail-Adressvalidierung \u2013 Ein einfaches Tool von Mailgun | Mailgun<\/title>\n<meta name=\"description\" content=\"Ein einfaches E-Mail-Validierungstool f\u00fcr E-Mail-Marketer und Entwickler. Schluss mit dem R\u00e4tselraten beim E-Mail-Versand.\" \/>\n<meta name=\"robots\" content=\"index, follow, max-snippet:-1, max-image-preview:large, max-video-preview:-1\" \/>\n<link rel=\"canonical\" href=\"https:\/\/www.mailgun.com\/de\/email-validierung\/email-validierungstool\/\" \/>\n<meta property=\"og:locale\" content=\"de_DE\" \/>\n<meta property=\"og:type\" content=\"article\" \/>\n<meta property=\"og:title\" content=\"E-Mail-Adressvalidierung \u2013 Ein einfaches Tool von Mailgun | Mailgun\" \/>\n<meta property=\"og:description\" content=\"Ein einfaches E-Mail-Validierungstool f\u00fcr E-Mail-Marketer und Entwickler. Schluss mit dem R\u00e4tselraten beim E-Mail-Versand.\" \/>\n<meta property=\"og:url\" content=\"https:\/\/www.mailgun.com\/de\/email-validierung\/email-validierungstool\/\" \/>\n<meta property=\"og:site_name\" content=\"Transactional Email API Service For Developers | Mailgun\" \/>\n<meta property=\"article:modified_time\" content=\"2025-07-23T23:00:55+00:00\" \/>\n<meta name=\"twitter:card\" content=\"summary_large_image\" \/>\n<script type=\"application\/ld+json\" class=\"yoast-schema-graph\">{\"@context\":\"https:\\\/\\\/schema.org\",\"@graph\":[{\"@type\":\"WebPage\",\"@id\":\"https:\\\/\\\/www.mailgun.com\\\/de\\\/email-validierung\\\/email-validierungstool\\\/\",\"url\":\"https:\\\/\\\/www.mailgun.com\\\/de\\\/email-validierung\\\/email-validierungstool\\\/\",\"name\":\"E-Mail-Adressvalidierung \u2013 Ein einfaches Tool von Mailgun | Mailgun\",\"isPartOf\":{\"@id\":\"https:\\\/\\\/www.mailgun.com\\\/de\\\/#website\"},\"datePublished\":\"2025-07-16T09:13:02+00:00\",\"dateModified\":\"2025-07-23T23:00:55+00:00\",\"description\":\"Ein einfaches E-Mail-Validierungstool f\u00fcr E-Mail-Marketer und Entwickler. Schluss mit dem R\u00e4tselraten beim E-Mail-Versand.\",\"breadcrumb\":{\"@id\":\"https:\\\/\\\/www.mailgun.com\\\/de\\\/email-validierung\\\/email-validierungstool\\\/#breadcrumb\"},\"inLanguage\":\"de\",\"potentialAction\":[{\"@type\":\"ReadAction\",\"target\":[\"https:\\\/\\\/www.mailgun.com\\\/de\\\/email-validierung\\\/email-validierungstool\\\/\"]}]},{\"@type\":\"BreadcrumbList\",\"@id\":\"https:\\\/\\\/www.mailgun.com\\\/de\\\/email-validierung\\\/email-validierungstool\\\/#breadcrumb\",\"itemListElement\":[{\"@type\":\"ListItem\",\"position\":1,\"name\":\"Home\",\"item\":\"https:\\\/\\\/www.mailgun.com\\\/de\\\/\"},{\"@type\":\"ListItem\",\"position\":2,\"name\":\"Email-validierung\",\"item\":\"https:\\\/\\\/www.mailgun.com\\\/de\\\/?page_id=6315\"},{\"@type\":\"ListItem\",\"position\":3,\"name\":\"Boost your deliverability with Mailgun\u2019s email validation\"}]},{\"@type\":\"WebSite\",\"@id\":\"https:\\\/\\\/www.mailgun.com\\\/de\\\/#website\",\"url\":\"https:\\\/\\\/www.mailgun.com\\\/de\\\/\",\"name\":\"Transactional Email API Service For Developers | Mailgun\",\"description\":\"Powerful Transactional Email APIs that enable you to send, receive, and track emails, built with developers in mind. Learn more today!\",\"publisher\":{\"@id\":\"https:\\\/\\\/www.mailgun.com\\\/de\\\/#organization\"},\"potentialAction\":[{\"@type\":\"SearchAction\",\"target\":{\"@type\":\"EntryPoint\",\"urlTemplate\":\"https:\\\/\\\/www.mailgun.com\\\/de\\\/?s={search_term_string}\"},\"query-input\":{\"@type\":\"PropertyValueSpecification\",\"valueRequired\":true,\"valueName\":\"search_term_string\"}}],\"inLanguage\":\"de\"},{\"@type\":\"Organization\",\"@id\":\"https:\\\/\\\/www.mailgun.com\\\/de\\\/#organization\",\"name\":\"Transactional Email API Service For Developers | Mailgun\",\"url\":\"https:\\\/\\\/www.mailgun.com\\\/de\\\/\",\"logo\":{\"@type\":\"ImageObject\",\"inLanguage\":\"de\",\"@id\":\"https:\\\/\\\/www.mailgun.com\\\/de\\\/#\\\/schema\\\/logo\\\/image\\\/\",\"url\":\"https:\\\/\\\/www.mailgun.com\\\/wp-content\\\/uploads\\\/2025\\\/06\\\/cropped-android-chrome-512x512-1.png\",\"contentUrl\":\"https:\\\/\\\/www.mailgun.com\\\/wp-content\\\/uploads\\\/2025\\\/06\\\/cropped-android-chrome-512x512-1.png\",\"width\":512,\"height\":512,\"caption\":\"Transactional Email API Service For Developers | Mailgun\"},\"image\":{\"@id\":\"https:\\\/\\\/www.mailgun.com\\\/de\\\/#\\\/schema\\\/logo\\\/image\\\/\"}}]}<\/script>\n<!-- \/ Yoast SEO plugin. -->","yoast_head_json":{"title":"E-Mail-Adressvalidierung \u2013 Ein einfaches Tool von Mailgun | Mailgun","description":"Ein einfaches E-Mail-Validierungstool f\u00fcr E-Mail-Marketer und Entwickler. Schluss mit dem R\u00e4tselraten beim E-Mail-Versand.","robots":{"index":"index","follow":"follow","max-snippet":"max-snippet:-1","max-image-preview":"max-image-preview:large","max-video-preview":"max-video-preview:-1"},"canonical":"https:\/\/www.mailgun.com\/de\/email-validierung\/email-validierungstool\/","og_locale":"de_DE","og_type":"article","og_title":"E-Mail-Adressvalidierung \u2013 Ein einfaches Tool von Mailgun | Mailgun","og_description":"Ein einfaches E-Mail-Validierungstool f\u00fcr E-Mail-Marketer und Entwickler. Schluss mit dem R\u00e4tselraten beim E-Mail-Versand.","og_url":"https:\/\/www.mailgun.com\/de\/email-validierung\/email-validierungstool\/","og_site_name":"Transactional Email API Service For Developers | Mailgun","article_modified_time":"2025-07-23T23:00:55+00:00","twitter_card":"summary_large_image","schema":{"@context":"https:\/\/schema.org","@graph":[{"@type":"WebPage","@id":"https:\/\/www.mailgun.com\/de\/email-validierung\/email-validierungstool\/","url":"https:\/\/www.mailgun.com\/de\/email-validierung\/email-validierungstool\/","name":"E-Mail-Adressvalidierung \u2013 Ein einfaches Tool von Mailgun | Mailgun","isPartOf":{"@id":"https:\/\/www.mailgun.com\/de\/#website"},"datePublished":"2025-07-16T09:13:02+00:00","dateModified":"2025-07-23T23:00:55+00:00","description":"Ein einfaches E-Mail-Validierungstool f\u00fcr E-Mail-Marketer und Entwickler. Schluss mit dem R\u00e4tselraten beim E-Mail-Versand.","breadcrumb":{"@id":"https:\/\/www.mailgun.com\/de\/email-validierung\/email-validierungstool\/#breadcrumb"},"inLanguage":"de","potentialAction":[{"@type":"ReadAction","target":["https:\/\/www.mailgun.com\/de\/email-validierung\/email-validierungstool\/"]}]},{"@type":"BreadcrumbList","@id":"https:\/\/www.mailgun.com\/de\/email-validierung\/email-validierungstool\/#breadcrumb","itemListElement":[{"@type":"ListItem","position":1,"name":"Home","item":"https:\/\/www.mailgun.com\/de\/"},{"@type":"ListItem","position":2,"name":"Email-validierung","item":"https:\/\/www.mailgun.com\/de\/?page_id=6315"},{"@type":"ListItem","position":3,"name":"Boost your deliverability with Mailgun\u2019s email validation"}]},{"@type":"WebSite","@id":"https:\/\/www.mailgun.com\/de\/#website","url":"https:\/\/www.mailgun.com\/de\/","name":"Transactional Email API Service For Developers | Mailgun","description":"Powerful Transactional Email APIs that enable you to send, receive, and track emails, built with developers in mind. Learn more today!","publisher":{"@id":"https:\/\/www.mailgun.com\/de\/#organization"},"potentialAction":[{"@type":"SearchAction","target":{"@type":"EntryPoint","urlTemplate":"https:\/\/www.mailgun.com\/de\/?s={search_term_string}"},"query-input":{"@type":"PropertyValueSpecification","valueRequired":true,"valueName":"search_term_string"}}],"inLanguage":"de"},{"@type":"Organization","@id":"https:\/\/www.mailgun.com\/de\/#organization","name":"Transactional Email API Service For Developers | Mailgun","url":"https:\/\/www.mailgun.com\/de\/","logo":{"@type":"ImageObject","inLanguage":"de","@id":"https:\/\/www.mailgun.com\/de\/#\/schema\/logo\/image\/","url":"https:\/\/www.mailgun.com\/wp-content\/uploads\/2025\/06\/cropped-android-chrome-512x512-1.png","contentUrl":"https:\/\/www.mailgun.com\/wp-content\/uploads\/2025\/06\/cropped-android-chrome-512x512-1.png","width":512,"height":512,"caption":"Transactional Email API Service For Developers | Mailgun"},"image":{"@id":"https:\/\/www.mailgun.com\/de\/#\/schema\/logo\/image\/"}}]}},"_links":{"self":[{"href":"https:\/\/www.mailgun.com\/de\/wp-json\/wp\/v2\/pages\/6328","targetHints":{"allow":["GET"]}}],"collection":[{"href":"https:\/\/www.mailgun.com\/de\/wp-json\/wp\/v2\/pages"}],"about":[{"href":"https:\/\/www.mailgun.com\/de\/wp-json\/wp\/v2\/types\/page"}],"author":[{"embeddable":true,"href":"https:\/\/www.mailgun.com\/de\/wp-json\/wp\/v2\/users\/73"}],"replies":[{"embeddable":true,"href":"https:\/\/www.mailgun.com\/de\/wp-json\/wp\/v2\/comments?post=6328"}],"version-history":[{"count":0,"href":"https:\/\/www.mailgun.com\/de\/wp-json\/wp\/v2\/pages\/6328\/revisions"}],"up":[{"embeddable":true,"href":"https:\/\/www.mailgun.com\/de\/wp-json\/wp\/v2\/pages\/6315"}],"wp:attachment":[{"href":"https:\/\/www.mailgun.com\/de\/wp-json\/wp\/v2\/media?parent=6328"}],"curies":[{"name":"wp","href":"https:\/\/api.w.org\/{rel}","templated":true}]}}