{"id":6371,"date":"2025-07-16T11:32:42","date_gmt":"2025-07-16T11:32:42","guid":{"rendered":"https:\/\/mgcomdev.wpenginepowered.com\/security-privacy\/"},"modified":"2025-07-16T11:44:02","modified_gmt":"2025-07-16T11:44:02","slug":"sicherheit-datenschutz","status":"publish","type":"page","link":"https:\/\/www.mailgun.com\/de\/sicherheit-datenschutz\/","title":{"rendered":"Sicherheit &amp; Datenschutz"},"content":{"rendered":"\n<p>Mailgun muss die folgenden technischen und organisatorischen Ma\u00dfnahmen in Bezug auf die Sicherheit jeder Kundenkonfiguration aufrechterhalten und umsetzen.<\/p>\n\n\n\n<h2 class=\"wp-block-heading\">1. Verwaltungskontrollen<\/h2>\n\n\n\n<p><strong>1.1 Hintergrund\u00fcberpr\u00fcfung<\/strong>:&nbsp;Vor einer Einstellung f\u00fchrt Mailgun einen Hintergrundcheck aller Mitarbeiter durch, die Zugriff auf Kundenkonten haben, und verpflichtet sich zur Beaufsichtigung, Schulung und F\u00fchrung dieser Mitarbeiter.<\/p>\n\n\n\n<p><strong>1.2 Zugriff auf Mailgun<\/strong>:&nbsp;Mailgun beschr\u00e4nkt die Verwendung administrativer Zugangscodes f\u00fcr Kundenkonten auf seine Mitarbeiter und sonstige Beauftragte, die diese Zugangscodes f\u00fcr die Bereitstellung der Dienste ben\u00f6tigen. Solche Mitarbeiter m\u00fcssen sich mit einem zugeteilten Benutzernamen und Passwort anmelden.<\/p>\n\n\n\n<p><strong>1.3 Kundenzugang<\/strong>:&nbsp;Als prim\u00e4rer Administrator der Anwendung sind Sie selbst f\u00fcr die Verwaltung Ihrer Konten, einschlie\u00dflich deren Erstellung, \u00c4nderungsverwaltung und K\u00fcndigung verantwortlich.<\/p>\n\n\n\n<h2 class=\"wp-block-heading\">2. Meldung und Reaktion auf Sicherheitsverletzungen<\/h2>\n\n\n\n<p>Sollten wir Kenntnis einer wesentlichen Verletzung der Sicherheit Ihrer Kundenkonfiguration erlangen, durch die es zu einem nicht autorisierten Zugang zu Ihren Kundendaten kommt, der deren Zerst\u00f6rung, Verlust, nicht-autorisierte Offenlegung oder \u00c4nderung zur Folge hat, werden Sie von Mailgun so schnell wie m\u00f6glich schriftlich und gem\u00e4\u00df geltender gesetzlicher Bestimmungen hier\u00fcber informiert. Auf Anfrage lassen wir Ihnen umgehend s\u00e4mtliche relevanten Daten und Unterlagen zukommen, die uns \u00fcber Ihre Kundenkonfiguration in Zusammenhang mit einem solchen Fall vorliegen.<\/p>\n\n\n\n<h2 class=\"wp-block-heading\">3. R\u00fcckgabe von Kundendaten<\/h2>\n\n\n\n<p>Die Dienste erm\u00f6glichen Ihnen den Abruf, die Korrektur oder L\u00f6schung von Kundendaten. Abh\u00e4ngig von Ihren Diensten haben Sie w\u00e4hrend einer Aussetzung von Diensten oder nach Beendigung des Vertrags m\u00f6glicherweise keinen Zugriff auf Ihre Kundenkonfiguration oder Ihre Kundendaten. Die Verantwortung f\u00fcr den Abruf einer Kopie Ihrer Kundendaten vor der Beendigung des Vertrags liegt bei Ihnen.<\/p>\n\n\n\n<h2 class=\"wp-block-heading\">4. Datenschutz und Verarbeitung personenbezogener Daten<\/h2>\n\n\n\n<p><strong>4.1 Rollen<\/strong>:&nbsp;In Bezug auf \u201epersonenbezogene Daten\u201c, die im Rahmen der Dienste verarbeitet werden, gelten Sie entweder als \u201eDatenverantwortlicher\u201c oder als \u201eAuftragsverarbeiter\u201c und Mailgun gilt als \u201eAuftragsverarbeiter\u201c oder als \u201eUnter-Auftragsverarbeiter\u201c, gem\u00e4\u00df den Definitionen dieser Begriffe in der EU-Richtlinie 95\/46\/EG zum Schutz von Personen in Bezug auf die Verarbeitung personenbezogener Daten und die freie \u00dcbertragung solcher Daten. Mailgun ist f\u00fcr die hier oder in der jeweiligen Vereinbarung ausgef\u00fchrten Sicherheitsma\u00dfnahmen verantwortlich.<\/p>\n\n\n\n<p><strong>4.2 Anweisungen zur Datenverarbeitung<\/strong>:&nbsp;Mailgun verarbeitet personenbezogene Daten ausschlie\u00dflich in dem Umfang und auf solche Weise, wie es f\u00fcr eine vertragsgem\u00e4\u00dfe Bereitstellung der Dienstleistungen oder gem\u00e4\u00df den jeweils durch den Kunden erteilten Anweisungen erforderlich ist.<\/p>\n\n\n\n<p><strong>4.3 Benachrichtigungen<\/strong>:&nbsp;Mailgun wird Sie \u00fcber Folgendes so schnell wie m\u00f6glich schriftlich benachrichtigen: (a) \u00fcber s\u00e4mtliche Nachrichten, die von einer Person empfangen werden, die (i) sich auf die Rechte auf Auskunft, \u00c4nderung, Korrektur, L\u00f6schung oder Sperrung der personenbezogenen Daten dieser Person beziehen und (ii) s\u00e4mtliche Beschwerden in Bezug auf Ihre Verarbeitung personenbezogener Daten; und (b) soweit dies gesetzlich nicht unzul\u00e4ssig ist, \u00fcber s\u00e4mtliche Beschwerden, Mitteilungen oder sonstige Nachrichten, die sich auf die Einhaltung des Datenschutzrechts und die Verarbeitung personenbezogener Daten durch den Kunden beziehen.<\/p>\n\n\n\n<p>Sie erkl\u00e4ren sich damit einverstanden, wo erforderlich, Personen in Bezug auf die Bereitstellung von Dienstleistungen durch Mailgun an Sie zu informieren und s\u00e4mtliche ben\u00f6tigten Einwilligungen und Rechte von ihnen einzuholen. Sofern Mailgun die in diesem Abschnitt bezeichneten Mitteilungen erh\u00e4lt und Sie hier\u00fcber in Kenntnis setzt, liegt die Verantwortung hinsichtlich der Beantwortung sowie des Ergreifens s\u00e4mtlicher nach geltendem Recht vorgeschriebenen Ma\u00dfnahmen in Bezug auf diese Mitteilungen bei Ihnen.<\/p>\n\n\n\n<p>Zuletzt \u00fcberarbeitet am 22.02.17.<\/p>\n","protected":false},"excerpt":{"rendered":"<p>Zuletzt \u00fcberarbeitet am 22.02.17.<\/p>\n","protected":false},"author":73,"featured_media":0,"parent":0,"menu_order":0,"comment_status":"closed","ping_status":"closed","template":"pages\/templates\/page-longform.php","meta":{"_acf_changed":false,"_slug_changed":false,"footnotes":""},"class_list":["post-6371","page","type-page","status-publish","hentry"],"acf":[],"yoast_head":"<!-- This site is optimized with the Yoast SEO plugin v27.0 - https:\/\/yoast.com\/product\/yoast-seo-wordpress\/ -->\n<title>Sicherheit und Datenschutz bei Mailgun | Mailgun<\/title>\n<meta name=\"description\" content=\"Mailgun muss die folgenden technischen und organisatorischen Ma\u00dfnahmen in Bezug auf die Sicherheit jeder Kundenkonfiguration aufrechterhalten und umsetzen.\" \/>\n<meta name=\"robots\" content=\"index, follow, max-snippet:-1, max-image-preview:large, max-video-preview:-1\" \/>\n<link rel=\"canonical\" href=\"https:\/\/www.mailgun.com\/de\/sicherheit-datenschutz\/\" \/>\n<meta property=\"og:locale\" content=\"de_DE\" \/>\n<meta property=\"og:type\" content=\"article\" \/>\n<meta property=\"og:title\" content=\"Sicherheit und Datenschutz bei Mailgun | Mailgun\" \/>\n<meta property=\"og:description\" content=\"Mailgun muss die folgenden technischen und organisatorischen Ma\u00dfnahmen in Bezug auf die Sicherheit jeder Kundenkonfiguration aufrechterhalten und umsetzen.\" \/>\n<meta property=\"og:url\" content=\"https:\/\/www.mailgun.com\/de\/sicherheit-datenschutz\/\" \/>\n<meta property=\"og:site_name\" content=\"Transactional Email API Service For Developers | Mailgun\" \/>\n<meta property=\"article:modified_time\" content=\"2025-07-16T11:44:02+00:00\" \/>\n<meta name=\"twitter:card\" content=\"summary_large_image\" \/>\n<meta name=\"twitter:label1\" content=\"Est. reading time\" \/>\n\t<meta name=\"twitter:data1\" content=\"3\u00a0Minuten\" \/>\n<script type=\"application\/ld+json\" class=\"yoast-schema-graph\">{\"@context\":\"https:\/\/schema.org\",\"@graph\":[{\"@type\":\"WebPage\",\"@id\":\"https:\/\/www.mailgun.com\/de\/sicherheit-datenschutz\/\",\"url\":\"https:\/\/www.mailgun.com\/de\/sicherheit-datenschutz\/\",\"name\":\"Sicherheit und Datenschutz bei Mailgun | Mailgun\",\"isPartOf\":{\"@id\":\"https:\/\/www.mailgun.com\/de\/#website\"},\"datePublished\":\"2025-07-16T11:32:42+00:00\",\"dateModified\":\"2025-07-16T11:44:02+00:00\",\"description\":\"Mailgun muss die folgenden technischen und organisatorischen Ma\u00dfnahmen in Bezug auf die Sicherheit jeder Kundenkonfiguration aufrechterhalten und umsetzen.\",\"breadcrumb\":{\"@id\":\"https:\/\/www.mailgun.com\/de\/sicherheit-datenschutz\/#breadcrumb\"},\"inLanguage\":\"de\",\"potentialAction\":[{\"@type\":\"ReadAction\",\"target\":[\"https:\/\/www.mailgun.com\/de\/sicherheit-datenschutz\/\"]}]},{\"@type\":\"BreadcrumbList\",\"@id\":\"https:\/\/www.mailgun.com\/de\/sicherheit-datenschutz\/#breadcrumb\",\"itemListElement\":[{\"@type\":\"ListItem\",\"position\":1,\"name\":\"Home\",\"item\":\"https:\/\/www.mailgun.com\/de\/\"},{\"@type\":\"ListItem\",\"position\":2,\"name\":\"Sicherheit &amp; Datenschutz\"}]},{\"@type\":\"WebSite\",\"@id\":\"https:\/\/www.mailgun.com\/de\/#website\",\"url\":\"https:\/\/www.mailgun.com\/de\/\",\"name\":\"Transactional Email API Service For Developers | Mailgun\",\"description\":\"Powerful Transactional Email APIs that enable you to send, receive, and track emails, built with developers in mind. Learn more today!\",\"publisher\":{\"@id\":\"https:\/\/www.mailgun.com\/de\/#organization\"},\"potentialAction\":[{\"@type\":\"SearchAction\",\"target\":{\"@type\":\"EntryPoint\",\"urlTemplate\":\"https:\/\/www.mailgun.com\/de\/?s={search_term_string}\"},\"query-input\":{\"@type\":\"PropertyValueSpecification\",\"valueRequired\":true,\"valueName\":\"search_term_string\"}}],\"inLanguage\":\"de\"},{\"@type\":\"Organization\",\"@id\":\"https:\/\/www.mailgun.com\/de\/#organization\",\"name\":\"Transactional Email API Service For Developers | Mailgun\",\"url\":\"https:\/\/www.mailgun.com\/de\/\",\"logo\":{\"@type\":\"ImageObject\",\"inLanguage\":\"de\",\"@id\":\"https:\/\/www.mailgun.com\/de\/#\/schema\/logo\/image\/\",\"url\":\"https:\/\/www.mailgun.com\/wp-content\/uploads\/2025\/06\/cropped-android-chrome-512x512-1.png\",\"contentUrl\":\"https:\/\/www.mailgun.com\/wp-content\/uploads\/2025\/06\/cropped-android-chrome-512x512-1.png\",\"width\":512,\"height\":512,\"caption\":\"Transactional Email API Service For Developers | Mailgun\"},\"image\":{\"@id\":\"https:\/\/www.mailgun.com\/de\/#\/schema\/logo\/image\/\"}}]}<\/script>\n<!-- \/ Yoast SEO plugin. -->","yoast_head_json":{"title":"Sicherheit und Datenschutz bei Mailgun | Mailgun","description":"Mailgun muss die folgenden technischen und organisatorischen Ma\u00dfnahmen in Bezug auf die Sicherheit jeder Kundenkonfiguration aufrechterhalten und umsetzen.","robots":{"index":"index","follow":"follow","max-snippet":"max-snippet:-1","max-image-preview":"max-image-preview:large","max-video-preview":"max-video-preview:-1"},"canonical":"https:\/\/www.mailgun.com\/de\/sicherheit-datenschutz\/","og_locale":"de_DE","og_type":"article","og_title":"Sicherheit und Datenschutz bei Mailgun | Mailgun","og_description":"Mailgun muss die folgenden technischen und organisatorischen Ma\u00dfnahmen in Bezug auf die Sicherheit jeder Kundenkonfiguration aufrechterhalten und umsetzen.","og_url":"https:\/\/www.mailgun.com\/de\/sicherheit-datenschutz\/","og_site_name":"Transactional Email API Service For Developers | Mailgun","article_modified_time":"2025-07-16T11:44:02+00:00","twitter_card":"summary_large_image","twitter_misc":{"Est. reading time":"3\u00a0Minuten"},"schema":{"@context":"https:\/\/schema.org","@graph":[{"@type":"WebPage","@id":"https:\/\/www.mailgun.com\/de\/sicherheit-datenschutz\/","url":"https:\/\/www.mailgun.com\/de\/sicherheit-datenschutz\/","name":"Sicherheit und Datenschutz bei Mailgun | Mailgun","isPartOf":{"@id":"https:\/\/www.mailgun.com\/de\/#website"},"datePublished":"2025-07-16T11:32:42+00:00","dateModified":"2025-07-16T11:44:02+00:00","description":"Mailgun muss die folgenden technischen und organisatorischen Ma\u00dfnahmen in Bezug auf die Sicherheit jeder Kundenkonfiguration aufrechterhalten und umsetzen.","breadcrumb":{"@id":"https:\/\/www.mailgun.com\/de\/sicherheit-datenschutz\/#breadcrumb"},"inLanguage":"de","potentialAction":[{"@type":"ReadAction","target":["https:\/\/www.mailgun.com\/de\/sicherheit-datenschutz\/"]}]},{"@type":"BreadcrumbList","@id":"https:\/\/www.mailgun.com\/de\/sicherheit-datenschutz\/#breadcrumb","itemListElement":[{"@type":"ListItem","position":1,"name":"Home","item":"https:\/\/www.mailgun.com\/de\/"},{"@type":"ListItem","position":2,"name":"Sicherheit &amp; Datenschutz"}]},{"@type":"WebSite","@id":"https:\/\/www.mailgun.com\/de\/#website","url":"https:\/\/www.mailgun.com\/de\/","name":"Transactional Email API Service For Developers | Mailgun","description":"Powerful Transactional Email APIs that enable you to send, receive, and track emails, built with developers in mind. Learn more today!","publisher":{"@id":"https:\/\/www.mailgun.com\/de\/#organization"},"potentialAction":[{"@type":"SearchAction","target":{"@type":"EntryPoint","urlTemplate":"https:\/\/www.mailgun.com\/de\/?s={search_term_string}"},"query-input":{"@type":"PropertyValueSpecification","valueRequired":true,"valueName":"search_term_string"}}],"inLanguage":"de"},{"@type":"Organization","@id":"https:\/\/www.mailgun.com\/de\/#organization","name":"Transactional Email API Service For Developers | Mailgun","url":"https:\/\/www.mailgun.com\/de\/","logo":{"@type":"ImageObject","inLanguage":"de","@id":"https:\/\/www.mailgun.com\/de\/#\/schema\/logo\/image\/","url":"https:\/\/www.mailgun.com\/wp-content\/uploads\/2025\/06\/cropped-android-chrome-512x512-1.png","contentUrl":"https:\/\/www.mailgun.com\/wp-content\/uploads\/2025\/06\/cropped-android-chrome-512x512-1.png","width":512,"height":512,"caption":"Transactional Email API Service For Developers | Mailgun"},"image":{"@id":"https:\/\/www.mailgun.com\/de\/#\/schema\/logo\/image\/"}}]}},"_links":{"self":[{"href":"https:\/\/www.mailgun.com\/de\/wp-json\/wp\/v2\/pages\/6371","targetHints":{"allow":["GET"]}}],"collection":[{"href":"https:\/\/www.mailgun.com\/de\/wp-json\/wp\/v2\/pages"}],"about":[{"href":"https:\/\/www.mailgun.com\/de\/wp-json\/wp\/v2\/types\/page"}],"author":[{"embeddable":true,"href":"https:\/\/www.mailgun.com\/de\/wp-json\/wp\/v2\/users\/73"}],"replies":[{"embeddable":true,"href":"https:\/\/www.mailgun.com\/de\/wp-json\/wp\/v2\/comments?post=6371"}],"version-history":[{"count":0,"href":"https:\/\/www.mailgun.com\/de\/wp-json\/wp\/v2\/pages\/6371\/revisions"}],"wp:attachment":[{"href":"https:\/\/www.mailgun.com\/de\/wp-json\/wp\/v2\/media?parent=6371"}],"curies":[{"name":"wp","href":"https:\/\/api.w.org\/{rel}","templated":true}]}}