{"id":110,"date":"2025-06-24T07:26:11","date_gmt":"2025-06-24T07:26:11","guid":{"rendered":"https:\/\/mgcomdev.local\/?page_id=110"},"modified":"2025-07-03T02:25:26","modified_gmt":"2025-07-03T02:25:26","slug":"programar-demostracion","status":"publish","type":"page","link":"https:\/\/www.mailgun.com\/es\/contacto\/programar-demostracion\/","title":{"rendered":"Programar demostracion"},"content":{"rendered":"\r\n    <section data-content-type=\"component\" class=\"header-block section-py bg-light-subtle\" data-theme=\"dark\">\r\n        <div class=\"container header-block-container\">\r\n\r\n            \r\n            <div class=\"row align-items-center\">\r\n                <div class=\"col-12 col-lg-9\">\r\n                    <div class=\"d-flex flex-column gap-3 gap-md-4\">\r\n                        <div>\r\n                                                            <p class=\"text-uppercase section-caption text-body-color\">Mira la plataforma de Mailgun en acci\u00f3n<\/p>\r\n                            \r\n                            <h1 class=\"text-accent m-0 p-0 \">\r\n                                Pide una demostraci\u00f3n                            <\/h1>\r\n                        <\/div>\r\n\r\n                                                    <div class=\"content-body mb-0 text-body-color\"><p class=\"mb-0\">\u00bfQuieres ver la plataforma Mailgun en acci\u00f3n? Programa una demostraci\u00f3n con nosotros hoy mismo para descubrir por qu\u00e9 es la mejor plataforma de entrega de correo electr\u00f3nico que encontrar\u00e1s.<\/p><\/div>\r\n                        \r\n                        \r\n                        \r\n                                            <\/div>\r\n                <\/div>\r\n\r\n                \r\n            <\/div>\r\n        <\/div>\r\n\r\n        \r\n        \r\n        \r\n    <\/section>\r\n\n\n\r\n    <section data-content-type=\"component\"  id=\"form\" class=\"section section-py form-block bg-light\" data-theme=\"light\">\r\n        <div class=\"container\">\r\n            <div class=\"row justify-content-center\">\r\n                <div class=\"col-12 col-lg-8 justify-content-center\">\r\n\r\n                    <div class=\"\">\r\n\r\n\r\n                        <div class=\"form-block-container shadow-lg bg-body px-5 py-7 p-md-9\" data-theme=\"light\">\r\n\r\n                            \r\n\r\n                                <!-- MARKETING CLOUD Form Container -- Start -->\r\n                                <div class=\"marketing-cloud-form-container\">\r\n                                                                            <div class=\"form-content mb-3\">\r\n                                                                                            <h2 class=\"h5 mb-3\">Mira c\u00f3mo funciona Mailgun<\/h2>\r\n                                                                                                                                <\/div>\r\n\r\n                                    \r\n\r\n                                    \r\n                                    <iframe\r\n                                        id=\"marketing-cloud-form\"\r\n                                        class=\"marketing-cloud-iframe\"\r\n                                        data-iframe-params=\"utm_source,utm_medium,utm_campaign,utm_term,utm_content,transid,gclid,intcmp,msclkid\"\r\n                                        src=\"https:\/\/cloud.m.sinch.com\/sinchform1_0?referrer=https%3A%2F%2Fwww.mailgun.com%2Fes%2Fwp-json%2Fwp%2Fv2%2Fpages%2F110&#038;lang=es&#038;theme=www.mailgun.com\"\r\n                                        title=\"Mira c\u00f3mo funciona Mailgun\"\r\n                                        style=\"width: 100%;\">\r\n                                    <\/iframe>\r\n                                <\/div>\r\n                                <!-- MARKETING CLOUD Container -- Start -->\r\n\r\n\r\n                                                    <\/div>\r\n                    <\/div>\r\n                <\/div>\r\n            <\/div>\r\n        <\/div>\r\n    <\/section>\r\n\r\n","protected":false},"excerpt":{"rendered":"","protected":false},"author":90,"featured_media":0,"parent":98,"menu_order":0,"comment_status":"closed","ping_status":"closed","template":"","meta":{"_acf_changed":true,"_slug_changed":false,"footnotes":""},"class_list":["post-110","page","type-page","status-publish","hentry"],"acf":[],"yoast_head":"<!-- This site is optimized with the Yoast SEO plugin v27.0 - https:\/\/yoast.com\/product\/yoast-seo-wordpress\/ -->\n<title>Programar demostracion - Transactional Email API Service For Developers | Mailgun<\/title>\n<meta name=\"description\" content=\"Solicita una demo de Mailgun. Descubre c\u00f3mo Mailgun puede optimizar la entregabilidad de tu email, aumentar tus tasas de clics y proteger tu reputaci\u00f3n.\" \/>\n<meta name=\"robots\" content=\"index, follow, max-snippet:-1, max-image-preview:large, max-video-preview:-1\" \/>\n<link rel=\"canonical\" href=\"https:\/\/www.mailgun.com\/es\/contacto\/programar-demostracion\/\" \/>\n<meta property=\"og:locale\" content=\"es_ES\" \/>\n<meta property=\"og:type\" content=\"article\" \/>\n<meta property=\"og:title\" content=\"Programar demostracion - Transactional Email API Service For Developers | Mailgun\" \/>\n<meta property=\"og:description\" content=\"Solicita una demo de Mailgun. Descubre c\u00f3mo Mailgun puede optimizar la entregabilidad de tu email, aumentar tus tasas de clics y proteger tu reputaci\u00f3n.\" \/>\n<meta property=\"og:url\" content=\"https:\/\/www.mailgun.com\/es\/contacto\/programar-demostracion\/\" \/>\n<meta property=\"og:site_name\" content=\"Transactional Email API Service For Developers | Mailgun\" \/>\n<meta property=\"article:modified_time\" content=\"2025-07-03T02:25:26+00:00\" \/>\n<meta name=\"twitter:card\" content=\"summary_large_image\" \/>\n<script type=\"application\/ld+json\" class=\"yoast-schema-graph\">{\"@context\":\"https:\/\/schema.org\",\"@graph\":[{\"@type\":\"WebPage\",\"@id\":\"https:\/\/www.mailgun.com\/es\/contacto\/programar-demostracion\/\",\"url\":\"https:\/\/www.mailgun.com\/es\/contacto\/programar-demostracion\/\",\"name\":\"Programar demostracion - Transactional Email API Service For Developers | Mailgun\",\"isPartOf\":{\"@id\":\"https:\/\/www.mailgun.com\/es\/#website\"},\"datePublished\":\"2025-06-24T07:26:11+00:00\",\"dateModified\":\"2025-07-03T02:25:26+00:00\",\"description\":\"Solicita una demo de Mailgun. Descubre c\u00f3mo Mailgun puede optimizar la entregabilidad de tu email, aumentar tus tasas de clics y proteger tu reputaci\u00f3n.\",\"breadcrumb\":{\"@id\":\"https:\/\/www.mailgun.com\/es\/contacto\/programar-demostracion\/#breadcrumb\"},\"inLanguage\":\"es\",\"potentialAction\":[{\"@type\":\"ReadAction\",\"target\":[\"https:\/\/www.mailgun.com\/es\/contacto\/programar-demostracion\/\"]}]},{\"@type\":\"BreadcrumbList\",\"@id\":\"https:\/\/www.mailgun.com\/es\/contacto\/programar-demostracion\/#breadcrumb\",\"itemListElement\":[{\"@type\":\"ListItem\",\"position\":1,\"name\":\"Home\",\"item\":\"https:\/\/www.mailgun.com\/es\/\"},{\"@type\":\"ListItem\",\"position\":2,\"name\":\"Contacto\",\"item\":\"https:\/\/www.mailgun.com\/es\/contacto\/\"},{\"@type\":\"ListItem\",\"position\":3,\"name\":\"Programar demostracion\"}]},{\"@type\":\"WebSite\",\"@id\":\"https:\/\/www.mailgun.com\/es\/#website\",\"url\":\"https:\/\/www.mailgun.com\/es\/\",\"name\":\"Transactional Email API Service For Developers | Mailgun\",\"description\":\"Powerful Transactional Email APIs that enable you to send, receive, and track emails, built with developers in mind. Learn more today!\",\"publisher\":{\"@id\":\"https:\/\/www.mailgun.com\/es\/#organization\"},\"potentialAction\":[{\"@type\":\"SearchAction\",\"target\":{\"@type\":\"EntryPoint\",\"urlTemplate\":\"https:\/\/www.mailgun.com\/es\/?s={search_term_string}\"},\"query-input\":{\"@type\":\"PropertyValueSpecification\",\"valueRequired\":true,\"valueName\":\"search_term_string\"}}],\"inLanguage\":\"es\"},{\"@type\":\"Organization\",\"@id\":\"https:\/\/www.mailgun.com\/es\/#organization\",\"name\":\"Transactional Email API Service For Developers | Mailgun\",\"url\":\"https:\/\/www.mailgun.com\/es\/\",\"logo\":{\"@type\":\"ImageObject\",\"inLanguage\":\"es\",\"@id\":\"https:\/\/www.mailgun.com\/es\/#\/schema\/logo\/image\/\",\"url\":\"https:\/\/www.mailgun.com\/wp-content\/uploads\/2025\/06\/cropped-android-chrome-512x512-1.png\",\"contentUrl\":\"https:\/\/www.mailgun.com\/wp-content\/uploads\/2025\/06\/cropped-android-chrome-512x512-1.png\",\"width\":512,\"height\":512,\"caption\":\"Transactional Email API Service For Developers | Mailgun\"},\"image\":{\"@id\":\"https:\/\/www.mailgun.com\/es\/#\/schema\/logo\/image\/\"}}]}<\/script>\n<!-- \/ Yoast SEO plugin. -->","yoast_head_json":{"title":"Programar demostracion - Transactional Email API Service For Developers | Mailgun","description":"Solicita una demo de Mailgun. Descubre c\u00f3mo Mailgun puede optimizar la entregabilidad de tu email, aumentar tus tasas de clics y proteger tu reputaci\u00f3n.","robots":{"index":"index","follow":"follow","max-snippet":"max-snippet:-1","max-image-preview":"max-image-preview:large","max-video-preview":"max-video-preview:-1"},"canonical":"https:\/\/www.mailgun.com\/es\/contacto\/programar-demostracion\/","og_locale":"es_ES","og_type":"article","og_title":"Programar demostracion - Transactional Email API Service For Developers | Mailgun","og_description":"Solicita una demo de Mailgun. Descubre c\u00f3mo Mailgun puede optimizar la entregabilidad de tu email, aumentar tus tasas de clics y proteger tu reputaci\u00f3n.","og_url":"https:\/\/www.mailgun.com\/es\/contacto\/programar-demostracion\/","og_site_name":"Transactional Email API Service For Developers | Mailgun","article_modified_time":"2025-07-03T02:25:26+00:00","twitter_card":"summary_large_image","schema":{"@context":"https:\/\/schema.org","@graph":[{"@type":"WebPage","@id":"https:\/\/www.mailgun.com\/es\/contacto\/programar-demostracion\/","url":"https:\/\/www.mailgun.com\/es\/contacto\/programar-demostracion\/","name":"Programar demostracion - Transactional Email API Service For Developers | Mailgun","isPartOf":{"@id":"https:\/\/www.mailgun.com\/es\/#website"},"datePublished":"2025-06-24T07:26:11+00:00","dateModified":"2025-07-03T02:25:26+00:00","description":"Solicita una demo de Mailgun. Descubre c\u00f3mo Mailgun puede optimizar la entregabilidad de tu email, aumentar tus tasas de clics y proteger tu reputaci\u00f3n.","breadcrumb":{"@id":"https:\/\/www.mailgun.com\/es\/contacto\/programar-demostracion\/#breadcrumb"},"inLanguage":"es","potentialAction":[{"@type":"ReadAction","target":["https:\/\/www.mailgun.com\/es\/contacto\/programar-demostracion\/"]}]},{"@type":"BreadcrumbList","@id":"https:\/\/www.mailgun.com\/es\/contacto\/programar-demostracion\/#breadcrumb","itemListElement":[{"@type":"ListItem","position":1,"name":"Home","item":"https:\/\/www.mailgun.com\/es\/"},{"@type":"ListItem","position":2,"name":"Contacto","item":"https:\/\/www.mailgun.com\/es\/contacto\/"},{"@type":"ListItem","position":3,"name":"Programar demostracion"}]},{"@type":"WebSite","@id":"https:\/\/www.mailgun.com\/es\/#website","url":"https:\/\/www.mailgun.com\/es\/","name":"Transactional Email API Service For Developers | Mailgun","description":"Powerful Transactional Email APIs that enable you to send, receive, and track emails, built with developers in mind. Learn more today!","publisher":{"@id":"https:\/\/www.mailgun.com\/es\/#organization"},"potentialAction":[{"@type":"SearchAction","target":{"@type":"EntryPoint","urlTemplate":"https:\/\/www.mailgun.com\/es\/?s={search_term_string}"},"query-input":{"@type":"PropertyValueSpecification","valueRequired":true,"valueName":"search_term_string"}}],"inLanguage":"es"},{"@type":"Organization","@id":"https:\/\/www.mailgun.com\/es\/#organization","name":"Transactional Email API Service For Developers | Mailgun","url":"https:\/\/www.mailgun.com\/es\/","logo":{"@type":"ImageObject","inLanguage":"es","@id":"https:\/\/www.mailgun.com\/es\/#\/schema\/logo\/image\/","url":"https:\/\/www.mailgun.com\/wp-content\/uploads\/2025\/06\/cropped-android-chrome-512x512-1.png","contentUrl":"https:\/\/www.mailgun.com\/wp-content\/uploads\/2025\/06\/cropped-android-chrome-512x512-1.png","width":512,"height":512,"caption":"Transactional Email API Service For Developers | Mailgun"},"image":{"@id":"https:\/\/www.mailgun.com\/es\/#\/schema\/logo\/image\/"}}]}},"_links":{"self":[{"href":"https:\/\/www.mailgun.com\/es\/wp-json\/wp\/v2\/pages\/110","targetHints":{"allow":["GET"]}}],"collection":[{"href":"https:\/\/www.mailgun.com\/es\/wp-json\/wp\/v2\/pages"}],"about":[{"href":"https:\/\/www.mailgun.com\/es\/wp-json\/wp\/v2\/types\/page"}],"author":[{"embeddable":true,"href":"https:\/\/www.mailgun.com\/es\/wp-json\/wp\/v2\/users\/90"}],"replies":[{"embeddable":true,"href":"https:\/\/www.mailgun.com\/es\/wp-json\/wp\/v2\/comments?post=110"}],"version-history":[{"count":0,"href":"https:\/\/www.mailgun.com\/es\/wp-json\/wp\/v2\/pages\/110\/revisions"}],"up":[{"embeddable":true,"href":"https:\/\/www.mailgun.com\/es\/wp-json\/wp\/v2\/pages\/98"}],"wp:attachment":[{"href":"https:\/\/www.mailgun.com\/es\/wp-json\/wp\/v2\/media?parent=110"}],"curies":[{"name":"wp","href":"https:\/\/api.w.org\/{rel}","templated":true}]}}