{"id":3933,"date":"2025-07-11T06:39:25","date_gmt":"2025-07-11T06:39:25","guid":{"rendered":"https:\/\/mgcomdev.wpenginepowered.com\/?page_id=3933"},"modified":"2025-07-11T07:03:49","modified_gmt":"2025-07-11T07:03:49","slug":"recibo-correo-no-deseado-mailgun","status":"publish","type":"page","link":"https:\/\/www.mailgun.com\/es\/recibo-correo-no-deseado-mailgun\/","title":{"rendered":"\u00bfRecibes correo no deseado de Mailgun?"},"content":{"rendered":"\r\n    <section data-content-type=\"component\" class=\"header-block section-py bg-light-subtle\" data-theme=\"dark\">\r\n        <div class=\"container header-block-container\">\r\n\r\n            \r\n            <div class=\"row align-items-center\">\r\n                <div class=\"col-12 col-lg-9\">\r\n                    <div class=\"d-flex flex-column gap-3 gap-md-4\">\r\n                        <div>\r\n                            \r\n                            <h1 class=\"text-accent m-0 p-0 \">\r\n                                \u00bfRecibes correo no deseado de Mailgun?                            <\/h1>\r\n                        <\/div>\r\n\r\n                                                    <div class=\"content-body mb-0 text-body-color\"><p class=\"mb-0\">Aunque Mailgun trabaja duro para evitar que los spammers se aprovechen de nuestro servicio, a veces alguno consigue colarse.<\/p><\/div>\r\n                        \r\n                        \r\n                        \r\n                                            <\/div>\r\n                <\/div>\r\n\r\n                \r\n            <\/div>\r\n        <\/div>\r\n\r\n        \r\n        \r\n        \r\n    <\/section>\r\n\n\n\r\n    <section data-content-type=\"component\" id=\"block-8e6e39c3f03f7d698334ebc49ce518e8\" class=\"section section-altblo section-py bg-body\" data-theme=\"light\">\r\n        <div class=\"container\">\r\n            <div class=\"row align-items-center \">\r\n                                    <div class=\"col-12 col-md-9\">\r\n                        <div class=\"d-flex flex-column gap-3 gap-lg-4\">\r\n\r\n                                    <div>\r\n            \r\n                            <h2 class=\"mb-0 h3\">\u00bfHas recibido correo no deseado de un cliente de Mailgun?<\/h2>\r\n                    <\/div>\r\n\r\n\r\n                                                            <div class=\"content-body mb-0 text-body-color\"><p class=\"mb-0\">Si has recibido spam de un cliente de Mailgun, den\u00fancialo a abuse@mailgun.com. Env\u00edanos los encabezados completos del mensaje para que podamos procesar m\u00e1s r\u00e1pidamente tu solicitud y limpiar nuestro flujo de correo electr\u00f3nico.<\/p><\/div>\r\n                            \r\n                            \r\n                            \r\n                            \r\n                        <\/div>\r\n                    <\/div>\r\n                                <div class=\"col-12 d-none\">\r\n\r\n                    \r\n                <\/div>\r\n            <\/div>\r\n\r\n                            <div class=\" mt-6 mt-md-7 mt-lg-9\">\r\n                    \n\r\n    \r\n        <div class=\"row cards gy-6 gy-md-7 gy-lg-9 gx-lg-5 \">\r\n            \r\n                <div class=\"col-12 col-md-4 col-lg-6\">\r\n                                        <div class=\"card h-100 bg-transparent d-flex flex-column card-no-paddings\">\r\n                                                    <div class=\"card-body d-flex flex-column gap-3 gap-md-4 \">\r\n                        <div>\r\n                            \r\n                                                        <h3 class=\"card-title text-accent mb-0 fw-bold h6\"\r\n                                                                >\r\n                                M\u00e1s enlaces \u00fatiles                            <\/h3>\r\n                                                            <div class=\"card-text fs-sm text-body-color mb-0 mt-2\"\r\n                                                                        >\r\n                                    <p class=\"mb-0\"><br><\/p>                                <\/div>\r\n                                                                                        <ul class=\"list-styled-check mt-4 mb-0\">\r\n                                                                            <li><p class=\"mb-0\"><a href=\"https:\/\/documentation.mailgun.com\/en\/latest\/quickstart.html\" target=\"_blank\" rel=\"noopener noreferrer\">Gu\u00eda de inicio r\u00e1pido<\/a><\/p><\/li>\r\n                                                                            <li><p class=\"mb-0\"><a href=\"\/blog\/\">Blog de Mailgun<\/a><\/p><\/li>\r\n                                                                            <li><p class=\"mb-0\"><a href=\"http:\/\/github.com\/mailgun\" target=\"_blank\" rel=\"noopener noreferrer\">Mailgun en GitHub<\/a><\/p><\/li>\r\n                                                                            <li><p class=\"mb-0\"><a href=\"http:\/\/twitter.com\/Mail_Gun\" target=\"_blank\" rel=\"noopener noreferrer\">Mailgun en Twitter<\/a><\/p><\/li>\r\n                                                                    <\/ul>\r\n                                                    <\/div>\r\n                                                                    <\/div>\r\n                                <\/div>\r\n\r\n            \r\n                        <\/div>\r\n            \r\n                <div class=\"col-12 col-md-4 col-lg-6\">\r\n                                        <div class=\"card h-100 bg-transparent d-flex flex-column card-no-paddings\">\r\n                                                    <div class=\"card-body d-flex flex-column gap-3 gap-md-4 \">\r\n                        <div>\r\n                            \r\n                                                        <h3 class=\"card-title text-accent mb-0 fw-bold h6\"\r\n                                                                >\r\n                                \u00bfNecesitas asistencia?                            <\/h3>\r\n                                                            <div class=\"card-text fs-sm text-body-color mb-0 mt-2\"\r\n                                                                        >\r\n                                    <p class=\"mb-0\"><br><\/p>                                <\/div>\r\n                                                                                        <ul class=\"list-styled-check mt-4 mb-0\">\r\n                                                                            <li><p class=\"mb-0\">Encuentra la respuesta a tus preguntas en nuestro <a href=\"http:\/\/help.mailgun.com\/\" target=\"_blank\" rel=\"noopener noreferrer\">Centro de ayuda<\/a><\/p><\/li>\r\n                                                                            <li><p class=\"mb-0\">Inicia sesi\u00f3n y <a href=\"https:\/\/app.mailgun.com\/app\/support\" target=\"_blank\" rel=\"noopener noreferrer\">abre una incidencia<\/a><\/p><\/li>\r\n                                                                    <\/ul>\r\n                                                    <\/div>\r\n                                                                    <\/div>\r\n                                <\/div>\r\n\r\n            \r\n                        <\/div>\r\n                    <\/div>\r\n\n\r\n                <\/div>\r\n            \r\n            \r\n            \r\n                    <\/div>\r\n    <\/section>\r\n\r\n","protected":false},"excerpt":{"rendered":"","protected":false},"author":90,"featured_media":0,"parent":0,"menu_order":0,"comment_status":"closed","ping_status":"closed","template":"","meta":{"_acf_changed":true,"_slug_changed":false,"footnotes":""},"class_list":["post-3933","page","type-page","status-publish","hentry"],"acf":[],"yoast_head":"<!-- This site is optimized with the Yoast SEO plugin v27.5 - https:\/\/yoast.com\/product\/yoast-seo-wordpress\/ -->\n<title>\u00bfRecibes correo no deseado? Den\u00fancialo - Transactional Email API Service For Developers | Mailgun<\/title>\n<meta name=\"description\" content=\"Aunque Mailgun trabaja duro para evitar que los spammers se aprovechen de nuestro servicio, a veces alguno consigue colarse.\" \/>\n<meta name=\"robots\" content=\"index, follow, max-snippet:-1, max-image-preview:large, max-video-preview:-1\" \/>\n<link rel=\"canonical\" href=\"https:\/\/www.mailgun.com\/es\/recibo-correo-no-deseado-mailgun\/\" \/>\n<meta property=\"og:locale\" content=\"es_ES\" \/>\n<meta property=\"og:type\" content=\"article\" \/>\n<meta property=\"og:title\" content=\"\u00bfRecibes correo no deseado? Den\u00fancialo - Transactional Email API Service For Developers | Mailgun\" \/>\n<meta property=\"og:description\" content=\"Aunque Mailgun trabaja duro para evitar que los spammers se aprovechen de nuestro servicio, a veces alguno consigue colarse.\" \/>\n<meta property=\"og:url\" content=\"https:\/\/www.mailgun.com\/es\/recibo-correo-no-deseado-mailgun\/\" \/>\n<meta property=\"og:site_name\" content=\"Transactional Email API Service For Developers | Mailgun\" \/>\n<meta property=\"article:modified_time\" content=\"2025-07-11T07:03:49+00:00\" \/>\n<meta name=\"twitter:card\" content=\"summary_large_image\" \/>\n<script type=\"application\/ld+json\" class=\"yoast-schema-graph\">{\"@context\":\"https:\\\/\\\/schema.org\",\"@graph\":[{\"@type\":\"WebPage\",\"@id\":\"https:\\\/\\\/www.mailgun.com\\\/es\\\/recibo-correo-no-deseado-mailgun\\\/\",\"url\":\"https:\\\/\\\/www.mailgun.com\\\/es\\\/recibo-correo-no-deseado-mailgun\\\/\",\"name\":\"\u00bfRecibes correo no deseado? Den\u00fancialo - Transactional Email API Service For Developers | Mailgun\",\"isPartOf\":{\"@id\":\"https:\\\/\\\/www.mailgun.com\\\/es\\\/#website\"},\"datePublished\":\"2025-07-11T06:39:25+00:00\",\"dateModified\":\"2025-07-11T07:03:49+00:00\",\"description\":\"Aunque Mailgun trabaja duro para evitar que los spammers se aprovechen de nuestro servicio, a veces alguno consigue colarse.\",\"breadcrumb\":{\"@id\":\"https:\\\/\\\/www.mailgun.com\\\/es\\\/recibo-correo-no-deseado-mailgun\\\/#breadcrumb\"},\"inLanguage\":\"es\",\"potentialAction\":[{\"@type\":\"ReadAction\",\"target\":[\"https:\\\/\\\/www.mailgun.com\\\/es\\\/recibo-correo-no-deseado-mailgun\\\/\"]}]},{\"@type\":\"BreadcrumbList\",\"@id\":\"https:\\\/\\\/www.mailgun.com\\\/es\\\/recibo-correo-no-deseado-mailgun\\\/#breadcrumb\",\"itemListElement\":[{\"@type\":\"ListItem\",\"position\":1,\"name\":\"Home\",\"item\":\"https:\\\/\\\/www.mailgun.com\\\/es\\\/\"},{\"@type\":\"ListItem\",\"position\":2,\"name\":\"\u00bfRecibes correo no deseado de Mailgun?\"}]},{\"@type\":\"WebSite\",\"@id\":\"https:\\\/\\\/www.mailgun.com\\\/es\\\/#website\",\"url\":\"https:\\\/\\\/www.mailgun.com\\\/es\\\/\",\"name\":\"Transactional Email API Service For Developers | Mailgun\",\"description\":\"Powerful Transactional Email APIs that enable you to send, receive, and track emails, built with developers in mind. Learn more today!\",\"publisher\":{\"@id\":\"https:\\\/\\\/www.mailgun.com\\\/es\\\/#organization\"},\"potentialAction\":[{\"@type\":\"SearchAction\",\"target\":{\"@type\":\"EntryPoint\",\"urlTemplate\":\"https:\\\/\\\/www.mailgun.com\\\/es\\\/?s={search_term_string}\"},\"query-input\":{\"@type\":\"PropertyValueSpecification\",\"valueRequired\":true,\"valueName\":\"search_term_string\"}}],\"inLanguage\":\"es\"},{\"@type\":\"Organization\",\"@id\":\"https:\\\/\\\/www.mailgun.com\\\/es\\\/#organization\",\"name\":\"Transactional Email API Service For Developers | Mailgun\",\"url\":\"https:\\\/\\\/www.mailgun.com\\\/es\\\/\",\"logo\":{\"@type\":\"ImageObject\",\"inLanguage\":\"es\",\"@id\":\"https:\\\/\\\/www.mailgun.com\\\/es\\\/#\\\/schema\\\/logo\\\/image\\\/\",\"url\":\"https:\\\/\\\/www.mailgun.com\\\/wp-content\\\/uploads\\\/2025\\\/06\\\/cropped-android-chrome-512x512-1.png\",\"contentUrl\":\"https:\\\/\\\/www.mailgun.com\\\/wp-content\\\/uploads\\\/2025\\\/06\\\/cropped-android-chrome-512x512-1.png\",\"width\":512,\"height\":512,\"caption\":\"Transactional Email API Service For Developers | Mailgun\"},\"image\":{\"@id\":\"https:\\\/\\\/www.mailgun.com\\\/es\\\/#\\\/schema\\\/logo\\\/image\\\/\"}}]}<\/script>\n<!-- \/ Yoast SEO plugin. -->","yoast_head_json":{"title":"\u00bfRecibes correo no deseado? Den\u00fancialo - Transactional Email API Service For Developers | Mailgun","description":"Aunque Mailgun trabaja duro para evitar que los spammers se aprovechen de nuestro servicio, a veces alguno consigue colarse.","robots":{"index":"index","follow":"follow","max-snippet":"max-snippet:-1","max-image-preview":"max-image-preview:large","max-video-preview":"max-video-preview:-1"},"canonical":"https:\/\/www.mailgun.com\/es\/recibo-correo-no-deseado-mailgun\/","og_locale":"es_ES","og_type":"article","og_title":"\u00bfRecibes correo no deseado? Den\u00fancialo - Transactional Email API Service For Developers | Mailgun","og_description":"Aunque Mailgun trabaja duro para evitar que los spammers se aprovechen de nuestro servicio, a veces alguno consigue colarse.","og_url":"https:\/\/www.mailgun.com\/es\/recibo-correo-no-deseado-mailgun\/","og_site_name":"Transactional Email API Service For Developers | Mailgun","article_modified_time":"2025-07-11T07:03:49+00:00","twitter_card":"summary_large_image","schema":{"@context":"https:\/\/schema.org","@graph":[{"@type":"WebPage","@id":"https:\/\/www.mailgun.com\/es\/recibo-correo-no-deseado-mailgun\/","url":"https:\/\/www.mailgun.com\/es\/recibo-correo-no-deseado-mailgun\/","name":"\u00bfRecibes correo no deseado? Den\u00fancialo - Transactional Email API Service For Developers | Mailgun","isPartOf":{"@id":"https:\/\/www.mailgun.com\/es\/#website"},"datePublished":"2025-07-11T06:39:25+00:00","dateModified":"2025-07-11T07:03:49+00:00","description":"Aunque Mailgun trabaja duro para evitar que los spammers se aprovechen de nuestro servicio, a veces alguno consigue colarse.","breadcrumb":{"@id":"https:\/\/www.mailgun.com\/es\/recibo-correo-no-deseado-mailgun\/#breadcrumb"},"inLanguage":"es","potentialAction":[{"@type":"ReadAction","target":["https:\/\/www.mailgun.com\/es\/recibo-correo-no-deseado-mailgun\/"]}]},{"@type":"BreadcrumbList","@id":"https:\/\/www.mailgun.com\/es\/recibo-correo-no-deseado-mailgun\/#breadcrumb","itemListElement":[{"@type":"ListItem","position":1,"name":"Home","item":"https:\/\/www.mailgun.com\/es\/"},{"@type":"ListItem","position":2,"name":"\u00bfRecibes correo no deseado de Mailgun?"}]},{"@type":"WebSite","@id":"https:\/\/www.mailgun.com\/es\/#website","url":"https:\/\/www.mailgun.com\/es\/","name":"Transactional Email API Service For Developers | Mailgun","description":"Powerful Transactional Email APIs that enable you to send, receive, and track emails, built with developers in mind. Learn more today!","publisher":{"@id":"https:\/\/www.mailgun.com\/es\/#organization"},"potentialAction":[{"@type":"SearchAction","target":{"@type":"EntryPoint","urlTemplate":"https:\/\/www.mailgun.com\/es\/?s={search_term_string}"},"query-input":{"@type":"PropertyValueSpecification","valueRequired":true,"valueName":"search_term_string"}}],"inLanguage":"es"},{"@type":"Organization","@id":"https:\/\/www.mailgun.com\/es\/#organization","name":"Transactional Email API Service For Developers | Mailgun","url":"https:\/\/www.mailgun.com\/es\/","logo":{"@type":"ImageObject","inLanguage":"es","@id":"https:\/\/www.mailgun.com\/es\/#\/schema\/logo\/image\/","url":"https:\/\/www.mailgun.com\/wp-content\/uploads\/2025\/06\/cropped-android-chrome-512x512-1.png","contentUrl":"https:\/\/www.mailgun.com\/wp-content\/uploads\/2025\/06\/cropped-android-chrome-512x512-1.png","width":512,"height":512,"caption":"Transactional Email API Service For Developers | Mailgun"},"image":{"@id":"https:\/\/www.mailgun.com\/es\/#\/schema\/logo\/image\/"}}]}},"_links":{"self":[{"href":"https:\/\/www.mailgun.com\/es\/wp-json\/wp\/v2\/pages\/3933","targetHints":{"allow":["GET"]}}],"collection":[{"href":"https:\/\/www.mailgun.com\/es\/wp-json\/wp\/v2\/pages"}],"about":[{"href":"https:\/\/www.mailgun.com\/es\/wp-json\/wp\/v2\/types\/page"}],"author":[{"embeddable":true,"href":"https:\/\/www.mailgun.com\/es\/wp-json\/wp\/v2\/users\/90"}],"replies":[{"embeddable":true,"href":"https:\/\/www.mailgun.com\/es\/wp-json\/wp\/v2\/comments?post=3933"}],"version-history":[{"count":0,"href":"https:\/\/www.mailgun.com\/es\/wp-json\/wp\/v2\/pages\/3933\/revisions"}],"wp:attachment":[{"href":"https:\/\/www.mailgun.com\/es\/wp-json\/wp\/v2\/media?parent=3933"}],"curies":[{"name":"wp","href":"https:\/\/api.w.org\/{rel}","templated":true}]}}