{"id":6306,"date":"2025-07-16T08:35:19","date_gmt":"2025-07-16T08:35:19","guid":{"rendered":"https:\/\/mgcomdev.wpenginepowered.com\/mailgun-renewal-team\/"},"modified":"2025-07-23T23:02:21","modified_gmt":"2025-07-23T23:02:21","slug":"equipo-renovaciones-mailgun","status":"publish","type":"page","link":"https:\/\/www.mailgun.com\/es\/equipo-renovaciones-mailgun\/","title":{"rendered":"Mailgun Renewal Team"},"content":{"rendered":"\r\n    <section data-content-type=\"component\" class=\"header-block section-py bg-light-subtle\" data-theme=\"dark\">\r\n        <div class=\"container header-block-container\">\r\n\r\n            \r\n            <div class=\"row align-items-center\">\r\n                <div class=\"col-12 col-lg-9\">\r\n                    <div class=\"d-flex flex-column gap-3 gap-md-4\">\r\n                        <div>\r\n                                                            <p class=\"text-uppercase section-caption text-body-color\">Intento de phishing<\/p>\r\n                            \r\n                            <h1 class=\"text-accent m-0 p-0 \">\r\n                                Equipo de renovaciones de Mailgun                            <\/h1>\r\n                        <\/div>\r\n\r\n                                                    <div class=\"content-body mb-0 text-body-color\"><p>Si has recibido un email del equipo de renovaciones de Mailgun, no hagas clic en \u00e9l ni inicies sesi\u00f3n a trav\u00e9s de \u00e9l. Se trata de un intento de phishing com\u00fan dirigido a los usuarios de Mailgun. Despl\u00e1zate hacia abajo para saber qu\u00e9 debes hacer con estos emails.<\/p><\/div>\r\n                        \r\n                        \r\n                        \r\n                                            <\/div>\r\n                <\/div>\r\n\r\n                \r\n            <\/div>\r\n        <\/div>\r\n\r\n        \r\n        \r\n        \r\n    <\/section>\r\n\n\n\r\n    <section data-content-type=\"component\" id=\"block-8ae07997cfb675d5e484c60add90b9c2\" class=\"section section-altblo section-py bg-light-subtle\" data-theme=\"light\">\r\n        <div class=\"container\">\r\n            <div class=\"row align-items-center \">\r\n                                    <div class=\"col-12 order-2 col-md-6 col-lg-5 order-md-1\">\r\n                        <div class=\"d-flex flex-column gap-3 gap-lg-4\">\r\n\r\n                                    <div>\r\n            \r\n                            <h2 class=\"mb-0 h3\">\u00bfPor qu\u00e9 he recibido un email del equipo de renovaciones de Mailgun?<\/h2>\r\n                    <\/div>\r\n\r\n\r\n                                                            <div class=\"content-body mb-0 text-body-color\"><p>Este es un intento de phishing com\u00fan dirigido a los usuarios de Mailgun. El phishing consiste en que un agente malicioso falsifica su identidad y finge ser una empresa que no es, en un intento de obtener de ti informaci\u00f3n. En este caso, intentan hacerse pasar por Mailgun y se ponen en contacto contigo supuestamente por un pago atrasado. Su objetivo es hacerse con tus claves de inicio de sesi\u00f3n de Mailgun para poder enviar spam a trav\u00e9s de tu cuenta.<\/p><p class=\"\">Estos correos electr\u00f3nicos suelen ser enviados por el \u201cequipo de renovaciones de Mailgun\u201d, que no es un correo ni una direcci\u00f3n v\u00e1lida que utilicemos nosotros. Los atacantes pueden haber obtenido tu direcci\u00f3n de email buscando en registros DNS p\u00fablicos para determinar qu\u00e9 ESP utilizas.<\/p><p class=\"mb-0\">Puede que el email te diga que tu cuenta ha sido suspendida, buscando asustarte para que proporciones tus credenciales de acceso. Puede parecerse al ejemplo de la derecha.<\/p><\/div>\r\n                            \r\n                            \r\n                            \r\n                            \r\n                        <\/div>\r\n                    <\/div>\r\n                                <div class=\"col-12 order-1 col-md-6 col-lg-7 mb-5 mb-md-0 order-md-2 ps-md-7 ps-lg-10 text-md-end\">\r\n\r\n                    <img decoding=\"async\" width=\"512\" height=\"428\" src=\"https:\/\/www.mailgun.com\/wp-content\/uploads\/2025\/07\/Mailgun.webp\" class=\"img-fluid\" alt=\"Imagen para \u00bfPor qu\u00e9 he recibido un email del equipo de renovaciones de Mailgun?\" sizes=\"(min-width: 1200px) 648px, (min-width: 768px) 50vw, 100vw\" srcset=\"https:\/\/www.mailgun.com\/wp-content\/uploads\/2025\/07\/Mailgun.webp 1024w, https:\/\/www.mailgun.com\/wp-content\/uploads\/2025\/07\/Mailgun-300x251.webp 300w, https:\/\/www.mailgun.com\/wp-content\/uploads\/2025\/07\/Mailgun-768x642.webp 768w\" \/>\r\n                <\/div>\r\n            <\/div>\r\n\r\n            \r\n            \r\n            \r\n                    <\/div>\r\n    <\/section>\r\n\r\n\n\n\r\n    <section data-content-type=\"component\" id=\"block-c87d67be1bb85b4fc7deb9de848924be\" class=\"section section-altblo section-py bg-body\" data-theme=\"light\">\r\n        <div class=\"container\">\r\n            <div class=\"row align-items-center \">\r\n                                    <div class=\"col-12 col-md-9\">\r\n                        <div class=\"d-flex flex-column gap-3 gap-lg-4\">\r\n\r\n                                    <div>\r\n            \r\n                            <h2 class=\"mb-0 h3\">C\u00f3mo detectar un intento de phishing<\/h2>\r\n                    <\/div>\r\n\r\n\r\n                                                            <div class=\"content-body mb-0 text-body-color\"><p>Mucho cuidado con los emails que coincidan con algunos de los siguientes criterios:<\/p><\/div>\r\n                            \r\n                            <ul class=\"list-styled-check m-0 text-body-color\"><li><p>Emails que no se dirigen a ti por tu nombre, est\u00e1n escritos en un espa\u00f1ol cuestionable u omiten informaci\u00f3n personal que un remitente leg\u00edtimo incluir\u00eda.<\/p><\/li><li><p>Proceden de empresas de las que no esperas emails o a las que no te has suscrito.<\/p><\/li><li><p>Te piden que descargues alg\u00fan archivo o mensaje.<\/p><\/li><li><p>Llevan a una p\u00e1gina de destino que no tiene una URL leg\u00edtima. Mailgun siempre te dirigir\u00e1 directamente a Mailgun.com<\/p><\/li><li><p class=\"mb-0\">En caso de duda, <b>no hagas clic en el enlace<\/b>. Visita Mailgun directamente escribiendo <b>www.mailgun.com\/es\/<\/b> en la barra de direcciones de tu navegador.<\/p><\/li><\/ul>\r\n                            \r\n                            \r\n                        <\/div>\r\n                    <\/div>\r\n                                <div class=\"col-12 d-none\">\r\n\r\n                    \r\n                <\/div>\r\n            <\/div>\r\n\r\n            \r\n            \r\n            \r\n                    <\/div>\r\n    <\/section>\r\n\r\n\n\n\r\n    <section data-content-type=\"component\" id=\"block-99995abb80967902a8aa98b6c986b01c\" class=\"section section-altblo section-py bg-light-subtle\" data-theme=\"light\">\r\n        <div class=\"container\">\r\n            <div class=\"row align-items-center \">\r\n                                    <div class=\"col-12 col-md-9\">\r\n                        <div class=\"d-flex flex-column gap-3 gap-lg-4\">\r\n\r\n                                    <div>\r\n            \r\n                            <h2 class=\"mb-0 h3\">\u00bfQu\u00e9 debes hacer al respecto?<\/h2>\r\n                    <\/div>\r\n\r\n\r\n                            \r\n                            <ul class=\"list-styled-check m-0 text-body-color\"><li><p class=\"mb-0\"><font color=\"#000000\"><b>&nbsp;<\/b><\/font><span style=\"font-family: inherit; font-size: inherit;\"><b>No hagas clic en \u00e9l <\/b>&#8211;&nbsp;<\/span><span style=\"font-family: inherit; font-size: inherit;\">Si recibes un email sospechoso, no hagas clic en ning\u00fan enlace.<\/span><\/p><\/li><li><p class=\"mb-0\"><span style=\"font-family: inherit; font-size: inherit;\"><b>Obt\u00e9n los encabezados<\/b><\/span><b>&nbsp;&#8211;<\/b><span style=\"font-family: inherit; font-size: inherit;\">Obt\u00e9n los encabezados En Gmail, si haces clic en los 3 puntos de la parte superior derecha del mensaje y luego en \u201cMostrar original\u201d, puedes copiar los encabezados.<\/span><\/p><\/li><li><p class=\"mb-0\"><span style=\"font-family: inherit; font-size: inherit;\"><b>Reenv\u00edalos a abuse@mailgun.com<\/b><\/span><b>&nbsp;&#8211;<\/b><span style=\"font-family: inherit; font-size: inherit;\">Reenv\u00eda el email que has recibido, a\u00f1adiendo los encabezados que acabas de copiar, a abuse@mailgun.com. A partir de ah\u00ed ya nos encargamos nosotros.<\/span><\/p><\/li><li><p class=\"mb-0\"><span style=\"font-family: inherit; font-size: inherit;\"><b>Elimina el email&nbsp;<\/b><\/span><b>&#8211;&nbsp;<\/b><span style=\"font-family: inherit; font-size: inherit;\">Elimina el email que has recibido. Si contin\u00faas recibiendo mensajes sospechosos, sigue reenvi\u00e1ndonoslos con sus encabezados.<\/span><\/p><\/li><\/ul>\r\n                            \r\n                            \r\n                        <\/div>\r\n                    <\/div>\r\n                                <div class=\"col-12 d-none\">\r\n\r\n                    \r\n                <\/div>\r\n            <\/div>\r\n\r\n            \r\n            \r\n            \r\n                    <\/div>\r\n    <\/section>\r\n\r\n","protected":false},"excerpt":{"rendered":"","protected":false},"author":73,"featured_media":0,"parent":0,"menu_order":0,"comment_status":"closed","ping_status":"closed","template":"","meta":{"_acf_changed":true,"_slug_changed":false,"footnotes":""},"class_list":["post-6306","page","type-page","status-publish","hentry"],"acf":[],"yoast_head":"<!-- This site is optimized with the Yoast SEO plugin v27.0 - https:\/\/yoast.com\/product\/yoast-seo-wordpress\/ -->\n<title>\u00bfRecibiste un email del equipo de renovaciones de Mailgun? | Mailgun<\/title>\n<meta name=\"description\" content=\"Este es un intento de phishing com\u00fan dirigido a los usuarios de Mailgun. Descubre qu\u00e9 hacer si recibes estos emails y c\u00f3mo puedes ayudarnos a prevenirlos.\" \/>\n<meta name=\"robots\" content=\"index, follow, max-snippet:-1, max-image-preview:large, max-video-preview:-1\" \/>\n<link rel=\"canonical\" href=\"https:\/\/www.mailgun.com\/es\/equipo-renovaciones-mailgun\/\" \/>\n<meta property=\"og:locale\" content=\"es_ES\" \/>\n<meta property=\"og:type\" content=\"article\" \/>\n<meta property=\"og:title\" content=\"\u00bfRecibiste un email del equipo de renovaciones de Mailgun? | Mailgun\" \/>\n<meta property=\"og:description\" content=\"Este es un intento de phishing com\u00fan dirigido a los usuarios de Mailgun. Descubre qu\u00e9 hacer si recibes estos emails y c\u00f3mo puedes ayudarnos a prevenirlos.\" \/>\n<meta property=\"og:url\" content=\"https:\/\/www.mailgun.com\/es\/equipo-renovaciones-mailgun\/\" \/>\n<meta property=\"og:site_name\" content=\"Transactional Email API Service For Developers | Mailgun\" \/>\n<meta property=\"article:modified_time\" content=\"2025-07-23T23:02:21+00:00\" \/>\n<meta name=\"twitter:card\" content=\"summary_large_image\" \/>\n<script type=\"application\/ld+json\" class=\"yoast-schema-graph\">{\"@context\":\"https:\/\/schema.org\",\"@graph\":[{\"@type\":\"WebPage\",\"@id\":\"https:\/\/www.mailgun.com\/es\/equipo-renovaciones-mailgun\/\",\"url\":\"https:\/\/www.mailgun.com\/es\/equipo-renovaciones-mailgun\/\",\"name\":\"\u00bfRecibiste un email del equipo de renovaciones de Mailgun? | Mailgun\",\"isPartOf\":{\"@id\":\"https:\/\/www.mailgun.com\/es\/#website\"},\"datePublished\":\"2025-07-16T08:35:19+00:00\",\"dateModified\":\"2025-07-23T23:02:21+00:00\",\"description\":\"Este es un intento de phishing com\u00fan dirigido a los usuarios de Mailgun. Descubre qu\u00e9 hacer si recibes estos emails y c\u00f3mo puedes ayudarnos a prevenirlos.\",\"breadcrumb\":{\"@id\":\"https:\/\/www.mailgun.com\/es\/equipo-renovaciones-mailgun\/#breadcrumb\"},\"inLanguage\":\"es\",\"potentialAction\":[{\"@type\":\"ReadAction\",\"target\":[\"https:\/\/www.mailgun.com\/es\/equipo-renovaciones-mailgun\/\"]}]},{\"@type\":\"BreadcrumbList\",\"@id\":\"https:\/\/www.mailgun.com\/es\/equipo-renovaciones-mailgun\/#breadcrumb\",\"itemListElement\":[{\"@type\":\"ListItem\",\"position\":1,\"name\":\"Home\",\"item\":\"https:\/\/www.mailgun.com\/es\/\"},{\"@type\":\"ListItem\",\"position\":2,\"name\":\"Mailgun Renewal Team\"}]},{\"@type\":\"WebSite\",\"@id\":\"https:\/\/www.mailgun.com\/es\/#website\",\"url\":\"https:\/\/www.mailgun.com\/es\/\",\"name\":\"Transactional Email API Service For Developers | Mailgun\",\"description\":\"Powerful Transactional Email APIs that enable you to send, receive, and track emails, built with developers in mind. Learn more today!\",\"publisher\":{\"@id\":\"https:\/\/www.mailgun.com\/es\/#organization\"},\"potentialAction\":[{\"@type\":\"SearchAction\",\"target\":{\"@type\":\"EntryPoint\",\"urlTemplate\":\"https:\/\/www.mailgun.com\/es\/?s={search_term_string}\"},\"query-input\":{\"@type\":\"PropertyValueSpecification\",\"valueRequired\":true,\"valueName\":\"search_term_string\"}}],\"inLanguage\":\"es\"},{\"@type\":\"Organization\",\"@id\":\"https:\/\/www.mailgun.com\/es\/#organization\",\"name\":\"Transactional Email API Service For Developers | Mailgun\",\"url\":\"https:\/\/www.mailgun.com\/es\/\",\"logo\":{\"@type\":\"ImageObject\",\"inLanguage\":\"es\",\"@id\":\"https:\/\/www.mailgun.com\/es\/#\/schema\/logo\/image\/\",\"url\":\"https:\/\/www.mailgun.com\/wp-content\/uploads\/2025\/06\/cropped-android-chrome-512x512-1.png\",\"contentUrl\":\"https:\/\/www.mailgun.com\/wp-content\/uploads\/2025\/06\/cropped-android-chrome-512x512-1.png\",\"width\":512,\"height\":512,\"caption\":\"Transactional Email API Service For Developers | Mailgun\"},\"image\":{\"@id\":\"https:\/\/www.mailgun.com\/es\/#\/schema\/logo\/image\/\"}}]}<\/script>\n<!-- \/ Yoast SEO plugin. -->","yoast_head_json":{"title":"\u00bfRecibiste un email del equipo de renovaciones de Mailgun? | Mailgun","description":"Este es un intento de phishing com\u00fan dirigido a los usuarios de Mailgun. Descubre qu\u00e9 hacer si recibes estos emails y c\u00f3mo puedes ayudarnos a prevenirlos.","robots":{"index":"index","follow":"follow","max-snippet":"max-snippet:-1","max-image-preview":"max-image-preview:large","max-video-preview":"max-video-preview:-1"},"canonical":"https:\/\/www.mailgun.com\/es\/equipo-renovaciones-mailgun\/","og_locale":"es_ES","og_type":"article","og_title":"\u00bfRecibiste un email del equipo de renovaciones de Mailgun? | Mailgun","og_description":"Este es un intento de phishing com\u00fan dirigido a los usuarios de Mailgun. Descubre qu\u00e9 hacer si recibes estos emails y c\u00f3mo puedes ayudarnos a prevenirlos.","og_url":"https:\/\/www.mailgun.com\/es\/equipo-renovaciones-mailgun\/","og_site_name":"Transactional Email API Service For Developers | Mailgun","article_modified_time":"2025-07-23T23:02:21+00:00","twitter_card":"summary_large_image","schema":{"@context":"https:\/\/schema.org","@graph":[{"@type":"WebPage","@id":"https:\/\/www.mailgun.com\/es\/equipo-renovaciones-mailgun\/","url":"https:\/\/www.mailgun.com\/es\/equipo-renovaciones-mailgun\/","name":"\u00bfRecibiste un email del equipo de renovaciones de Mailgun? | Mailgun","isPartOf":{"@id":"https:\/\/www.mailgun.com\/es\/#website"},"datePublished":"2025-07-16T08:35:19+00:00","dateModified":"2025-07-23T23:02:21+00:00","description":"Este es un intento de phishing com\u00fan dirigido a los usuarios de Mailgun. Descubre qu\u00e9 hacer si recibes estos emails y c\u00f3mo puedes ayudarnos a prevenirlos.","breadcrumb":{"@id":"https:\/\/www.mailgun.com\/es\/equipo-renovaciones-mailgun\/#breadcrumb"},"inLanguage":"es","potentialAction":[{"@type":"ReadAction","target":["https:\/\/www.mailgun.com\/es\/equipo-renovaciones-mailgun\/"]}]},{"@type":"BreadcrumbList","@id":"https:\/\/www.mailgun.com\/es\/equipo-renovaciones-mailgun\/#breadcrumb","itemListElement":[{"@type":"ListItem","position":1,"name":"Home","item":"https:\/\/www.mailgun.com\/es\/"},{"@type":"ListItem","position":2,"name":"Mailgun Renewal Team"}]},{"@type":"WebSite","@id":"https:\/\/www.mailgun.com\/es\/#website","url":"https:\/\/www.mailgun.com\/es\/","name":"Transactional Email API Service For Developers | Mailgun","description":"Powerful Transactional Email APIs that enable you to send, receive, and track emails, built with developers in mind. Learn more today!","publisher":{"@id":"https:\/\/www.mailgun.com\/es\/#organization"},"potentialAction":[{"@type":"SearchAction","target":{"@type":"EntryPoint","urlTemplate":"https:\/\/www.mailgun.com\/es\/?s={search_term_string}"},"query-input":{"@type":"PropertyValueSpecification","valueRequired":true,"valueName":"search_term_string"}}],"inLanguage":"es"},{"@type":"Organization","@id":"https:\/\/www.mailgun.com\/es\/#organization","name":"Transactional Email API Service For Developers | Mailgun","url":"https:\/\/www.mailgun.com\/es\/","logo":{"@type":"ImageObject","inLanguage":"es","@id":"https:\/\/www.mailgun.com\/es\/#\/schema\/logo\/image\/","url":"https:\/\/www.mailgun.com\/wp-content\/uploads\/2025\/06\/cropped-android-chrome-512x512-1.png","contentUrl":"https:\/\/www.mailgun.com\/wp-content\/uploads\/2025\/06\/cropped-android-chrome-512x512-1.png","width":512,"height":512,"caption":"Transactional Email API Service For Developers | Mailgun"},"image":{"@id":"https:\/\/www.mailgun.com\/es\/#\/schema\/logo\/image\/"}}]}},"_links":{"self":[{"href":"https:\/\/www.mailgun.com\/es\/wp-json\/wp\/v2\/pages\/6306","targetHints":{"allow":["GET"]}}],"collection":[{"href":"https:\/\/www.mailgun.com\/es\/wp-json\/wp\/v2\/pages"}],"about":[{"href":"https:\/\/www.mailgun.com\/es\/wp-json\/wp\/v2\/types\/page"}],"author":[{"embeddable":true,"href":"https:\/\/www.mailgun.com\/es\/wp-json\/wp\/v2\/users\/73"}],"replies":[{"embeddable":true,"href":"https:\/\/www.mailgun.com\/es\/wp-json\/wp\/v2\/comments?post=6306"}],"version-history":[{"count":0,"href":"https:\/\/www.mailgun.com\/es\/wp-json\/wp\/v2\/pages\/6306\/revisions"}],"wp:attachment":[{"href":"https:\/\/www.mailgun.com\/es\/wp-json\/wp\/v2\/media?parent=6306"}],"curies":[{"name":"wp","href":"https:\/\/api.w.org\/{rel}","templated":true}]}}