{"id":6329,"date":"2025-07-16T09:13:02","date_gmt":"2025-07-16T09:13:02","guid":{"rendered":"https:\/\/mgcomdev.wpenginepowered.com\/verificacion-emails\/email-verifier\/"},"modified":"2025-07-23T23:01:01","modified_gmt":"2025-07-23T23:01:01","slug":"verificador-emails","status":"publish","type":"page","link":"https:\/\/www.mailgun.com\/es\/verificacion-emails\/verificador-emails\/","title":{"rendered":"Boost your deliverability with Mailgun\u2019s email validation"},"content":{"rendered":"\r\n    <section data-content-type=\"component\" class=\"header-block section-py bg-light-subtle\" data-theme=\"dark\">\r\n        <div class=\"container header-block-container\">\r\n\r\n            \r\n            <div class=\"row align-items-center\">\r\n                <div class=\"col-12 col-lg-9\">\r\n                    <div class=\"d-flex flex-column gap-3 gap-md-4\">\r\n                        <div>\r\n                                                            <p class=\"text-uppercase section-caption text-body-color\">Una herramienta sencilla para profesionales de marketing y desarrolladores<\/p>\r\n                            \r\n                            <h1 class=\"text-accent m-0 p-0 h2\">\r\n                                Impulsa tu entregabilidad con la validaci\u00f3n de emails de Mailgun                            <\/h1>\r\n                        <\/div>\r\n\r\n                                                    <div class=\"content-body mb-0 text-body-color\"><p>Tienes una enorme lista de contactos que has estado utilizando durante a\u00f1os. Pero, \u00bfsabes de d\u00f3nde proceden esas direcciones? \u00bfHan pasado alguna validaci\u00f3n de emails?<\/p><p class=\"mb-0\">A la hora de enviar, no te la juegues: llega a contactos reales que realmente conecten con tus campa\u00f1as de email marketing. Con nosotros, resolver\u00e1s tu entregabilidad y podr\u00e1s despreocuparte de ella para centrarte en enviar mensajes que calen.<\/p><\/div>\r\n                        \r\n                        \r\n                        \r\n                                                    <div class=\"btn-group g-3 mt-0 row\">\r\n                                \r\n        <div class=\"col-auto\">\r\n        <a href=\"https:\/\/signup.mailgun.com\/new\/signup\"  class=\"btn btn-secondary btn-lg btn-animated\" >Empieza gratis<\/a>\r\n        <\/div>\r\n                                    <\/div>\r\n\r\n                                                                        <\/div>\r\n                <\/div>\r\n\r\n                \r\n            <\/div>\r\n        <\/div>\r\n\r\n        \r\n        \r\n        \r\n    <\/section>\r\n\n\n\r\n    <section data-content-type=\"component\" id=\"block-ae55fcb442e3d12ca80ef4c5a1aa58fe\" class=\"section section-altblo section-py bg-light-subtle\" data-theme=\"light\">\r\n        <div class=\"container\">\r\n            <div class=\"row align-items-center \">\r\n                                    <div class=\"col-12 col-md-9\">\r\n                        <div class=\"d-flex flex-column gap-3 gap-lg-4\">\r\n\r\n                                    <div>\r\n            \r\n                            <h2 class=\"mb-0 h3\">\u00bfPor qu\u00e9 utilizar un verificador de emails para tu lista de contactos?<\/h2>\r\n                    <\/div>\r\n\r\n\r\n                                                            <div class=\"content-body mb-0 text-body-color\"><p>Cuando tu trabajo principal es brindar un servicio de marketing de confianza a los clientes, no puedes permitirte perder tiempo y dinero en contactos que no existen. Una herramienta de validaci\u00f3n de emails acelera los plazos y os ahorra tiempo a ti y a tu equipo de desarrolladores, para que pod\u00e1is poneros cuanto antes a enviar emails a las personas adecuadas. En lugar de estar d\u00e1ndole vueltas a las expresiones regulares apropiadas para validar las direcciones, si integr\u00e1is un verificador de emails en vuestros formularios web, este \u00faltimo se encarga de detectar errores tipogr\u00e1ficos, as\u00ed como de mantener fuera de vuestras listas de contactos las direcciones no v\u00e1lidas.<\/p><\/div>\r\n                            \r\n                            \r\n                            \r\n                            \r\n                        <\/div>\r\n                    <\/div>\r\n                                <div class=\"col-12 d-none\">\r\n\r\n                    \r\n                <\/div>\r\n            <\/div>\r\n\r\n            \r\n            \r\n            \r\n                    <\/div>\r\n    <\/section>\r\n\r\n\n\n\r\n    <section data-content-type=\"component\" id=\"block-f77cfdbff475cb68a317761eaf5ca695\" class=\"section section-altblo section-py bg-body\" data-theme=\"light\">\r\n        <div class=\"container\">\r\n            <div class=\"row align-items-center \">\r\n                                    <div class=\"col-12 col-md-9\">\r\n                        <div class=\"d-flex flex-column gap-3 gap-lg-4\">\r\n\r\n                                    <div>\r\n            \r\n                            <h2 class=\"mb-0 h3\">Cuatro elementos de una reputaci\u00f3n como remitente perfecta<\/h2>\r\n                    <\/div>\r\n\r\n\r\n                                                            <div class=\"content-body mb-0 text-body-color\"><p>Los malos emails existen y pueden acabar en tu lista. Un verificador de emails masivo puede ayudarte a evitarlos. Como profesional del email marketing, es probable que ya supervises m\u00e9tricas como las aperturas, los clics y las conversiones. No deber\u00edas descuidar tu reputaci\u00f3n como remitente, que garantiza que tus suscriptores reciban esos emails en que has invertido tanto tiempo y esfuerzo de dise\u00f1o y optimizaci\u00f3n. Mailgun te ayuda a abordar estos cuatro elementos de la reputaci\u00f3n como remitente:<\/p><\/div>\r\n                            \r\n                            <ul class=\"list-styled-check m-0 text-body-color\"><li><p><b>Calidad de tus contactos:<\/b> un 24 % de tu lista de direcciones de email se degrada cada a\u00f1o. \u00bfCon qu\u00e9 frecuencia compruebas si hay direcciones indeseables o con errores tipogr\u00e1ficos, de sintaxis o de gram\u00e1tica? La mayor\u00eda de los emails que causan rebotes definitivos se deben a que est\u00e1n mal escritas (\u201cgmial.com\u201d en lugar de Gmail o \u201cyaho.com\u201d en vez de Yahoo). Verifica autom\u00e1ticamente los errores antes de que lleguen a tu lista de contactos y supervisa las direcciones no v\u00e1lidas o desactualizadas.<\/p><\/li><li><p><b>Nivel de interacci\u00f3n:<\/b> \u00bfest\u00e1s enviando el contenido adecuado a tus suscriptores? Si hay direcciones que se vuelven inactivas, es decir, que nunca responden, hacen clic o abren tus emails, es el momento de olvidarte de ellas o de buscar una mejor segmentaci\u00f3n en lugar de mandar cada mensaje a lo bruto a toda la lista.<\/p><\/li><li><p><b>La cantidad de emails que env\u00edas:<\/b> enviar demasiados mensajes o hacerlo con demasiada frecuencia al mismo p\u00fablico termina cansando y puede afectar a tu entregabilidad. Los proveedores de buzones miran el volumen de env\u00edos en relaci\u00f3n con las cancelaciones de suscripci\u00f3n, las quejas por spam, etc., lo que resalta a\u00fan m\u00e1s la importancia de contar con un verificador de emails que detecte las direcciones no v\u00e1lidas.<\/p><\/li><li><p><b>Quejas por correo no deseado:<\/b> el mayor miedo de todo profesional del marketing es aterrizar en una lista de direcciones de email bloqueadas (tambi\u00e9n llamada lista de bloqueo). Si un suscriptor te marca como correo no deseado, debes eliminarlo de tu lista cuanto antes. Aunque todos preferir\u00edamos que cuando un suscriptor quiera dejar de recibir mensajes se d\u00e9 de baja, es m\u00e1s f\u00e1cil darle al bot\u00f3n de \u201cspam\u201d, as\u00ed que aseg\u00farate de comprobar este aspecto cada vez que env\u00edes una campa\u00f1a de email.<\/p><\/li><\/ul>\r\n                            \r\n                            \r\n                        <\/div>\r\n                    <\/div>\r\n                                <div class=\"col-12 d-none\">\r\n\r\n                    \r\n                <\/div>\r\n            <\/div>\r\n\r\n            \r\n            \r\n            \r\n                    <\/div>\r\n    <\/section>\r\n\r\n\n\n\r\n    <section data-content-type=\"component\" id=\"block-7af8aaf51deaf8556e55b9cd836bb0da\" class=\"section section-altblo section-py bg-light-subtle\" data-theme=\"light\">\r\n        <div class=\"container\">\r\n            <div class=\"row align-items-center \">\r\n                                    <div class=\"col-12 col-md-9\">\r\n                        <div class=\"d-flex flex-column gap-3 gap-lg-4\">\r\n\r\n                                    <div>\r\n            \r\n                            <h2 class=\"mb-0 h3\">As\u00ed funciona: una lista de contactos impecable en 3 sencillos pasos<\/h2>\r\n                    <\/div>\r\n\r\n\r\n                                                            <div class=\"content-body mb-0 text-body-color\"><p class=\"\">Los proveedores de servicios de env\u00edo de emails (ESP) como Mailgun te permiten tomar mejores decisiones de env\u00edo y facilitar la limpieza de listas. A trav\u00e9s de nuestra API de validaci\u00f3n de emails, puedes integrar un verificador de direcciones en tus aplicaciones y p\u00e1gina web. El algoritmo patentado de Mailgun puede:<\/p><p>Comienza a comprobar tus emails con una cuenta gratuita usando una herramienta de verificaci\u00f3n asequible: \u00a1a ver cu\u00e1ntas alertas encuentras entre tus direcciones! Captura las direcciones desechables, aquellas de cargos (y no de personas) y mucho m\u00e1s con Mailgun, y qu\u00edtate un peso de encima.<\/p><\/div>\r\n                            \r\n                            <ul class=\"list-styled-check m-0 text-body-color\"><li><p>Realizar una llamada SMTP y comprobar si un buz\u00f3n existe antes de enviar un email. Hacemos ping al servidor de email, analizamos los registros MX, evaluamos el nombre de dominio y verificamos los buzones de correo en tiempo real para ofrecerte resultados precisos que te permitan enviar solo a contactos reales.<\/p><\/li><li><p>Desarrollar nuevas listas y hacer mantenimiento de tu lista de contactos existente, con la verificaci\u00f3n masiva de emails, de modo que no quepa duda de que cada direcci\u00f3n que agregues sea v\u00e1lida.<\/p><\/li><li><p>Mantener tu tasa de rebote bajo control supervisando si las direcciones se vuelven inactivas, si no es posible entregar o si has ca\u00eddo en una spam trap.<\/p><\/li><\/ul>\r\n                            \r\n                            \r\n                        <\/div>\r\n                    <\/div>\r\n                                <div class=\"col-12 d-none\">\r\n\r\n                    \r\n                <\/div>\r\n            <\/div>\r\n\r\n            \r\n            \r\n            \r\n                    <\/div>\r\n    <\/section>\r\n\r\n","protected":false},"excerpt":{"rendered":"","protected":false},"author":73,"featured_media":0,"parent":6316,"menu_order":0,"comment_status":"closed","ping_status":"closed","template":"","meta":{"_acf_changed":true,"_slug_changed":false,"footnotes":""},"class_list":["post-6329","page","type-page","status-publish","hentry"],"acf":[],"yoast_head":"<!-- This site is optimized with the Yoast SEO plugin v27.5 - https:\/\/yoast.com\/product\/yoast-seo-wordpress\/ -->\n<title>Validaci\u00f3n de emails \u2014 Una c\u00f3moda herramienta de Mailgun | Mailgun<\/title>\n<meta name=\"description\" content=\"Una pr\u00e1ctica herramienta de verificaci\u00f3n de contactos para profesionales del email marketing y desarrolladores. No te la juegues con tus env\u00edos.\" \/>\n<meta name=\"robots\" content=\"index, follow, max-snippet:-1, max-image-preview:large, max-video-preview:-1\" \/>\n<link rel=\"canonical\" href=\"https:\/\/www.mailgun.com\/es\/verificacion-emails\/verificador-emails\/\" \/>\n<meta property=\"og:locale\" content=\"es_ES\" \/>\n<meta property=\"og:type\" content=\"article\" \/>\n<meta property=\"og:title\" content=\"Validaci\u00f3n de emails \u2014 Una c\u00f3moda herramienta de Mailgun | Mailgun\" \/>\n<meta property=\"og:description\" content=\"Una pr\u00e1ctica herramienta de verificaci\u00f3n de contactos para profesionales del email marketing y desarrolladores. No te la juegues con tus env\u00edos.\" \/>\n<meta property=\"og:url\" content=\"https:\/\/www.mailgun.com\/es\/verificacion-emails\/verificador-emails\/\" \/>\n<meta property=\"og:site_name\" content=\"Transactional Email API Service For Developers | Mailgun\" \/>\n<meta property=\"article:modified_time\" content=\"2025-07-23T23:01:01+00:00\" \/>\n<meta name=\"twitter:card\" content=\"summary_large_image\" \/>\n<script type=\"application\/ld+json\" class=\"yoast-schema-graph\">{\"@context\":\"https:\\\/\\\/schema.org\",\"@graph\":[{\"@type\":\"WebPage\",\"@id\":\"https:\\\/\\\/www.mailgun.com\\\/es\\\/verificacion-emails\\\/verificador-emails\\\/\",\"url\":\"https:\\\/\\\/www.mailgun.com\\\/es\\\/verificacion-emails\\\/verificador-emails\\\/\",\"name\":\"Validaci\u00f3n de emails \u2014 Una c\u00f3moda herramienta de Mailgun | Mailgun\",\"isPartOf\":{\"@id\":\"https:\\\/\\\/www.mailgun.com\\\/es\\\/#website\"},\"datePublished\":\"2025-07-16T09:13:02+00:00\",\"dateModified\":\"2025-07-23T23:01:01+00:00\",\"description\":\"Una pr\u00e1ctica herramienta de verificaci\u00f3n de contactos para profesionales del email marketing y desarrolladores. No te la juegues con tus env\u00edos.\",\"breadcrumb\":{\"@id\":\"https:\\\/\\\/www.mailgun.com\\\/es\\\/verificacion-emails\\\/verificador-emails\\\/#breadcrumb\"},\"inLanguage\":\"es\",\"potentialAction\":[{\"@type\":\"ReadAction\",\"target\":[\"https:\\\/\\\/www.mailgun.com\\\/es\\\/verificacion-emails\\\/verificador-emails\\\/\"]}]},{\"@type\":\"BreadcrumbList\",\"@id\":\"https:\\\/\\\/www.mailgun.com\\\/es\\\/verificacion-emails\\\/verificador-emails\\\/#breadcrumb\",\"itemListElement\":[{\"@type\":\"ListItem\",\"position\":1,\"name\":\"Home\",\"item\":\"https:\\\/\\\/www.mailgun.com\\\/es\\\/\"},{\"@type\":\"ListItem\",\"position\":2,\"name\":\"Verificacion-emails\",\"item\":\"https:\\\/\\\/www.mailgun.com\\\/es\\\/?page_id=6316\"},{\"@type\":\"ListItem\",\"position\":3,\"name\":\"Boost your deliverability with Mailgun\u2019s email validation\"}]},{\"@type\":\"WebSite\",\"@id\":\"https:\\\/\\\/www.mailgun.com\\\/es\\\/#website\",\"url\":\"https:\\\/\\\/www.mailgun.com\\\/es\\\/\",\"name\":\"Transactional Email API Service For Developers | Mailgun\",\"description\":\"Powerful Transactional Email APIs that enable you to send, receive, and track emails, built with developers in mind. Learn more today!\",\"publisher\":{\"@id\":\"https:\\\/\\\/www.mailgun.com\\\/es\\\/#organization\"},\"potentialAction\":[{\"@type\":\"SearchAction\",\"target\":{\"@type\":\"EntryPoint\",\"urlTemplate\":\"https:\\\/\\\/www.mailgun.com\\\/es\\\/?s={search_term_string}\"},\"query-input\":{\"@type\":\"PropertyValueSpecification\",\"valueRequired\":true,\"valueName\":\"search_term_string\"}}],\"inLanguage\":\"es\"},{\"@type\":\"Organization\",\"@id\":\"https:\\\/\\\/www.mailgun.com\\\/es\\\/#organization\",\"name\":\"Transactional Email API Service For Developers | Mailgun\",\"url\":\"https:\\\/\\\/www.mailgun.com\\\/es\\\/\",\"logo\":{\"@type\":\"ImageObject\",\"inLanguage\":\"es\",\"@id\":\"https:\\\/\\\/www.mailgun.com\\\/es\\\/#\\\/schema\\\/logo\\\/image\\\/\",\"url\":\"https:\\\/\\\/www.mailgun.com\\\/wp-content\\\/uploads\\\/2025\\\/06\\\/cropped-android-chrome-512x512-1.png\",\"contentUrl\":\"https:\\\/\\\/www.mailgun.com\\\/wp-content\\\/uploads\\\/2025\\\/06\\\/cropped-android-chrome-512x512-1.png\",\"width\":512,\"height\":512,\"caption\":\"Transactional Email API Service For Developers | Mailgun\"},\"image\":{\"@id\":\"https:\\\/\\\/www.mailgun.com\\\/es\\\/#\\\/schema\\\/logo\\\/image\\\/\"}}]}<\/script>\n<!-- \/ Yoast SEO plugin. -->","yoast_head_json":{"title":"Validaci\u00f3n de emails \u2014 Una c\u00f3moda herramienta de Mailgun | Mailgun","description":"Una pr\u00e1ctica herramienta de verificaci\u00f3n de contactos para profesionales del email marketing y desarrolladores. No te la juegues con tus env\u00edos.","robots":{"index":"index","follow":"follow","max-snippet":"max-snippet:-1","max-image-preview":"max-image-preview:large","max-video-preview":"max-video-preview:-1"},"canonical":"https:\/\/www.mailgun.com\/es\/verificacion-emails\/verificador-emails\/","og_locale":"es_ES","og_type":"article","og_title":"Validaci\u00f3n de emails \u2014 Una c\u00f3moda herramienta de Mailgun | Mailgun","og_description":"Una pr\u00e1ctica herramienta de verificaci\u00f3n de contactos para profesionales del email marketing y desarrolladores. No te la juegues con tus env\u00edos.","og_url":"https:\/\/www.mailgun.com\/es\/verificacion-emails\/verificador-emails\/","og_site_name":"Transactional Email API Service For Developers | Mailgun","article_modified_time":"2025-07-23T23:01:01+00:00","twitter_card":"summary_large_image","schema":{"@context":"https:\/\/schema.org","@graph":[{"@type":"WebPage","@id":"https:\/\/www.mailgun.com\/es\/verificacion-emails\/verificador-emails\/","url":"https:\/\/www.mailgun.com\/es\/verificacion-emails\/verificador-emails\/","name":"Validaci\u00f3n de emails \u2014 Una c\u00f3moda herramienta de Mailgun | Mailgun","isPartOf":{"@id":"https:\/\/www.mailgun.com\/es\/#website"},"datePublished":"2025-07-16T09:13:02+00:00","dateModified":"2025-07-23T23:01:01+00:00","description":"Una pr\u00e1ctica herramienta de verificaci\u00f3n de contactos para profesionales del email marketing y desarrolladores. No te la juegues con tus env\u00edos.","breadcrumb":{"@id":"https:\/\/www.mailgun.com\/es\/verificacion-emails\/verificador-emails\/#breadcrumb"},"inLanguage":"es","potentialAction":[{"@type":"ReadAction","target":["https:\/\/www.mailgun.com\/es\/verificacion-emails\/verificador-emails\/"]}]},{"@type":"BreadcrumbList","@id":"https:\/\/www.mailgun.com\/es\/verificacion-emails\/verificador-emails\/#breadcrumb","itemListElement":[{"@type":"ListItem","position":1,"name":"Home","item":"https:\/\/www.mailgun.com\/es\/"},{"@type":"ListItem","position":2,"name":"Verificacion-emails","item":"https:\/\/www.mailgun.com\/es\/?page_id=6316"},{"@type":"ListItem","position":3,"name":"Boost your deliverability with Mailgun\u2019s email validation"}]},{"@type":"WebSite","@id":"https:\/\/www.mailgun.com\/es\/#website","url":"https:\/\/www.mailgun.com\/es\/","name":"Transactional Email API Service For Developers | Mailgun","description":"Powerful Transactional Email APIs that enable you to send, receive, and track emails, built with developers in mind. Learn more today!","publisher":{"@id":"https:\/\/www.mailgun.com\/es\/#organization"},"potentialAction":[{"@type":"SearchAction","target":{"@type":"EntryPoint","urlTemplate":"https:\/\/www.mailgun.com\/es\/?s={search_term_string}"},"query-input":{"@type":"PropertyValueSpecification","valueRequired":true,"valueName":"search_term_string"}}],"inLanguage":"es"},{"@type":"Organization","@id":"https:\/\/www.mailgun.com\/es\/#organization","name":"Transactional Email API Service For Developers | Mailgun","url":"https:\/\/www.mailgun.com\/es\/","logo":{"@type":"ImageObject","inLanguage":"es","@id":"https:\/\/www.mailgun.com\/es\/#\/schema\/logo\/image\/","url":"https:\/\/www.mailgun.com\/wp-content\/uploads\/2025\/06\/cropped-android-chrome-512x512-1.png","contentUrl":"https:\/\/www.mailgun.com\/wp-content\/uploads\/2025\/06\/cropped-android-chrome-512x512-1.png","width":512,"height":512,"caption":"Transactional Email API Service For Developers | Mailgun"},"image":{"@id":"https:\/\/www.mailgun.com\/es\/#\/schema\/logo\/image\/"}}]}},"_links":{"self":[{"href":"https:\/\/www.mailgun.com\/es\/wp-json\/wp\/v2\/pages\/6329","targetHints":{"allow":["GET"]}}],"collection":[{"href":"https:\/\/www.mailgun.com\/es\/wp-json\/wp\/v2\/pages"}],"about":[{"href":"https:\/\/www.mailgun.com\/es\/wp-json\/wp\/v2\/types\/page"}],"author":[{"embeddable":true,"href":"https:\/\/www.mailgun.com\/es\/wp-json\/wp\/v2\/users\/73"}],"replies":[{"embeddable":true,"href":"https:\/\/www.mailgun.com\/es\/wp-json\/wp\/v2\/comments?post=6329"}],"version-history":[{"count":0,"href":"https:\/\/www.mailgun.com\/es\/wp-json\/wp\/v2\/pages\/6329\/revisions"}],"up":[{"embeddable":true,"href":"https:\/\/www.mailgun.com\/es\/wp-json\/wp\/v2\/pages\/6316"}],"wp:attachment":[{"href":"https:\/\/www.mailgun.com\/es\/wp-json\/wp\/v2\/media?parent=6329"}],"curies":[{"name":"wp","href":"https:\/\/api.w.org\/{rel}","templated":true}]}}