{"id":101,"date":"2025-06-24T07:15:50","date_gmt":"2025-06-24T07:15:50","guid":{"rendered":"https:\/\/mgcomdev.local\/?page_id=101"},"modified":"2025-07-22T13:18:42","modified_gmt":"2025-07-22T13:18:42","slug":"vente","status":"publish","type":"page","link":"https:\/\/www.mailgun.com\/fr\/contact\/vente\/","title":{"rendered":"Vente"},"content":{"rendered":"\r\n    <section data-content-type=\"component\" class=\"header-block section-py bg-light-subtle\" data-theme=\"dark\">\r\n        <div class=\"container header-block-container\">\r\n\r\n            \r\n            <div class=\"row align-items-center\">\r\n                <div class=\"col-12 col-lg-9\">\r\n                    <div class=\"d-flex flex-column gap-3 gap-md-4\">\r\n                        <div>\r\n                                                            <p class=\"text-uppercase section-caption text-body-color\">Un besoin commercial ? Contactez-nous.<\/p>\r\n                            \r\n                            <h1 class=\"text-accent m-0 p-0 \">\r\n                                Contacter notre \u00e9quipe commerciale                            <\/h1>\r\n                        <\/div>\r\n\r\n                                                    <div class=\"content-body mb-0 text-body-color\"><p class=\"mb-0\">Notre \u00e9quipe est \u00e0 votre disposition pour trouver la solution qui vous convient, discuter des diff\u00e9rentes options de fonctionnalit\u00e9s et de prix, et vous fournir les informations dont vous avez besoin.<\/p><\/div>\r\n                        \r\n                        \r\n                        \r\n                                            <\/div>\r\n                <\/div>\r\n\r\n                \r\n            <\/div>\r\n        <\/div>\r\n\r\n        \r\n        \r\n        \r\n    <\/section>\r\n\n\n\r\n    <section data-content-type=\"component\"  id=\"form\" class=\"section section-py form-block bg-light\" data-theme=\"light\">\r\n        <div class=\"container\">\r\n            <div class=\"row justify-content-center\">\r\n                <div class=\"col-12 col-lg-8 justify-content-center\">\r\n\r\n                    <div class=\"\">\r\n\r\n\r\n                        <div class=\"form-block-container shadow-lg bg-body px-5 py-7 p-md-9\" data-theme=\"light\">\r\n\r\n                            \r\n\r\n                                <!-- MARKETING CLOUD Form Container -- Start -->\r\n                                <div class=\"marketing-cloud-form-container\">\r\n                                                                            <div class=\"form-content mb-3\">\r\n                                                                                            <h2 class=\"h5 mb-3\">Comment Mailgun peut vous aider<\/h2>\r\n                                                                                                                                        <p class=\"content-body text-body-color mb-0\">D\u00e9couvrez ce que vous pouvez accomplir avec la meilleure plateforme de livraison d\u2019emails au monde.<\/p>\r\n                                                                                    <\/div>\r\n\r\n                                    \r\n\r\n                                    \r\n                                    <iframe\r\n                                        id=\"marketing-cloud-form\"\r\n                                        class=\"marketing-cloud-iframe\"\r\n                                        data-iframe-params=\"utm_source,utm_medium,utm_campaign,utm_term,utm_content,transid,gclid,intcmp,msclkid\"\r\n                                        src=\"https:\/\/cloud.m.sinch.com\/sinchform1_0?referrer=https%3A%2F%2Fwww.mailgun.com%2Ffr%2Fwp-json%2Fwp%2Fv2%2Fpages%2F101&#038;lang=fr&#038;theme=www.mailgun.com\"\r\n                                        title=\"Comment Mailgun peut vous aider\"\r\n                                        style=\"width: 100%;\">\r\n                                    <\/iframe>\r\n                                <\/div>\r\n                                <!-- MARKETING CLOUD Container -- Start -->\r\n\r\n\r\n                                                    <\/div>\r\n                    <\/div>\r\n                <\/div>\r\n            <\/div>\r\n        <\/div>\r\n    <\/section>\r\n\r\n","protected":false},"excerpt":{"rendered":"","protected":false},"author":90,"featured_media":0,"parent":95,"menu_order":0,"comment_status":"closed","ping_status":"closed","template":"","meta":{"_acf_changed":true,"_slug_changed":false,"footnotes":""},"class_list":["post-101","page","type-page","status-publish","hentry"],"acf":[],"yoast_head":"<!-- This site is optimized with the Yoast SEO plugin v27.0 - https:\/\/yoast.com\/product\/yoast-seo-wordpress\/ -->\n<title>Vente - Transactional Email API Service For Developers | Mailgun<\/title>\n<meta name=\"description\" content=\"Contactez-nous ! Mailgun peut am\u00e9liorer votre d\u00e9livrabilit\u00e9, augmenter vos taux de clics et prot\u00e9ger votre r\u00e9putation. Je veux une d\u00e9monstration gratuite\" \/>\n<meta name=\"robots\" content=\"noindex, nofollow\" \/>\n<meta property=\"og:locale\" content=\"fr_FR\" \/>\n<meta property=\"og:type\" content=\"article\" \/>\n<meta property=\"og:title\" content=\"Vente - Transactional Email API Service For Developers | Mailgun\" \/>\n<meta property=\"og:description\" content=\"Contactez-nous ! Mailgun peut am\u00e9liorer votre d\u00e9livrabilit\u00e9, augmenter vos taux de clics et prot\u00e9ger votre r\u00e9putation. Je veux une d\u00e9monstration gratuite\" \/>\n<meta property=\"og:url\" content=\"https:\/\/www.mailgun.com\/fr\/contact\/vente\/\" \/>\n<meta property=\"og:site_name\" content=\"Transactional Email API Service For Developers | Mailgun\" \/>\n<meta property=\"article:modified_time\" content=\"2025-07-22T13:18:42+00:00\" \/>\n<meta name=\"twitter:card\" content=\"summary_large_image\" \/>\n<script type=\"application\/ld+json\" class=\"yoast-schema-graph\">{\"@context\":\"https:\/\/schema.org\",\"@graph\":[{\"@type\":\"WebPage\",\"@id\":\"https:\/\/www.mailgun.com\/fr\/contact\/vente\/\",\"url\":\"https:\/\/www.mailgun.com\/fr\/contact\/vente\/\",\"name\":\"Vente - Transactional Email API Service For Developers | Mailgun\",\"isPartOf\":{\"@id\":\"https:\/\/www.mailgun.com\/fr\/#website\"},\"datePublished\":\"2025-06-24T07:15:50+00:00\",\"dateModified\":\"2025-07-22T13:18:42+00:00\",\"description\":\"Contactez-nous ! Mailgun peut am\u00e9liorer votre d\u00e9livrabilit\u00e9, augmenter vos taux de clics et prot\u00e9ger votre r\u00e9putation. Je veux une d\u00e9monstration gratuite\",\"breadcrumb\":{\"@id\":\"https:\/\/www.mailgun.com\/fr\/contact\/vente\/#breadcrumb\"},\"inLanguage\":\"fr-FR\",\"potentialAction\":[{\"@type\":\"ReadAction\",\"target\":[\"https:\/\/www.mailgun.com\/fr\/contact\/vente\/\"]}]},{\"@type\":\"BreadcrumbList\",\"@id\":\"https:\/\/www.mailgun.com\/fr\/contact\/vente\/#breadcrumb\",\"itemListElement\":[{\"@type\":\"ListItem\",\"position\":1,\"name\":\"Home\",\"item\":\"https:\/\/www.mailgun.com\/fr\/\"},{\"@type\":\"ListItem\",\"position\":2,\"name\":\"Contact\",\"item\":\"https:\/\/www.mailgun.com\/fr\/contact\/\"},{\"@type\":\"ListItem\",\"position\":3,\"name\":\"Vente\"}]},{\"@type\":\"WebSite\",\"@id\":\"https:\/\/www.mailgun.com\/fr\/#website\",\"url\":\"https:\/\/www.mailgun.com\/fr\/\",\"name\":\"Transactional Email API Service For Developers | Mailgun\",\"description\":\"Powerful Transactional Email APIs that enable you to send, receive, and track emails, built with developers in mind. Learn more today!\",\"publisher\":{\"@id\":\"https:\/\/www.mailgun.com\/fr\/#organization\"},\"potentialAction\":[{\"@type\":\"SearchAction\",\"target\":{\"@type\":\"EntryPoint\",\"urlTemplate\":\"https:\/\/www.mailgun.com\/fr\/?s={search_term_string}\"},\"query-input\":{\"@type\":\"PropertyValueSpecification\",\"valueRequired\":true,\"valueName\":\"search_term_string\"}}],\"inLanguage\":\"fr-FR\"},{\"@type\":\"Organization\",\"@id\":\"https:\/\/www.mailgun.com\/fr\/#organization\",\"name\":\"Transactional Email API Service For Developers | Mailgun\",\"url\":\"https:\/\/www.mailgun.com\/fr\/\",\"logo\":{\"@type\":\"ImageObject\",\"inLanguage\":\"fr-FR\",\"@id\":\"https:\/\/www.mailgun.com\/fr\/#\/schema\/logo\/image\/\",\"url\":\"https:\/\/www.mailgun.com\/wp-content\/uploads\/2025\/06\/cropped-android-chrome-512x512-1.png\",\"contentUrl\":\"https:\/\/www.mailgun.com\/wp-content\/uploads\/2025\/06\/cropped-android-chrome-512x512-1.png\",\"width\":512,\"height\":512,\"caption\":\"Transactional Email API Service For Developers | Mailgun\"},\"image\":{\"@id\":\"https:\/\/www.mailgun.com\/fr\/#\/schema\/logo\/image\/\"}}]}<\/script>\n<!-- \/ Yoast SEO plugin. -->","yoast_head_json":{"title":"Vente - Transactional Email API Service For Developers | Mailgun","description":"Contactez-nous ! Mailgun peut am\u00e9liorer votre d\u00e9livrabilit\u00e9, augmenter vos taux de clics et prot\u00e9ger votre r\u00e9putation. Je veux une d\u00e9monstration gratuite","robots":{"index":"noindex","follow":"nofollow"},"og_locale":"fr_FR","og_type":"article","og_title":"Vente - Transactional Email API Service For Developers | Mailgun","og_description":"Contactez-nous ! Mailgun peut am\u00e9liorer votre d\u00e9livrabilit\u00e9, augmenter vos taux de clics et prot\u00e9ger votre r\u00e9putation. Je veux une d\u00e9monstration gratuite","og_url":"https:\/\/www.mailgun.com\/fr\/contact\/vente\/","og_site_name":"Transactional Email API Service For Developers | Mailgun","article_modified_time":"2025-07-22T13:18:42+00:00","twitter_card":"summary_large_image","schema":{"@context":"https:\/\/schema.org","@graph":[{"@type":"WebPage","@id":"https:\/\/www.mailgun.com\/fr\/contact\/vente\/","url":"https:\/\/www.mailgun.com\/fr\/contact\/vente\/","name":"Vente - Transactional Email API Service For Developers | Mailgun","isPartOf":{"@id":"https:\/\/www.mailgun.com\/fr\/#website"},"datePublished":"2025-06-24T07:15:50+00:00","dateModified":"2025-07-22T13:18:42+00:00","description":"Contactez-nous ! Mailgun peut am\u00e9liorer votre d\u00e9livrabilit\u00e9, augmenter vos taux de clics et prot\u00e9ger votre r\u00e9putation. Je veux une d\u00e9monstration gratuite","breadcrumb":{"@id":"https:\/\/www.mailgun.com\/fr\/contact\/vente\/#breadcrumb"},"inLanguage":"fr-FR","potentialAction":[{"@type":"ReadAction","target":["https:\/\/www.mailgun.com\/fr\/contact\/vente\/"]}]},{"@type":"BreadcrumbList","@id":"https:\/\/www.mailgun.com\/fr\/contact\/vente\/#breadcrumb","itemListElement":[{"@type":"ListItem","position":1,"name":"Home","item":"https:\/\/www.mailgun.com\/fr\/"},{"@type":"ListItem","position":2,"name":"Contact","item":"https:\/\/www.mailgun.com\/fr\/contact\/"},{"@type":"ListItem","position":3,"name":"Vente"}]},{"@type":"WebSite","@id":"https:\/\/www.mailgun.com\/fr\/#website","url":"https:\/\/www.mailgun.com\/fr\/","name":"Transactional Email API Service For Developers | Mailgun","description":"Powerful Transactional Email APIs that enable you to send, receive, and track emails, built with developers in mind. Learn more today!","publisher":{"@id":"https:\/\/www.mailgun.com\/fr\/#organization"},"potentialAction":[{"@type":"SearchAction","target":{"@type":"EntryPoint","urlTemplate":"https:\/\/www.mailgun.com\/fr\/?s={search_term_string}"},"query-input":{"@type":"PropertyValueSpecification","valueRequired":true,"valueName":"search_term_string"}}],"inLanguage":"fr-FR"},{"@type":"Organization","@id":"https:\/\/www.mailgun.com\/fr\/#organization","name":"Transactional Email API Service For Developers | Mailgun","url":"https:\/\/www.mailgun.com\/fr\/","logo":{"@type":"ImageObject","inLanguage":"fr-FR","@id":"https:\/\/www.mailgun.com\/fr\/#\/schema\/logo\/image\/","url":"https:\/\/www.mailgun.com\/wp-content\/uploads\/2025\/06\/cropped-android-chrome-512x512-1.png","contentUrl":"https:\/\/www.mailgun.com\/wp-content\/uploads\/2025\/06\/cropped-android-chrome-512x512-1.png","width":512,"height":512,"caption":"Transactional Email API Service For Developers | Mailgun"},"image":{"@id":"https:\/\/www.mailgun.com\/fr\/#\/schema\/logo\/image\/"}}]}},"_links":{"self":[{"href":"https:\/\/www.mailgun.com\/fr\/wp-json\/wp\/v2\/pages\/101","targetHints":{"allow":["GET"]}}],"collection":[{"href":"https:\/\/www.mailgun.com\/fr\/wp-json\/wp\/v2\/pages"}],"about":[{"href":"https:\/\/www.mailgun.com\/fr\/wp-json\/wp\/v2\/types\/page"}],"author":[{"embeddable":true,"href":"https:\/\/www.mailgun.com\/fr\/wp-json\/wp\/v2\/users\/90"}],"replies":[{"embeddable":true,"href":"https:\/\/www.mailgun.com\/fr\/wp-json\/wp\/v2\/comments?post=101"}],"version-history":[{"count":0,"href":"https:\/\/www.mailgun.com\/fr\/wp-json\/wp\/v2\/pages\/101\/revisions"}],"up":[{"embeddable":true,"href":"https:\/\/www.mailgun.com\/fr\/wp-json\/wp\/v2\/pages\/95"}],"wp:attachment":[{"href":"https:\/\/www.mailgun.com\/fr\/wp-json\/wp\/v2\/media?parent=101"}],"curies":[{"name":"wp","href":"https:\/\/api.w.org\/{rel}","templated":true}]}}