{"id":104,"date":"2025-06-24T08:23:02","date_gmt":"2025-06-24T08:23:02","guid":{"rendered":"https:\/\/mgcomdev.local\/?page_id=104"},"modified":"2025-07-03T02:44:35","modified_gmt":"2025-07-03T02:44:35","slug":"support","status":"publish","type":"page","link":"https:\/\/www.mailgun.com\/fr\/contact\/support\/","title":{"rendered":"Support"},"content":{"rendered":"","protected":false},"excerpt":{"rendered":"","protected":false},"author":90,"featured_media":0,"parent":95,"menu_order":0,"comment_status":"closed","ping_status":"closed","template":"pages\/templates\/page-contact.php","meta":{"_acf_changed":true,"_slug_changed":false,"footnotes":""},"class_list":["post-104","page","type-page","status-publish","hentry"],"acf":[],"yoast_head":"<!-- This site is optimized with the Yoast SEO plugin v27.0 - https:\/\/yoast.com\/product\/yoast-seo-wordpress\/ -->\n<title>Support - Transactional Email API Service For Developers | Mailgun<\/title>\n<meta name=\"description\" content=\"Contactez le support de Mailgun ; nos \u00e9quipes sont l\u00e0 pour vous accompagner, pour que votre exp\u00e9rience d&#039;emailing soit la plus agr\u00e9able possible.\" \/>\n<meta name=\"robots\" content=\"index, follow, max-snippet:-1, max-image-preview:large, max-video-preview:-1\" \/>\n<link rel=\"canonical\" href=\"https:\/\/www.mailgun.com\/fr\/contact\/support\/\" \/>\n<meta property=\"og:locale\" content=\"fr_FR\" \/>\n<meta property=\"og:type\" content=\"article\" \/>\n<meta property=\"og:title\" content=\"Support - Transactional Email API Service For Developers | Mailgun\" \/>\n<meta property=\"og:description\" content=\"Contactez le support de Mailgun ; nos \u00e9quipes sont l\u00e0 pour vous accompagner, pour que votre exp\u00e9rience d&#039;emailing soit la plus agr\u00e9able possible.\" \/>\n<meta property=\"og:url\" content=\"https:\/\/www.mailgun.com\/fr\/contact\/support\/\" \/>\n<meta property=\"og:site_name\" content=\"Transactional Email API Service For Developers | Mailgun\" \/>\n<meta property=\"article:modified_time\" content=\"2025-07-03T02:44:35+00:00\" \/>\n<meta name=\"twitter:card\" content=\"summary_large_image\" \/>\n<script type=\"application\/ld+json\" class=\"yoast-schema-graph\">{\"@context\":\"https:\/\/schema.org\",\"@graph\":[{\"@type\":\"WebPage\",\"@id\":\"https:\/\/www.mailgun.com\/fr\/contact\/support\/\",\"url\":\"https:\/\/www.mailgun.com\/fr\/contact\/support\/\",\"name\":\"Support - Transactional Email API Service For Developers | Mailgun\",\"isPartOf\":{\"@id\":\"https:\/\/www.mailgun.com\/fr\/#website\"},\"datePublished\":\"2025-06-24T08:23:02+00:00\",\"dateModified\":\"2025-07-03T02:44:35+00:00\",\"description\":\"Contactez le support de Mailgun ; nos \u00e9quipes sont l\u00e0 pour vous accompagner, pour que votre exp\u00e9rience d'emailing soit la plus agr\u00e9able possible.\",\"breadcrumb\":{\"@id\":\"https:\/\/www.mailgun.com\/fr\/contact\/support\/#breadcrumb\"},\"inLanguage\":\"fr-FR\",\"potentialAction\":[{\"@type\":\"ReadAction\",\"target\":[\"https:\/\/www.mailgun.com\/fr\/contact\/support\/\"]}]},{\"@type\":\"BreadcrumbList\",\"@id\":\"https:\/\/www.mailgun.com\/fr\/contact\/support\/#breadcrumb\",\"itemListElement\":[{\"@type\":\"ListItem\",\"position\":1,\"name\":\"Home\",\"item\":\"https:\/\/www.mailgun.com\/fr\/\"},{\"@type\":\"ListItem\",\"position\":2,\"name\":\"Contact\",\"item\":\"https:\/\/www.mailgun.com\/fr\/contact\/\"},{\"@type\":\"ListItem\",\"position\":3,\"name\":\"Support\"}]},{\"@type\":\"WebSite\",\"@id\":\"https:\/\/www.mailgun.com\/fr\/#website\",\"url\":\"https:\/\/www.mailgun.com\/fr\/\",\"name\":\"Transactional Email API Service For Developers | Mailgun\",\"description\":\"Powerful Transactional Email APIs that enable you to send, receive, and track emails, built with developers in mind. Learn more today!\",\"publisher\":{\"@id\":\"https:\/\/www.mailgun.com\/fr\/#organization\"},\"potentialAction\":[{\"@type\":\"SearchAction\",\"target\":{\"@type\":\"EntryPoint\",\"urlTemplate\":\"https:\/\/www.mailgun.com\/fr\/?s={search_term_string}\"},\"query-input\":{\"@type\":\"PropertyValueSpecification\",\"valueRequired\":true,\"valueName\":\"search_term_string\"}}],\"inLanguage\":\"fr-FR\"},{\"@type\":\"Organization\",\"@id\":\"https:\/\/www.mailgun.com\/fr\/#organization\",\"name\":\"Transactional Email API Service For Developers | Mailgun\",\"url\":\"https:\/\/www.mailgun.com\/fr\/\",\"logo\":{\"@type\":\"ImageObject\",\"inLanguage\":\"fr-FR\",\"@id\":\"https:\/\/www.mailgun.com\/fr\/#\/schema\/logo\/image\/\",\"url\":\"https:\/\/www.mailgun.com\/wp-content\/uploads\/2025\/06\/cropped-android-chrome-512x512-1.png\",\"contentUrl\":\"https:\/\/www.mailgun.com\/wp-content\/uploads\/2025\/06\/cropped-android-chrome-512x512-1.png\",\"width\":512,\"height\":512,\"caption\":\"Transactional Email API Service For Developers | Mailgun\"},\"image\":{\"@id\":\"https:\/\/www.mailgun.com\/fr\/#\/schema\/logo\/image\/\"}}]}<\/script>\n<!-- \/ Yoast SEO plugin. -->","yoast_head_json":{"title":"Support - Transactional Email API Service For Developers | Mailgun","description":"Contactez le support de Mailgun ; nos \u00e9quipes sont l\u00e0 pour vous accompagner, pour que votre exp\u00e9rience d'emailing soit la plus agr\u00e9able possible.","robots":{"index":"index","follow":"follow","max-snippet":"max-snippet:-1","max-image-preview":"max-image-preview:large","max-video-preview":"max-video-preview:-1"},"canonical":"https:\/\/www.mailgun.com\/fr\/contact\/support\/","og_locale":"fr_FR","og_type":"article","og_title":"Support - Transactional Email API Service For Developers | Mailgun","og_description":"Contactez le support de Mailgun ; nos \u00e9quipes sont l\u00e0 pour vous accompagner, pour que votre exp\u00e9rience d'emailing soit la plus agr\u00e9able possible.","og_url":"https:\/\/www.mailgun.com\/fr\/contact\/support\/","og_site_name":"Transactional Email API Service For Developers | Mailgun","article_modified_time":"2025-07-03T02:44:35+00:00","twitter_card":"summary_large_image","schema":{"@context":"https:\/\/schema.org","@graph":[{"@type":"WebPage","@id":"https:\/\/www.mailgun.com\/fr\/contact\/support\/","url":"https:\/\/www.mailgun.com\/fr\/contact\/support\/","name":"Support - Transactional Email API Service For Developers | Mailgun","isPartOf":{"@id":"https:\/\/www.mailgun.com\/fr\/#website"},"datePublished":"2025-06-24T08:23:02+00:00","dateModified":"2025-07-03T02:44:35+00:00","description":"Contactez le support de Mailgun ; nos \u00e9quipes sont l\u00e0 pour vous accompagner, pour que votre exp\u00e9rience d'emailing soit la plus agr\u00e9able possible.","breadcrumb":{"@id":"https:\/\/www.mailgun.com\/fr\/contact\/support\/#breadcrumb"},"inLanguage":"fr-FR","potentialAction":[{"@type":"ReadAction","target":["https:\/\/www.mailgun.com\/fr\/contact\/support\/"]}]},{"@type":"BreadcrumbList","@id":"https:\/\/www.mailgun.com\/fr\/contact\/support\/#breadcrumb","itemListElement":[{"@type":"ListItem","position":1,"name":"Home","item":"https:\/\/www.mailgun.com\/fr\/"},{"@type":"ListItem","position":2,"name":"Contact","item":"https:\/\/www.mailgun.com\/fr\/contact\/"},{"@type":"ListItem","position":3,"name":"Support"}]},{"@type":"WebSite","@id":"https:\/\/www.mailgun.com\/fr\/#website","url":"https:\/\/www.mailgun.com\/fr\/","name":"Transactional Email API Service For Developers | Mailgun","description":"Powerful Transactional Email APIs that enable you to send, receive, and track emails, built with developers in mind. Learn more today!","publisher":{"@id":"https:\/\/www.mailgun.com\/fr\/#organization"},"potentialAction":[{"@type":"SearchAction","target":{"@type":"EntryPoint","urlTemplate":"https:\/\/www.mailgun.com\/fr\/?s={search_term_string}"},"query-input":{"@type":"PropertyValueSpecification","valueRequired":true,"valueName":"search_term_string"}}],"inLanguage":"fr-FR"},{"@type":"Organization","@id":"https:\/\/www.mailgun.com\/fr\/#organization","name":"Transactional Email API Service For Developers | Mailgun","url":"https:\/\/www.mailgun.com\/fr\/","logo":{"@type":"ImageObject","inLanguage":"fr-FR","@id":"https:\/\/www.mailgun.com\/fr\/#\/schema\/logo\/image\/","url":"https:\/\/www.mailgun.com\/wp-content\/uploads\/2025\/06\/cropped-android-chrome-512x512-1.png","contentUrl":"https:\/\/www.mailgun.com\/wp-content\/uploads\/2025\/06\/cropped-android-chrome-512x512-1.png","width":512,"height":512,"caption":"Transactional Email API Service For Developers | Mailgun"},"image":{"@id":"https:\/\/www.mailgun.com\/fr\/#\/schema\/logo\/image\/"}}]}},"_links":{"self":[{"href":"https:\/\/www.mailgun.com\/fr\/wp-json\/wp\/v2\/pages\/104","targetHints":{"allow":["GET"]}}],"collection":[{"href":"https:\/\/www.mailgun.com\/fr\/wp-json\/wp\/v2\/pages"}],"about":[{"href":"https:\/\/www.mailgun.com\/fr\/wp-json\/wp\/v2\/types\/page"}],"author":[{"embeddable":true,"href":"https:\/\/www.mailgun.com\/fr\/wp-json\/wp\/v2\/users\/90"}],"replies":[{"embeddable":true,"href":"https:\/\/www.mailgun.com\/fr\/wp-json\/wp\/v2\/comments?post=104"}],"version-history":[{"count":0,"href":"https:\/\/www.mailgun.com\/fr\/wp-json\/wp\/v2\/pages\/104\/revisions"}],"up":[{"embeddable":true,"href":"https:\/\/www.mailgun.com\/fr\/wp-json\/wp\/v2\/pages\/95"}],"wp:attachment":[{"href":"https:\/\/www.mailgun.com\/fr\/wp-json\/wp\/v2\/media?parent=104"}],"curies":[{"name":"wp","href":"https:\/\/api.w.org\/{rel}","templated":true}]}}