{"id":6304,"date":"2025-07-16T08:35:19","date_gmt":"2025-07-16T08:35:19","guid":{"rendered":"https:\/\/mgcomdev.wpenginepowered.com\/mailgun-renewal-team\/"},"modified":"2025-07-23T23:02:32","modified_gmt":"2025-07-23T23:02:32","slug":"equipe-renouvellement-mailgun","status":"publish","type":"page","link":"https:\/\/www.mailgun.com\/fr\/equipe-renouvellement-mailgun\/","title":{"rendered":"Mailgun Renewal Team"},"content":{"rendered":"\r\n    <section data-content-type=\"component\" class=\"header-block section-py bg-light-subtle\" data-theme=\"dark\">\r\n        <div class=\"container header-block-container\">\r\n\r\n            \r\n            <div class=\"row align-items-center\">\r\n                <div class=\"col-12 col-lg-9\">\r\n                    <div class=\"d-flex flex-column gap-3 gap-md-4\">\r\n                        <div>\r\n                                                            <p class=\"text-uppercase section-caption text-body-color\">Tentative d\u2019hame\u00e7onnage<\/p>\r\n                            \r\n                            <h1 class=\"text-accent m-0 p-0 \">\r\n                                L\u2019\u00e9quipe de renouvellement de Mailgun                            <\/h1>\r\n                        <\/div>\r\n\r\n                                                    <div class=\"content-body mb-0 text-body-color\"><p>Si vous avez re\u00e7u un email de l\u2019\u00e9quipe de renouvellement de Mailgun, ne cliquez pas dessus et ne vous connectez pas ! Il s\u2019agit d\u2019un hame\u00e7onnage courant ciblant les utilisateurs de Mailgun. Faites d\u00e9filer la page pour savoir ce que vous devez faire de ces emails.<\/p><\/div>\r\n                        \r\n                        \r\n                        \r\n                                            <\/div>\r\n                <\/div>\r\n\r\n                \r\n            <\/div>\r\n        <\/div>\r\n\r\n        \r\n        \r\n        \r\n    <\/section>\r\n\n\n\r\n    <section data-content-type=\"component\" id=\"block-fe247ab1dd4d4084d998a5b47cc14993\" class=\"section section-altblo section-py bg-light-subtle\" data-theme=\"light\">\r\n        <div class=\"container\">\r\n            <div class=\"row align-items-center \">\r\n                                    <div class=\"col-12 order-2 col-md-6 col-lg-5 order-md-1\">\r\n                        <div class=\"d-flex flex-column gap-3 gap-lg-4\">\r\n\r\n                                    <div>\r\n            \r\n                            <h2 class=\"mb-0 h3\">Pourquoi ai-je re\u00e7u un email de l\u2019\u00e9quipe de renouvellement Mailgun ?<\/h2>\r\n                    <\/div>\r\n\r\n\r\n                                                            <div class=\"content-body mb-0 text-body-color\"><p class=\"\">Il s\u2019agit d\u2019un hame\u00e7onnage ciblant les utilisateurs de Mailgun. Une tentative d\u2019hame\u00e7onnage survient lorsqu\u2019un mauvais acteur usurpe une identit\u00e9 pour se faire passer pour une entreprise qu\u2019il n\u2019est pas, dans le but de recueillir vos informations personnelles. Dans ce cas, les mauvais acteurs endossent le r\u00f4le de Mailgun qui essaie de vous contacter en cas de retard de paiement. Leur objectif est de solliciter vos identifiants de connexion \u00e0 Mailgun afin d\u2019utiliser votre compte pour envoyer du spam.<\/p><p class=\"\">Ces emails sont g\u00e9n\u00e9ralement envoy\u00e9s par l\u2019\u00e9quipe de renouvellement de Mailgun, qui n\u2019est pas une adresse email valide ni un r\u00f4le que nous utilisons. Les auteurs de ces attaques peuvent avoir obtenu votre email en recherchant les enregistrements DNS publics pour d\u00e9terminer quel service d\u2019emailing vous utilisez.<\/p><p class=\"mb-0\">L\u2019email peut indiquer que votre compte a \u00e9t\u00e9 suspendu afin de vous effrayer et de vous inciter \u00e0 fournir vos donn\u00e9es de connexion.<\/p><\/div>\r\n                            \r\n                            \r\n                            \r\n                            \r\n                        <\/div>\r\n                    <\/div>\r\n                                <div class=\"col-12 order-1 col-md-6 col-lg-7 mb-5 mb-md-0 order-md-2 ps-md-7 ps-lg-10 text-md-end\">\r\n\r\n                    <img decoding=\"async\" width=\"512\" height=\"428\" src=\"https:\/\/www.mailgun.com\/wp-content\/uploads\/2025\/07\/Mailgun.webp\" class=\"img-fluid\" alt=\"Image pour Pourquoi ai-je re\u00e7u un email de l\u2019\u00e9quipe de renouvellement Mailgun ?\" sizes=\"(min-width: 1200px) 648px, (min-width: 768px) 50vw, 100vw\" srcset=\"https:\/\/www.mailgun.com\/wp-content\/uploads\/2025\/07\/Mailgun.webp 1024w, https:\/\/www.mailgun.com\/wp-content\/uploads\/2025\/07\/Mailgun-300x251.webp 300w, https:\/\/www.mailgun.com\/wp-content\/uploads\/2025\/07\/Mailgun-768x642.webp 768w\" \/>\r\n                <\/div>\r\n            <\/div>\r\n\r\n            \r\n            \r\n            \r\n                    <\/div>\r\n    <\/section>\r\n\r\n\n\n\r\n    <section data-content-type=\"component\" id=\"block-520c462e74058b40915588fcf36f0c5b\" class=\"section section-altblo section-py bg-body\" data-theme=\"light\">\r\n        <div class=\"container\">\r\n            <div class=\"row align-items-center \">\r\n                                    <div class=\"col-12 col-md-9\">\r\n                        <div class=\"d-flex flex-column gap-3 gap-lg-4\">\r\n\r\n                                    <div>\r\n            \r\n                            <h2 class=\"mb-0 h3\">Comment rep\u00e9rer une tentative d\u2019hame\u00e7onnage<\/h2>\r\n                    <\/div>\r\n\r\n\r\n                                                            <div class=\"content-body mb-0 text-body-color\"><p>Soyez vigilants \u00e0 propos des emails qui correspondent \u00e0 certains des crit\u00e8res suivants :<\/p><\/div>\r\n                            \r\n                            <ul class=\"list-styled-check m-0 text-body-color\"><li><p>L&#8217;email ne vous est pas adress\u00e9 de fa\u00e7on personnelle, est r\u00e9dig\u00e9 dans un mauvais fran\u00e7ais ou omet des d\u00e9tails personnels qu\u2019un exp\u00e9diteur l\u00e9gitime aurait inclus.<\/p><\/li><li><p>L&#8217;email provient d\u2019entreprises desquelles vous n\u2019attendez pas d\u2019email ou auxquelles vous n\u2019\u00eates pas abonn\u00e9\u00b7e.<\/p><\/li><li><p>On vous demande de t\u00e9l\u00e9charger des fichiers ou des messages.<\/p><\/li><li><p>L&#8217;email vous conduit vers une page de renvoi ou un site web dont l\u2019URL n\u2019est pas l\u00e9gitime. Mailgun vous enverra toujours directement sur mailgun.com<\/p><\/li><li><p class=\"mb-0\">Dans le doute, <b>ne cliquez pas sur le lien<\/b> ! Visitez directement le site de Mailgun en tapant <b>www.mailgun.com&nbsp;<\/b>dans la barre d\u2019adresse de votre navigateur.<\/p><\/li><\/ul>\r\n                            \r\n                            \r\n                        <\/div>\r\n                    <\/div>\r\n                                <div class=\"col-12 d-none\">\r\n\r\n                    \r\n                <\/div>\r\n            <\/div>\r\n\r\n            \r\n            \r\n            \r\n                    <\/div>\r\n    <\/section>\r\n\r\n\n\n\r\n    <section data-content-type=\"component\" id=\"block-dea2645f21a8af2d598cf8b5d9f2cb06\" class=\"section section-altblo section-py bg-light-subtle\" data-theme=\"light\">\r\n        <div class=\"container\">\r\n            <div class=\"row align-items-center \">\r\n                                    <div class=\"col-12 col-md-9\">\r\n                        <div class=\"d-flex flex-column gap-3 gap-lg-4\">\r\n\r\n                                    <div>\r\n            \r\n                            <h2 class=\"mb-0 h3\">Que devez-vous faire ?<\/h2>\r\n                    <\/div>\r\n\r\n\r\n                            \r\n                            <ul class=\"list-styled-check m-0 text-body-color\"><li><p class=\"mb-0\"><span style=\"font-family: inherit; font-size: inherit;\"><b>Ne cliquez pas dessus<\/b><\/span>&nbsp;&#8211;&nbsp;<span style=\"font-family: inherit; font-size: inherit;\">Si vous recevez un email suspect, ne cliquez sur aucun lien !<\/span><\/p><\/li><li><p class=\"mb-0\"><span style=\"font-family: inherit; font-size: inherit;\"><b>Copier les en-t\u00eates d\u2019email<\/b><\/span><b>&nbsp;&#8211;&nbsp;<\/b><span style=\"font-family: inherit; font-size: inherit;\">Obtenir les en-t\u00eates de l&#8217;email. Dans Gmail, si vous cliquez sur les 3 points en haut \u00e0 droite de l\u2019email, puis sur \u00ab Afficher l\u2019original \u00bb, vous trouverez les en-t\u00eates d\u2019email et pourrez les copier.<\/span><\/p><\/li><li><p class=\"mb-0\"><span style=\"font-family: inherit; font-size: inherit;\"><b>Transf\u00e9rer les en-t\u00eates de email \u00e0 abuse@mailgun.com<\/b><\/span><b>&nbsp;&#8211;<\/b><span style=\"font-family: inherit; font-size: inherit;\">Transf\u00e9rez l\u2019email que vous avez re\u00e7u, avec les en-t\u00eates d\u2019email que vous venez de copier \u00e0 abuse@mailgun.com. Nous prendrons les mesures appropri\u00e9es \u00e0 partir de l\u00e0.<\/span><\/p><\/li><li><p class=\"mb-0\"><span style=\"font-family: inherit; font-size: inherit;\"><b>Supprimer l\u2019email&nbsp;<\/b><\/span><b>&#8211;<\/b><span style=\"font-family: inherit; font-size: inherit;\">Supprimez l\u2019email que vous avez re\u00e7u. Si vous continuez \u00e0 recevoir d\u2019autres emails suspects, continuez \u00e0 nous les transmettre avec leurs en-t\u00eates.<\/span><\/p><\/li><\/ul>\r\n                            \r\n                            \r\n                        <\/div>\r\n                    <\/div>\r\n                                <div class=\"col-12 d-none\">\r\n\r\n                    \r\n                <\/div>\r\n            <\/div>\r\n\r\n            \r\n            \r\n            \r\n                    <\/div>\r\n    <\/section>\r\n\r\n","protected":false},"excerpt":{"rendered":"","protected":false},"author":73,"featured_media":0,"parent":0,"menu_order":0,"comment_status":"closed","ping_status":"closed","template":"","meta":{"_acf_changed":true,"_slug_changed":false,"footnotes":""},"class_list":["post-6304","page","type-page","status-publish","hentry"],"acf":[],"yoast_head":"<!-- This site is optimized with the Yoast SEO plugin v27.0 - https:\/\/yoast.com\/product\/yoast-seo-wordpress\/ -->\n<title>L&#039;\u00e9quipe de renouvellement Mailgun vous a envoy\u00e9 un email ? | Mailgun<\/title>\n<meta name=\"description\" content=\"Il s\u2019agit d\u2019un hame\u00e7onnage ciblant les utilisateurs de Mailgun. Voici ce que vous devez faire et comment vous pouvez nous aider \u00e0 en limiter ce risque.\" \/>\n<meta name=\"robots\" content=\"index, follow, max-snippet:-1, max-image-preview:large, max-video-preview:-1\" \/>\n<link rel=\"canonical\" href=\"https:\/\/www.mailgun.com\/fr\/equipe-renouvellement-mailgun\/\" \/>\n<meta property=\"og:locale\" content=\"fr_FR\" \/>\n<meta property=\"og:type\" content=\"article\" \/>\n<meta property=\"og:title\" content=\"L&#039;\u00e9quipe de renouvellement Mailgun vous a envoy\u00e9 un email ? | Mailgun\" \/>\n<meta property=\"og:description\" content=\"Il s\u2019agit d\u2019un hame\u00e7onnage ciblant les utilisateurs de Mailgun. Voici ce que vous devez faire et comment vous pouvez nous aider \u00e0 en limiter ce risque.\" \/>\n<meta property=\"og:url\" content=\"https:\/\/www.mailgun.com\/fr\/equipe-renouvellement-mailgun\/\" \/>\n<meta property=\"og:site_name\" content=\"Transactional Email API Service For Developers | Mailgun\" \/>\n<meta property=\"article:modified_time\" content=\"2025-07-23T23:02:32+00:00\" \/>\n<meta name=\"twitter:card\" content=\"summary_large_image\" \/>\n<script type=\"application\/ld+json\" class=\"yoast-schema-graph\">{\"@context\":\"https:\/\/schema.org\",\"@graph\":[{\"@type\":\"WebPage\",\"@id\":\"https:\/\/www.mailgun.com\/fr\/equipe-renouvellement-mailgun\/\",\"url\":\"https:\/\/www.mailgun.com\/fr\/equipe-renouvellement-mailgun\/\",\"name\":\"L'\u00e9quipe de renouvellement Mailgun vous a envoy\u00e9 un email ? | Mailgun\",\"isPartOf\":{\"@id\":\"https:\/\/www.mailgun.com\/fr\/#website\"},\"datePublished\":\"2025-07-16T08:35:19+00:00\",\"dateModified\":\"2025-07-23T23:02:32+00:00\",\"description\":\"Il s\u2019agit d\u2019un hame\u00e7onnage ciblant les utilisateurs de Mailgun. Voici ce que vous devez faire et comment vous pouvez nous aider \u00e0 en limiter ce risque.\",\"breadcrumb\":{\"@id\":\"https:\/\/www.mailgun.com\/fr\/equipe-renouvellement-mailgun\/#breadcrumb\"},\"inLanguage\":\"fr-FR\",\"potentialAction\":[{\"@type\":\"ReadAction\",\"target\":[\"https:\/\/www.mailgun.com\/fr\/equipe-renouvellement-mailgun\/\"]}]},{\"@type\":\"BreadcrumbList\",\"@id\":\"https:\/\/www.mailgun.com\/fr\/equipe-renouvellement-mailgun\/#breadcrumb\",\"itemListElement\":[{\"@type\":\"ListItem\",\"position\":1,\"name\":\"Home\",\"item\":\"https:\/\/www.mailgun.com\/fr\/\"},{\"@type\":\"ListItem\",\"position\":2,\"name\":\"Mailgun Renewal Team\"}]},{\"@type\":\"WebSite\",\"@id\":\"https:\/\/www.mailgun.com\/fr\/#website\",\"url\":\"https:\/\/www.mailgun.com\/fr\/\",\"name\":\"Transactional Email API Service For Developers | Mailgun\",\"description\":\"Powerful Transactional Email APIs that enable you to send, receive, and track emails, built with developers in mind. Learn more today!\",\"publisher\":{\"@id\":\"https:\/\/www.mailgun.com\/fr\/#organization\"},\"potentialAction\":[{\"@type\":\"SearchAction\",\"target\":{\"@type\":\"EntryPoint\",\"urlTemplate\":\"https:\/\/www.mailgun.com\/fr\/?s={search_term_string}\"},\"query-input\":{\"@type\":\"PropertyValueSpecification\",\"valueRequired\":true,\"valueName\":\"search_term_string\"}}],\"inLanguage\":\"fr-FR\"},{\"@type\":\"Organization\",\"@id\":\"https:\/\/www.mailgun.com\/fr\/#organization\",\"name\":\"Transactional Email API Service For Developers | Mailgun\",\"url\":\"https:\/\/www.mailgun.com\/fr\/\",\"logo\":{\"@type\":\"ImageObject\",\"inLanguage\":\"fr-FR\",\"@id\":\"https:\/\/www.mailgun.com\/fr\/#\/schema\/logo\/image\/\",\"url\":\"https:\/\/www.mailgun.com\/wp-content\/uploads\/2025\/06\/cropped-android-chrome-512x512-1.png\",\"contentUrl\":\"https:\/\/www.mailgun.com\/wp-content\/uploads\/2025\/06\/cropped-android-chrome-512x512-1.png\",\"width\":512,\"height\":512,\"caption\":\"Transactional Email API Service For Developers | Mailgun\"},\"image\":{\"@id\":\"https:\/\/www.mailgun.com\/fr\/#\/schema\/logo\/image\/\"}}]}<\/script>\n<!-- \/ Yoast SEO plugin. -->","yoast_head_json":{"title":"L'\u00e9quipe de renouvellement Mailgun vous a envoy\u00e9 un email ? | Mailgun","description":"Il s\u2019agit d\u2019un hame\u00e7onnage ciblant les utilisateurs de Mailgun. Voici ce que vous devez faire et comment vous pouvez nous aider \u00e0 en limiter ce risque.","robots":{"index":"index","follow":"follow","max-snippet":"max-snippet:-1","max-image-preview":"max-image-preview:large","max-video-preview":"max-video-preview:-1"},"canonical":"https:\/\/www.mailgun.com\/fr\/equipe-renouvellement-mailgun\/","og_locale":"fr_FR","og_type":"article","og_title":"L'\u00e9quipe de renouvellement Mailgun vous a envoy\u00e9 un email ? | Mailgun","og_description":"Il s\u2019agit d\u2019un hame\u00e7onnage ciblant les utilisateurs de Mailgun. Voici ce que vous devez faire et comment vous pouvez nous aider \u00e0 en limiter ce risque.","og_url":"https:\/\/www.mailgun.com\/fr\/equipe-renouvellement-mailgun\/","og_site_name":"Transactional Email API Service For Developers | Mailgun","article_modified_time":"2025-07-23T23:02:32+00:00","twitter_card":"summary_large_image","schema":{"@context":"https:\/\/schema.org","@graph":[{"@type":"WebPage","@id":"https:\/\/www.mailgun.com\/fr\/equipe-renouvellement-mailgun\/","url":"https:\/\/www.mailgun.com\/fr\/equipe-renouvellement-mailgun\/","name":"L'\u00e9quipe de renouvellement Mailgun vous a envoy\u00e9 un email ? | Mailgun","isPartOf":{"@id":"https:\/\/www.mailgun.com\/fr\/#website"},"datePublished":"2025-07-16T08:35:19+00:00","dateModified":"2025-07-23T23:02:32+00:00","description":"Il s\u2019agit d\u2019un hame\u00e7onnage ciblant les utilisateurs de Mailgun. Voici ce que vous devez faire et comment vous pouvez nous aider \u00e0 en limiter ce risque.","breadcrumb":{"@id":"https:\/\/www.mailgun.com\/fr\/equipe-renouvellement-mailgun\/#breadcrumb"},"inLanguage":"fr-FR","potentialAction":[{"@type":"ReadAction","target":["https:\/\/www.mailgun.com\/fr\/equipe-renouvellement-mailgun\/"]}]},{"@type":"BreadcrumbList","@id":"https:\/\/www.mailgun.com\/fr\/equipe-renouvellement-mailgun\/#breadcrumb","itemListElement":[{"@type":"ListItem","position":1,"name":"Home","item":"https:\/\/www.mailgun.com\/fr\/"},{"@type":"ListItem","position":2,"name":"Mailgun Renewal Team"}]},{"@type":"WebSite","@id":"https:\/\/www.mailgun.com\/fr\/#website","url":"https:\/\/www.mailgun.com\/fr\/","name":"Transactional Email API Service For Developers | Mailgun","description":"Powerful Transactional Email APIs that enable you to send, receive, and track emails, built with developers in mind. Learn more today!","publisher":{"@id":"https:\/\/www.mailgun.com\/fr\/#organization"},"potentialAction":[{"@type":"SearchAction","target":{"@type":"EntryPoint","urlTemplate":"https:\/\/www.mailgun.com\/fr\/?s={search_term_string}"},"query-input":{"@type":"PropertyValueSpecification","valueRequired":true,"valueName":"search_term_string"}}],"inLanguage":"fr-FR"},{"@type":"Organization","@id":"https:\/\/www.mailgun.com\/fr\/#organization","name":"Transactional Email API Service For Developers | Mailgun","url":"https:\/\/www.mailgun.com\/fr\/","logo":{"@type":"ImageObject","inLanguage":"fr-FR","@id":"https:\/\/www.mailgun.com\/fr\/#\/schema\/logo\/image\/","url":"https:\/\/www.mailgun.com\/wp-content\/uploads\/2025\/06\/cropped-android-chrome-512x512-1.png","contentUrl":"https:\/\/www.mailgun.com\/wp-content\/uploads\/2025\/06\/cropped-android-chrome-512x512-1.png","width":512,"height":512,"caption":"Transactional Email API Service For Developers | Mailgun"},"image":{"@id":"https:\/\/www.mailgun.com\/fr\/#\/schema\/logo\/image\/"}}]}},"_links":{"self":[{"href":"https:\/\/www.mailgun.com\/fr\/wp-json\/wp\/v2\/pages\/6304","targetHints":{"allow":["GET"]}}],"collection":[{"href":"https:\/\/www.mailgun.com\/fr\/wp-json\/wp\/v2\/pages"}],"about":[{"href":"https:\/\/www.mailgun.com\/fr\/wp-json\/wp\/v2\/types\/page"}],"author":[{"embeddable":true,"href":"https:\/\/www.mailgun.com\/fr\/wp-json\/wp\/v2\/users\/73"}],"replies":[{"embeddable":true,"href":"https:\/\/www.mailgun.com\/fr\/wp-json\/wp\/v2\/comments?post=6304"}],"version-history":[{"count":0,"href":"https:\/\/www.mailgun.com\/fr\/wp-json\/wp\/v2\/pages\/6304\/revisions"}],"wp:attachment":[{"href":"https:\/\/www.mailgun.com\/fr\/wp-json\/wp\/v2\/media?parent=6304"}],"curies":[{"name":"wp","href":"https:\/\/api.w.org\/{rel}","templated":true}]}}