{"id":6327,"date":"2025-07-16T09:13:02","date_gmt":"2025-07-16T09:13:02","guid":{"rendered":"https:\/\/mgcomdev.wpenginepowered.com\/verification-email\/email-verifier\/"},"modified":"2025-07-23T23:00:20","modified_gmt":"2025-07-23T23:00:20","slug":"verificateur-email","status":"publish","type":"page","link":"https:\/\/www.mailgun.com\/fr\/verification-email\/verificateur-email\/","title":{"rendered":"Boost your deliverability with Mailgun\u2019s email validation"},"content":{"rendered":"\r\n    <section data-content-type=\"component\" class=\"header-block section-py bg-light-subtle\" data-theme=\"dark\">\r\n        <div class=\"container header-block-container\">\r\n\r\n            \r\n            <div class=\"row align-items-center\">\r\n                <div class=\"col-12 col-lg-9\">\r\n                    <div class=\"d-flex flex-column gap-3 gap-md-4\">\r\n                        <div>\r\n                                                            <p class=\"text-uppercase section-caption text-body-color\">Un outil simple pour les marketeurs et les d\u00e9veloppeurs<\/p>\r\n                            \r\n                            <h1 class=\"text-accent m-0 p-0 h2\">\r\n                                Boostez votre d\u00e9livrabilit\u00e9 avec la validation des emails de Mailgun                            <\/h1>\r\n                        <\/div>\r\n\r\n                                                    <div class=\"content-body mb-0 text-body-color\"><p class=\"\">Vous avez une longue liste de contacts que vous utilisez depuis des ann\u00e9es. Mais savez-vous comment les adresses ont \u00e9t\u00e9 collect\u00e9es ? Ont-elles d\u00e9j\u00e0 \u00e9t\u00e9 analys\u00e9es par un outil de validation des emails ?<\/p><p>N\u2019h\u00e9sitez pas \u00e0 envoyer des emails et \u00e0 atteindre les contacts qui s\u2019int\u00e9resseront r\u00e9ellement \u00e0 vos campagnes d\u2019email marketing. Ne vous souciez plus de la d\u00e9livrabilit\u00e9 de vos emails et concentrez-vous sur ce qui compte : l\u2019envoi d\u2019emails de qualit\u00e9.<\/p><\/div>\r\n                        \r\n                        \r\n                        \r\n                                                    <div class=\"btn-group g-3 mt-0 row\">\r\n                                \r\n        <div class=\"col-auto\">\r\n        <a href=\"https:\/\/signup.mailgun.com\/new\/signup\"  class=\"btn btn-secondary btn-lg btn-animated\" >Lancez-vous gratuitment<\/a>\r\n        <\/div>\r\n                                    <\/div>\r\n\r\n                                                                        <\/div>\r\n                <\/div>\r\n\r\n                \r\n            <\/div>\r\n        <\/div>\r\n\r\n        \r\n        \r\n        \r\n    <\/section>\r\n\n\n\r\n    <section data-content-type=\"component\" id=\"block-9f202f9f91c2de78e2e4a73fa63b32aa\" class=\"section section-altblo section-py bg-light-subtle\" data-theme=\"light\">\r\n        <div class=\"container\">\r\n            <div class=\"row align-items-center \">\r\n                                    <div class=\"col-12 col-md-9\">\r\n                        <div class=\"d-flex flex-column gap-3 gap-lg-4\">\r\n\r\n                                    <div>\r\n            \r\n                            <h2 class=\"mb-0 h3\">Pourquoi utiliser un v\u00e9rificateur de messagerie pour vos adresses email ?<\/h2>\r\n                    <\/div>\r\n\r\n\r\n                                                            <div class=\"content-body mb-0 text-body-color\"><p>Lorsque votre activit\u00e9 principale consiste \u00e0 fournir un service marketing fiable \u00e0 votre client\u00e8le, vous ne pouvez pas vous permettre de consacrer du temps et de l\u2019argent \u00e0 des contacts qui n\u2019existent pas. Un outil de validation des emails peut vous faire gagner du temps, \u00e0 vous et \u00e0 votre \u00e9quipe de d\u00e9veloppement, afin que vous puissiez vous concentrer sur l\u2019envoi aux bonnes personnes. Au lieu d\u2019\u00e9laborer la regex parfaite pour la validation des emails, un v\u00e9rificateur d\u2019email compris dans vos formulaires web rep\u00e8rera les erreurs des utilisateurs et emp\u00eachera les mauvaises adresses de figurer sur votre liste de contacts.<\/p><\/div>\r\n                            \r\n                            \r\n                            \r\n                            \r\n                        <\/div>\r\n                    <\/div>\r\n                                <div class=\"col-12 d-none\">\r\n\r\n                    \r\n                <\/div>\r\n            <\/div>\r\n\r\n            \r\n            \r\n            \r\n                    <\/div>\r\n    <\/section>\r\n\r\n\n\n\r\n    <section data-content-type=\"component\" id=\"block-dd29d6489310666944c53ec67f8d2a3f\" class=\"section section-altblo section-py bg-body\" data-theme=\"light\">\r\n        <div class=\"container\">\r\n            <div class=\"row align-items-center \">\r\n                                    <div class=\"col-12 col-md-9\">\r\n                        <div class=\"d-flex flex-column gap-3 gap-lg-4\">\r\n\r\n                                    <div>\r\n            \r\n                            <h2 class=\"mb-0 h3\">4 \u00e9l\u00e9ments pour une r\u00e9putation d\u2019exp\u00e9diteur parfaite<\/h2>\r\n                    <\/div>\r\n\r\n\r\n                                                            <div class=\"content-body mb-0 text-body-color\"><p>Les mauvais emails, \u00e7a arrive. Un v\u00e9rificateur d\u2019emails en masse peut vous aider. En tant que sp\u00e9cialiste de l&#8217;email marketing, vous surveillez probablement d\u00e9j\u00e0 des indicateurs comme les ouvertures, les clics et les conversions. Mais votre r\u00e9putation d\u2019exp\u00e9diteur garantit que vos abonn\u00e9s re\u00e7oivent r\u00e9ellement ces emails dont la cr\u00e9ation, la conception et l\u2019optimisation vous ont demand\u00e9 beaucoup de temps et d\u2019efforts. Mailgun vous aide \u00e0 g\u00e9rer ces quatre \u00e9l\u00e9ments de la r\u00e9putation d\u2019exp\u00e9diteur :<\/p><\/div>\r\n                            \r\n                            <ul class=\"list-styled-check m-0 text-body-color\"><li><p><b>Qualit\u00e9 de l\u2019adresse email :<\/b> 24 % de votre liste de contacts se d\u00e9t\u00e9riorera chaque ann\u00e9e. \u00c0 quelle fr\u00e9quence v\u00e9rifiez-vous les emails erron\u00e9s, les fautes de frappe et les erreurs de syntaxe ou de grammaire ? La majorit\u00e9 des emails provoquant des rebonds permanents proviennent d\u2019une mauvaise orthographe, comme \u00ab gmial.com \u00bb pour Gmail et \u00ab yaho.com \u00bb pour Yahoo. V\u00e9rifiez automatiquement les erreurs avant qu\u2019elles n\u2019apparaissent sur votre liste de contacts et surveillez les adresses email non valides ou obsol\u00e8tes.<\/p><\/li><li><p class=\"mb-0\"><b>Niveau d\u2019engagement :<\/b> envoyez-vous le bon contenu \u00e0 vos abonn\u00e9s ? Si certaines adresses email deviennent inactives (ce qui signifie qu\u2019elles ne r\u00e9pondent jamais, ne cliquent pas dans vos emails ou ne les ouvrent pas), il est temps de les supprimer, ou d\u2019envisager une meilleure segmentation au lieu d\u2019utiliser votre liste pour chaque email que vous souhaitez envoyer.<\/p><\/li><li><p><b>Le nombre d\u2019emails que vous envoyez :<\/b> envoyer des emails trop souvent ou trop r\u00e9guli\u00e8rement \u00e0 la m\u00eame audience peut g\u00e9n\u00e9rer de l\u2019engagement, mais cela peut aussi avoir un impact n\u00e9gatif sur votre d\u00e9livrabilit\u00e9. Les services de messagerie examinent le volume d\u2019envoi par rapport au nombre de d\u00e9sabonnements, de plaintes pour spam, etc., ce qui rend d\u2019autant plus important un v\u00e9rificateur d\u2019emails capable de d\u00e9tecter les adresses email non valides.<\/p><\/li><li><p><b>Plaintes pour spam :<\/b> la pire crainte de tout sp\u00e9cialiste du marketing est de se retrouver sur la liste rouge (parfois appel\u00e9e \u00ab liste de blocage \u00bb). Lorsqu\u2019un abonn\u00e9 vous marque comme spam, supprimez-le de votre liste d\u00e8s que possible. M\u00eame si nous souhaitons tous que lorsque les abonn\u00e9s ne souhaitent plus recevoir des emails, ils choisissent de se d\u00e9sabonner, le bouton spam est simple et pratique. Veillez donc \u00e0 v\u00e9rifier chaque envoi de votre campagne d\u2019emailing.<\/p><\/li><\/ul>\r\n                            \r\n                            \r\n                        <\/div>\r\n                    <\/div>\r\n                                <div class=\"col-12 d-none\">\r\n\r\n                    \r\n                <\/div>\r\n            <\/div>\r\n\r\n            \r\n            \r\n            \r\n                    <\/div>\r\n    <\/section>\r\n\r\n\n\n\r\n    <section data-content-type=\"component\" id=\"block-19432ecc7f33f632c0b2c3e945a10b8a\" class=\"section section-altblo section-py bg-light-subtle\" data-theme=\"light\">\r\n        <div class=\"container\">\r\n            <div class=\"row align-items-center \">\r\n                                    <div class=\"col-12 col-md-9\">\r\n                        <div class=\"d-flex flex-column gap-3 gap-lg-4\">\r\n\r\n                                    <div>\r\n            \r\n                            <h2 class=\"mb-0 h3\">Comment \u00e7a marche : une liste de contacts \u00e9pur\u00e9e et valide en 3 \u00e9tapes faciles<\/h2>\r\n                    <\/div>\r\n\r\n\r\n                                                            <div class=\"content-body mb-0 text-body-color\"><p class=\"\">Les services d\u2019emailing comme Mailgun vous permettent de prendre de meilleures d\u00e9cisions en mati\u00e8re d\u2019envoi et de faciliter le nettoyage des listes. Gr\u00e2ce \u00e0 notre API de validation des emails, vous pouvez int\u00e9grer un v\u00e9rificateur d\u2019emails dans vos applications et sites web existants. L\u2019algorithme propri\u00e9taire de Mailgun peut :<\/p><p class=\"mb-0\">Commencez la v\u00e9rification avec un compte gratuit, \u00e0 l\u2019aide d\u2019un outil de validation des emails abordable pour v\u00e9rifier toutes les adresses email. Mailgun vous permet d\u2019\u00e9liminer les emails jetables, les adresses bas\u00e9es sur les r\u00f4les et bien plus encore, afin que vous puissiez travailler plus sereinement.<\/p><\/div>\r\n                            \r\n                            <ul class=\"list-styled-check m-0 text-body-color\"><li><p>Effectuer un appel SMTP et v\u00e9rifiez si une messagerie existe avant d\u2019envoyer un email. Nous envoyons une commande ping au serveur de messagerie, examinons les enregistrements MX, \u00e9valuons le nom de domaine et v\u00e9rifions la messagerie en temps r\u00e9el afin d\u2019obtenir des r\u00e9sultats pr\u00e9cis pour n\u2019envoyer des emails qu\u2019\u00e0 de vrais contacts.<\/p><\/li><li><p>Cr\u00e9ez de nouvelles listes et conservez votre liste de contacts existante avec la v\u00e9rification group\u00e9e des listes afin que chaque nouvelle adresse que vous ajoutez soit une adresse email valide.<\/p><\/li><li><p>Gardez le contr\u00f4le de votre taux d\u2019erreurs en surveillant quand les emails deviennent inactifs, non distribuables ou si vous \u00eates tomb\u00e9 dans un pi\u00e8ge \u00e0 spam.<\/p><\/li><\/ul>\r\n                            \r\n                            \r\n                        <\/div>\r\n                    <\/div>\r\n                                <div class=\"col-12 d-none\">\r\n\r\n                    \r\n                <\/div>\r\n            <\/div>\r\n\r\n            \r\n            \r\n            \r\n                    <\/div>\r\n    <\/section>\r\n\r\n","protected":false},"excerpt":{"rendered":"","protected":false},"author":73,"featured_media":0,"parent":6314,"menu_order":0,"comment_status":"closed","ping_status":"closed","template":"","meta":{"_acf_changed":true,"_slug_changed":false,"footnotes":""},"class_list":["post-6327","page","type-page","status-publish","hentry"],"acf":[],"yoast_head":"<!-- This site is optimized with the Yoast SEO plugin v27.5 - https:\/\/yoast.com\/product\/yoast-seo-wordpress\/ -->\n<title>V\u00e9rification des adresses email - Un outil Mailgun | Mailgun<\/title>\n<meta name=\"description\" content=\"Un simple outil de validation des emails pour les marketeurs et les d\u00e9veloppeurs d\u2019emails. N\u2019envoyez plus vos emails au petit bonheur la chance.\" \/>\n<meta name=\"robots\" content=\"index, follow, max-snippet:-1, max-image-preview:large, max-video-preview:-1\" \/>\n<link rel=\"canonical\" href=\"https:\/\/www.mailgun.com\/fr\/verification-email\/verificateur-email\/\" \/>\n<meta property=\"og:locale\" content=\"fr_FR\" \/>\n<meta property=\"og:type\" content=\"article\" \/>\n<meta property=\"og:title\" content=\"V\u00e9rification des adresses email - Un outil Mailgun | Mailgun\" \/>\n<meta property=\"og:description\" content=\"Un simple outil de validation des emails pour les marketeurs et les d\u00e9veloppeurs d\u2019emails. N\u2019envoyez plus vos emails au petit bonheur la chance.\" \/>\n<meta property=\"og:url\" content=\"https:\/\/www.mailgun.com\/fr\/verification-email\/verificateur-email\/\" \/>\n<meta property=\"og:site_name\" content=\"Transactional Email API Service For Developers | Mailgun\" \/>\n<meta property=\"article:modified_time\" content=\"2025-07-23T23:00:20+00:00\" \/>\n<meta name=\"twitter:card\" content=\"summary_large_image\" \/>\n<script type=\"application\/ld+json\" class=\"yoast-schema-graph\">{\"@context\":\"https:\\\/\\\/schema.org\",\"@graph\":[{\"@type\":\"WebPage\",\"@id\":\"https:\\\/\\\/www.mailgun.com\\\/fr\\\/verification-email\\\/verificateur-email\\\/\",\"url\":\"https:\\\/\\\/www.mailgun.com\\\/fr\\\/verification-email\\\/verificateur-email\\\/\",\"name\":\"V\u00e9rification des adresses email - Un outil Mailgun | Mailgun\",\"isPartOf\":{\"@id\":\"https:\\\/\\\/www.mailgun.com\\\/fr\\\/#website\"},\"datePublished\":\"2025-07-16T09:13:02+00:00\",\"dateModified\":\"2025-07-23T23:00:20+00:00\",\"description\":\"Un simple outil de validation des emails pour les marketeurs et les d\u00e9veloppeurs d\u2019emails. N\u2019envoyez plus vos emails au petit bonheur la chance.\",\"breadcrumb\":{\"@id\":\"https:\\\/\\\/www.mailgun.com\\\/fr\\\/verification-email\\\/verificateur-email\\\/#breadcrumb\"},\"inLanguage\":\"fr-FR\",\"potentialAction\":[{\"@type\":\"ReadAction\",\"target\":[\"https:\\\/\\\/www.mailgun.com\\\/fr\\\/verification-email\\\/verificateur-email\\\/\"]}]},{\"@type\":\"BreadcrumbList\",\"@id\":\"https:\\\/\\\/www.mailgun.com\\\/fr\\\/verification-email\\\/verificateur-email\\\/#breadcrumb\",\"itemListElement\":[{\"@type\":\"ListItem\",\"position\":1,\"name\":\"Home\",\"item\":\"https:\\\/\\\/www.mailgun.com\\\/fr\\\/\"},{\"@type\":\"ListItem\",\"position\":2,\"name\":\"Verification-email\",\"item\":\"https:\\\/\\\/www.mailgun.com\\\/fr\\\/?page_id=6314\"},{\"@type\":\"ListItem\",\"position\":3,\"name\":\"Boost your deliverability with Mailgun\u2019s email validation\"}]},{\"@type\":\"WebSite\",\"@id\":\"https:\\\/\\\/www.mailgun.com\\\/fr\\\/#website\",\"url\":\"https:\\\/\\\/www.mailgun.com\\\/fr\\\/\",\"name\":\"Transactional Email API Service For Developers | Mailgun\",\"description\":\"Powerful Transactional Email APIs that enable you to send, receive, and track emails, built with developers in mind. Learn more today!\",\"publisher\":{\"@id\":\"https:\\\/\\\/www.mailgun.com\\\/fr\\\/#organization\"},\"potentialAction\":[{\"@type\":\"SearchAction\",\"target\":{\"@type\":\"EntryPoint\",\"urlTemplate\":\"https:\\\/\\\/www.mailgun.com\\\/fr\\\/?s={search_term_string}\"},\"query-input\":{\"@type\":\"PropertyValueSpecification\",\"valueRequired\":true,\"valueName\":\"search_term_string\"}}],\"inLanguage\":\"fr-FR\"},{\"@type\":\"Organization\",\"@id\":\"https:\\\/\\\/www.mailgun.com\\\/fr\\\/#organization\",\"name\":\"Transactional Email API Service For Developers | Mailgun\",\"url\":\"https:\\\/\\\/www.mailgun.com\\\/fr\\\/\",\"logo\":{\"@type\":\"ImageObject\",\"inLanguage\":\"fr-FR\",\"@id\":\"https:\\\/\\\/www.mailgun.com\\\/fr\\\/#\\\/schema\\\/logo\\\/image\\\/\",\"url\":\"https:\\\/\\\/www.mailgun.com\\\/wp-content\\\/uploads\\\/2025\\\/06\\\/cropped-android-chrome-512x512-1.png\",\"contentUrl\":\"https:\\\/\\\/www.mailgun.com\\\/wp-content\\\/uploads\\\/2025\\\/06\\\/cropped-android-chrome-512x512-1.png\",\"width\":512,\"height\":512,\"caption\":\"Transactional Email API Service For Developers | Mailgun\"},\"image\":{\"@id\":\"https:\\\/\\\/www.mailgun.com\\\/fr\\\/#\\\/schema\\\/logo\\\/image\\\/\"}}]}<\/script>\n<!-- \/ Yoast SEO plugin. -->","yoast_head_json":{"title":"V\u00e9rification des adresses email - Un outil Mailgun | Mailgun","description":"Un simple outil de validation des emails pour les marketeurs et les d\u00e9veloppeurs d\u2019emails. N\u2019envoyez plus vos emails au petit bonheur la chance.","robots":{"index":"index","follow":"follow","max-snippet":"max-snippet:-1","max-image-preview":"max-image-preview:large","max-video-preview":"max-video-preview:-1"},"canonical":"https:\/\/www.mailgun.com\/fr\/verification-email\/verificateur-email\/","og_locale":"fr_FR","og_type":"article","og_title":"V\u00e9rification des adresses email - Un outil Mailgun | Mailgun","og_description":"Un simple outil de validation des emails pour les marketeurs et les d\u00e9veloppeurs d\u2019emails. N\u2019envoyez plus vos emails au petit bonheur la chance.","og_url":"https:\/\/www.mailgun.com\/fr\/verification-email\/verificateur-email\/","og_site_name":"Transactional Email API Service For Developers | Mailgun","article_modified_time":"2025-07-23T23:00:20+00:00","twitter_card":"summary_large_image","schema":{"@context":"https:\/\/schema.org","@graph":[{"@type":"WebPage","@id":"https:\/\/www.mailgun.com\/fr\/verification-email\/verificateur-email\/","url":"https:\/\/www.mailgun.com\/fr\/verification-email\/verificateur-email\/","name":"V\u00e9rification des adresses email - Un outil Mailgun | Mailgun","isPartOf":{"@id":"https:\/\/www.mailgun.com\/fr\/#website"},"datePublished":"2025-07-16T09:13:02+00:00","dateModified":"2025-07-23T23:00:20+00:00","description":"Un simple outil de validation des emails pour les marketeurs et les d\u00e9veloppeurs d\u2019emails. N\u2019envoyez plus vos emails au petit bonheur la chance.","breadcrumb":{"@id":"https:\/\/www.mailgun.com\/fr\/verification-email\/verificateur-email\/#breadcrumb"},"inLanguage":"fr-FR","potentialAction":[{"@type":"ReadAction","target":["https:\/\/www.mailgun.com\/fr\/verification-email\/verificateur-email\/"]}]},{"@type":"BreadcrumbList","@id":"https:\/\/www.mailgun.com\/fr\/verification-email\/verificateur-email\/#breadcrumb","itemListElement":[{"@type":"ListItem","position":1,"name":"Home","item":"https:\/\/www.mailgun.com\/fr\/"},{"@type":"ListItem","position":2,"name":"Verification-email","item":"https:\/\/www.mailgun.com\/fr\/?page_id=6314"},{"@type":"ListItem","position":3,"name":"Boost your deliverability with Mailgun\u2019s email validation"}]},{"@type":"WebSite","@id":"https:\/\/www.mailgun.com\/fr\/#website","url":"https:\/\/www.mailgun.com\/fr\/","name":"Transactional Email API Service For Developers | Mailgun","description":"Powerful Transactional Email APIs that enable you to send, receive, and track emails, built with developers in mind. Learn more today!","publisher":{"@id":"https:\/\/www.mailgun.com\/fr\/#organization"},"potentialAction":[{"@type":"SearchAction","target":{"@type":"EntryPoint","urlTemplate":"https:\/\/www.mailgun.com\/fr\/?s={search_term_string}"},"query-input":{"@type":"PropertyValueSpecification","valueRequired":true,"valueName":"search_term_string"}}],"inLanguage":"fr-FR"},{"@type":"Organization","@id":"https:\/\/www.mailgun.com\/fr\/#organization","name":"Transactional Email API Service For Developers | Mailgun","url":"https:\/\/www.mailgun.com\/fr\/","logo":{"@type":"ImageObject","inLanguage":"fr-FR","@id":"https:\/\/www.mailgun.com\/fr\/#\/schema\/logo\/image\/","url":"https:\/\/www.mailgun.com\/wp-content\/uploads\/2025\/06\/cropped-android-chrome-512x512-1.png","contentUrl":"https:\/\/www.mailgun.com\/wp-content\/uploads\/2025\/06\/cropped-android-chrome-512x512-1.png","width":512,"height":512,"caption":"Transactional Email API Service For Developers | Mailgun"},"image":{"@id":"https:\/\/www.mailgun.com\/fr\/#\/schema\/logo\/image\/"}}]}},"_links":{"self":[{"href":"https:\/\/www.mailgun.com\/fr\/wp-json\/wp\/v2\/pages\/6327","targetHints":{"allow":["GET"]}}],"collection":[{"href":"https:\/\/www.mailgun.com\/fr\/wp-json\/wp\/v2\/pages"}],"about":[{"href":"https:\/\/www.mailgun.com\/fr\/wp-json\/wp\/v2\/types\/page"}],"author":[{"embeddable":true,"href":"https:\/\/www.mailgun.com\/fr\/wp-json\/wp\/v2\/users\/73"}],"replies":[{"embeddable":true,"href":"https:\/\/www.mailgun.com\/fr\/wp-json\/wp\/v2\/comments?post=6327"}],"version-history":[{"count":0,"href":"https:\/\/www.mailgun.com\/fr\/wp-json\/wp\/v2\/pages\/6327\/revisions"}],"up":[{"embeddable":true,"href":"https:\/\/www.mailgun.com\/fr\/wp-json\/wp\/v2\/pages\/6314"}],"wp:attachment":[{"href":"https:\/\/www.mailgun.com\/fr\/wp-json\/wp\/v2\/media?parent=6327"}],"curies":[{"name":"wp","href":"https:\/\/api.w.org\/{rel}","templated":true}]}}