{"id":95,"date":"2025-06-24T07:11:12","date_gmt":"2025-06-24T07:11:12","guid":{"rendered":"https:\/\/mgcomdev.local\/?page_id=95"},"modified":"2025-08-07T08:07:14","modified_gmt":"2025-08-07T08:07:14","slug":"contact","status":"publish","type":"page","link":"https:\/\/www.mailgun.com\/fr\/contact\/","title":{"rendered":"Contact"},"content":{"rendered":"\r\n    <section data-content-type=\"component\" id=\"block-576c0e5ab5845aa2052bbac520a5e48a\" class=\"section section-altblo section-py bg-light\" data-theme=\"light\">\r\n        <div class=\"container\">\r\n            <div class=\"row align-items-center \">\r\n                                    <div class=\"col-12 order-2 col-md-6 col-lg-5\">\r\n                        <div class=\"d-flex flex-column gap-3 gap-lg-4\">\r\n\r\n                                    <div>\r\n                            <p class=\"text-uppercase section-caption text-body-color\">Localisation de nos bureaux<\/p>\r\n            \r\n                            <h2 class=\"mb-0 h3\">Si\u00e8ge social de San Antonio<\/h2>\r\n                    <\/div>\r\n\r\n\r\n                                                            <div class=\"content-body mb-0 text-body-color\"><p class=\"mb-0\">112 E Pecan St. #1135<br>San Antonio, Texas 78205, \u00c9tats-Unis<\/p><\/div>\r\n                            \r\n                            \r\n                            \r\n                            \r\n                        <\/div>\r\n                    <\/div>\r\n                                <div class=\"col-12 order-1 col-md-6 col-lg-7 mb-5 mb-md-0 pe-md-7 pe-lg-10\">\r\n\r\n                    <img decoding=\"async\" width=\"648\" height=\"405\" src=\"https:\/\/www.mailgun.com\/wp-content\/uploads\/2025\/06\/MG-San-Antonio-Contact.png\" class=\"img-fluid\" alt=\"Image pour Si\u00e8ge social de San Antonio\" sizes=\"(-webkit-min-device-pixel-ratio: 2) and (min-width: 1200px) 648px, (min-resolution: 2dppx) and (min-width: 1200px) 648px, (min-width: 1200px) 1296px, (min-width: 768px) 50vw, 100vw\" srcset=\"https:\/\/www.mailgun.com\/wp-content\/uploads\/2025\/06\/MG-San-Antonio-Contact.png 1296w, https:\/\/www.mailgun.com\/wp-content\/uploads\/2025\/06\/MG-San-Antonio-Contact-300x188.png 300w, https:\/\/www.mailgun.com\/wp-content\/uploads\/2025\/06\/MG-San-Antonio-Contact-1024x640.png 1024w, https:\/\/www.mailgun.com\/wp-content\/uploads\/2025\/06\/MG-San-Antonio-Contact-768x480.png 768w\" \/>\r\n                <\/div>\r\n            <\/div>\r\n\r\n            \r\n            \r\n            \r\n                    <\/div>\r\n    <\/section>\r\n\r\n\n\n    <section data-content-type=\"component\" class=\"section-py section-signup bg-body\" data-theme=\"light\">\r\n        <div class=\"container-fluid\">\r\n            <div class=\"section-signup-wide bg-light section-py glow rounded-xl mx-auto position-relative overflow-hidden\" data-theme=\"dark\">\r\n                <div class=\"container\">\r\n                    <div class=\"row align-items-center\">\r\n                        <div class=\"col-12 col-lg-7\">\r\n                            <div class=\"d-flex flex-column px-md-3 px-lg-0\">\r\n                                <svg class=\"mb-4 text-accent\" width=\"64\" height=\"64\" data-url=\"https:\/\/www.mailgun.com\/wp-content\/themes\/simpletexting-theme-blank\/assets\/images\/logo-mailgun-icon.svg\" aria-hidden=\"true\"><\/svg>\r\n\r\n                                                                    <h2 class=\"text-accent mb-4 h1\">Lancez-vous, c&rsquo;est facile ! Commencez \u00e0 envoyer vos emails efficacement.<\/h2>\r\n                                \r\n                                <div class=\"fs-5 mb-0 text-body-color\">D\u00e9couvrez ce que vous pouvez accomplir avec la meilleure plateforme de livraison d\u2019emails au monde.<\/div>\r\n\r\n                                                                    <div class=\"btn-group g-3 mt-3 mt-md-4 row\">\r\n                                        \r\n        <div class=\"col-auto\">\r\n            <a href=\"https:\/\/signup.mailgun.com\/new\/signup\" target=\"_blank\" class=\"btn btn-secondary btn-lg btn-animated\" >D\u00e9marrer<\/a>\r\n        <\/div>\r\n                                            <\/div>\r\n                                                            <\/div>\r\n                        <\/div>\r\n                    <\/div>\r\n                <\/div>\r\n                <div class=\"section-signup-marquee mt-6 mt-md-7 mt-lg-0\">\r\n                    <div class=\"d-none d-lg-flex gap-3\">\r\n                                                    <div class=\"marquee marquee-down marquee-hover-slower marquee-scroll-faster w-50\">\r\n                                <div class=\"marquee-track\">\r\n                                                                                                                        <img decoding=\"async\" class=\"marquee-item img-fluid w-100 mb-3 rounded-lg border\" src=\"https:\/\/www.mailgun.com\/wp-content\/themes\/simpletexting-theme-blank\/assets\/images\/blocks\/section-signup\/section-signup-img-mailgun-1-fr.png\" alt=\"Signup Graphic\" width=\"320\" height=\"400\">\r\n                                                                                    <img decoding=\"async\" class=\"marquee-item img-fluid w-100 mb-3 rounded-lg border\" src=\"https:\/\/www.mailgun.com\/wp-content\/themes\/simpletexting-theme-blank\/assets\/images\/blocks\/section-signup\/section-signup-img-mailgun-2.png\" alt=\"Signup Graphic\" width=\"320\" height=\"400\">\r\n                                                                                    <img decoding=\"async\" class=\"marquee-item img-fluid w-100 mb-3 rounded-lg border\" src=\"https:\/\/www.mailgun.com\/wp-content\/themes\/simpletexting-theme-blank\/assets\/images\/blocks\/section-signup\/section-signup-img-mailgun-3.png\" alt=\"Signup Graphic\" width=\"320\" height=\"400\">\r\n                                                                                                                                                                <img decoding=\"async\" class=\"marquee-item img-fluid w-100 mb-3 rounded-lg border\" src=\"https:\/\/www.mailgun.com\/wp-content\/themes\/simpletexting-theme-blank\/assets\/images\/blocks\/section-signup\/section-signup-img-mailgun-1-fr.png\" alt=\"Signup Graphic\" width=\"320\" height=\"400\">\r\n                                                                                    <img decoding=\"async\" class=\"marquee-item img-fluid w-100 mb-3 rounded-lg border\" src=\"https:\/\/www.mailgun.com\/wp-content\/themes\/simpletexting-theme-blank\/assets\/images\/blocks\/section-signup\/section-signup-img-mailgun-2.png\" alt=\"Signup Graphic\" width=\"320\" height=\"400\">\r\n                                                                                    <img decoding=\"async\" class=\"marquee-item img-fluid w-100 mb-3 rounded-lg border\" src=\"https:\/\/www.mailgun.com\/wp-content\/themes\/simpletexting-theme-blank\/assets\/images\/blocks\/section-signup\/section-signup-img-mailgun-3.png\" alt=\"Signup Graphic\" width=\"320\" height=\"400\">\r\n                                                                                                            <\/div>\r\n                            <\/div>\r\n                                                    <div class=\"marquee marquee-up marquee-hover-slower marquee-scroll-faster w-50\">\r\n                                <div class=\"marquee-track\">\r\n                                                                                                                        <img decoding=\"async\" class=\"marquee-item img-fluid w-100 mb-3 rounded-lg border\" src=\"https:\/\/www.mailgun.com\/wp-content\/themes\/simpletexting-theme-blank\/assets\/images\/blocks\/section-signup\/section-signup-img-mailgun-4.png\" alt=\"Signup Graphic\" width=\"320\" height=\"400\">\r\n                                                                                    <img decoding=\"async\" class=\"marquee-item img-fluid w-100 mb-3 rounded-lg border\" src=\"https:\/\/www.mailgun.com\/wp-content\/themes\/simpletexting-theme-blank\/assets\/images\/blocks\/section-signup\/section-signup-img-mailgun-5-fr.png\" alt=\"Signup Graphic\" width=\"320\" height=\"400\">\r\n                                                                                    <img decoding=\"async\" class=\"marquee-item img-fluid w-100 mb-3 rounded-lg border\" src=\"https:\/\/www.mailgun.com\/wp-content\/themes\/simpletexting-theme-blank\/assets\/images\/blocks\/section-signup\/section-signup-img-mailgun-6.png\" alt=\"Signup Graphic\" width=\"320\" height=\"400\">\r\n                                                                                                                                                                <img decoding=\"async\" class=\"marquee-item img-fluid w-100 mb-3 rounded-lg border\" src=\"https:\/\/www.mailgun.com\/wp-content\/themes\/simpletexting-theme-blank\/assets\/images\/blocks\/section-signup\/section-signup-img-mailgun-4.png\" alt=\"Signup Graphic\" width=\"320\" height=\"400\">\r\n                                                                                    <img decoding=\"async\" class=\"marquee-item img-fluid w-100 mb-3 rounded-lg border\" src=\"https:\/\/www.mailgun.com\/wp-content\/themes\/simpletexting-theme-blank\/assets\/images\/blocks\/section-signup\/section-signup-img-mailgun-5-fr.png\" alt=\"Signup Graphic\" width=\"320\" height=\"400\">\r\n                                                                                    <img decoding=\"async\" class=\"marquee-item img-fluid w-100 mb-3 rounded-lg border\" src=\"https:\/\/www.mailgun.com\/wp-content\/themes\/simpletexting-theme-blank\/assets\/images\/blocks\/section-signup\/section-signup-img-mailgun-6.png\" alt=\"Signup Graphic\" width=\"320\" height=\"400\">\r\n                                                                                                            <\/div>\r\n                            <\/div>\r\n                                            <\/div>\r\n\r\n                    <div class=\"d-block d-lg-none\">\r\n                        <div class=\"marquee marquee-left marquee-hover-slower marquee-scroll-faster\">\r\n                            <div class=\"marquee-track\">\r\n                                                                            <img decoding=\"async\" class=\"marquee-item img-fluid me-3 rounded-lg border\" src=\"https:\/\/www.mailgun.com\/wp-content\/themes\/simpletexting-theme-blank\/assets\/images\/blocks\/section-signup\/section-signup-img-mailgun-1-fr.png\" alt=\"Signup Graphic\" width=\"320\" height=\"400\">\r\n                                                                            <img decoding=\"async\" class=\"marquee-item img-fluid me-3 rounded-lg border\" src=\"https:\/\/www.mailgun.com\/wp-content\/themes\/simpletexting-theme-blank\/assets\/images\/blocks\/section-signup\/section-signup-img-mailgun-2.png\" alt=\"Signup Graphic\" width=\"320\" height=\"400\">\r\n                                                                            <img decoding=\"async\" class=\"marquee-item img-fluid me-3 rounded-lg border\" src=\"https:\/\/www.mailgun.com\/wp-content\/themes\/simpletexting-theme-blank\/assets\/images\/blocks\/section-signup\/section-signup-img-mailgun-3.png\" alt=\"Signup Graphic\" width=\"320\" height=\"400\">\r\n                                                                            <img decoding=\"async\" class=\"marquee-item img-fluid me-3 rounded-lg border\" src=\"https:\/\/www.mailgun.com\/wp-content\/themes\/simpletexting-theme-blank\/assets\/images\/blocks\/section-signup\/section-signup-img-mailgun-4.png\" alt=\"Signup Graphic\" width=\"320\" height=\"400\">\r\n                                                                            <img decoding=\"async\" class=\"marquee-item img-fluid me-3 rounded-lg border\" src=\"https:\/\/www.mailgun.com\/wp-content\/themes\/simpletexting-theme-blank\/assets\/images\/blocks\/section-signup\/section-signup-img-mailgun-5-fr.png\" alt=\"Signup Graphic\" width=\"320\" height=\"400\">\r\n                                                                            <img decoding=\"async\" class=\"marquee-item img-fluid me-3 rounded-lg border\" src=\"https:\/\/www.mailgun.com\/wp-content\/themes\/simpletexting-theme-blank\/assets\/images\/blocks\/section-signup\/section-signup-img-mailgun-6.png\" alt=\"Signup Graphic\" width=\"320\" height=\"400\">\r\n                                                                            <img decoding=\"async\" class=\"marquee-item img-fluid me-3 rounded-lg border\" src=\"https:\/\/www.mailgun.com\/wp-content\/themes\/simpletexting-theme-blank\/assets\/images\/blocks\/section-signup\/section-signup-img-mailgun-1-fr.png\" alt=\"Signup Graphic\" width=\"320\" height=\"400\">\r\n                                                                            <img decoding=\"async\" class=\"marquee-item img-fluid me-3 rounded-lg border\" src=\"https:\/\/www.mailgun.com\/wp-content\/themes\/simpletexting-theme-blank\/assets\/images\/blocks\/section-signup\/section-signup-img-mailgun-2.png\" alt=\"Signup Graphic\" width=\"320\" height=\"400\">\r\n                                                                            <img decoding=\"async\" class=\"marquee-item img-fluid me-3 rounded-lg border\" src=\"https:\/\/www.mailgun.com\/wp-content\/themes\/simpletexting-theme-blank\/assets\/images\/blocks\/section-signup\/section-signup-img-mailgun-3.png\" alt=\"Signup Graphic\" width=\"320\" height=\"400\">\r\n                                                                            <img decoding=\"async\" class=\"marquee-item img-fluid me-3 rounded-lg border\" src=\"https:\/\/www.mailgun.com\/wp-content\/themes\/simpletexting-theme-blank\/assets\/images\/blocks\/section-signup\/section-signup-img-mailgun-4.png\" alt=\"Signup Graphic\" width=\"320\" height=\"400\">\r\n                                                                            <img decoding=\"async\" class=\"marquee-item img-fluid me-3 rounded-lg border\" src=\"https:\/\/www.mailgun.com\/wp-content\/themes\/simpletexting-theme-blank\/assets\/images\/blocks\/section-signup\/section-signup-img-mailgun-5-fr.png\" alt=\"Signup Graphic\" width=\"320\" height=\"400\">\r\n                                                                            <img decoding=\"async\" class=\"marquee-item img-fluid me-3 rounded-lg border\" src=\"https:\/\/www.mailgun.com\/wp-content\/themes\/simpletexting-theme-blank\/assets\/images\/blocks\/section-signup\/section-signup-img-mailgun-6.png\" alt=\"Signup Graphic\" width=\"320\" height=\"400\">\r\n                                                            <\/div>\r\n                        <\/div>\r\n                    <\/div>\r\n                <\/div>\r\n            <\/div>\r\n        <\/div>\r\n    <\/section>\r\n\r\n","protected":false},"excerpt":{"rendered":"","protected":false},"author":90,"featured_media":0,"parent":0,"menu_order":0,"comment_status":"closed","ping_status":"closed","template":"pages\/templates\/page-contact.php","meta":{"_acf_changed":false,"_slug_changed":false,"footnotes":""},"class_list":["post-95","page","type-page","status-publish","hentry"],"acf":[],"yoast_head":"<!-- This site is optimized with the Yoast SEO plugin v27.5 - https:\/\/yoast.com\/product\/yoast-seo-wordpress\/ -->\n<title>Comment pouvons-nous vous aidez ? - Contact<\/title>\n<meta name=\"description\" content=\"Contactez l&#039;\u00e9quipe de Mailgun pour trouver la solution qui vous convient. Nos \u00e9quipes de support et commerciales sont \u00e0 votre service.\" \/>\n<meta name=\"robots\" content=\"index, follow, max-snippet:-1, max-image-preview:large, max-video-preview:-1\" \/>\n<link rel=\"canonical\" href=\"https:\/\/www.mailgun.com\/fr\/contact\/\" \/>\n<meta property=\"og:locale\" content=\"fr_FR\" \/>\n<meta property=\"og:type\" content=\"article\" \/>\n<meta property=\"og:title\" content=\"Comment pouvons-nous vous aidez ? - Contact\" \/>\n<meta property=\"og:description\" content=\"Contactez l&#039;\u00e9quipe de Mailgun pour trouver la solution qui vous convient. Nos \u00e9quipes de support et commerciales sont \u00e0 votre service.\" \/>\n<meta property=\"og:url\" content=\"https:\/\/www.mailgun.com\/fr\/contact\/\" \/>\n<meta property=\"og:site_name\" content=\"Transactional Email API Service For Developers | Mailgun\" \/>\n<meta property=\"article:modified_time\" content=\"2025-08-07T08:07:14+00:00\" \/>\n<meta name=\"twitter:card\" content=\"summary_large_image\" \/>\n<script type=\"application\/ld+json\" class=\"yoast-schema-graph\">{\"@context\":\"https:\\\/\\\/schema.org\",\"@graph\":[{\"@type\":\"WebPage\",\"@id\":\"https:\\\/\\\/www.mailgun.com\\\/fr\\\/contact\\\/\",\"url\":\"https:\\\/\\\/www.mailgun.com\\\/fr\\\/contact\\\/\",\"name\":\"Comment pouvons-nous vous aidez ? - Contact\",\"isPartOf\":{\"@id\":\"https:\\\/\\\/www.mailgun.com\\\/fr\\\/#website\"},\"datePublished\":\"2025-06-24T07:11:12+00:00\",\"dateModified\":\"2025-08-07T08:07:14+00:00\",\"description\":\"Contactez l'\u00e9quipe de Mailgun pour trouver la solution qui vous convient. Nos \u00e9quipes de support et commerciales sont \u00e0 votre service.\",\"breadcrumb\":{\"@id\":\"https:\\\/\\\/www.mailgun.com\\\/fr\\\/contact\\\/#breadcrumb\"},\"inLanguage\":\"fr-FR\",\"potentialAction\":[{\"@type\":\"ReadAction\",\"target\":[\"https:\\\/\\\/www.mailgun.com\\\/fr\\\/contact\\\/\"]}]},{\"@type\":\"BreadcrumbList\",\"@id\":\"https:\\\/\\\/www.mailgun.com\\\/fr\\\/contact\\\/#breadcrumb\",\"itemListElement\":[{\"@type\":\"ListItem\",\"position\":1,\"name\":\"Home\",\"item\":\"https:\\\/\\\/www.mailgun.com\\\/fr\\\/\"},{\"@type\":\"ListItem\",\"position\":2,\"name\":\"Contact\"}]},{\"@type\":\"WebSite\",\"@id\":\"https:\\\/\\\/www.mailgun.com\\\/fr\\\/#website\",\"url\":\"https:\\\/\\\/www.mailgun.com\\\/fr\\\/\",\"name\":\"Transactional Email API Service For Developers | Mailgun\",\"description\":\"Powerful Transactional Email APIs that enable you to send, receive, and track emails, built with developers in mind. Learn more today!\",\"publisher\":{\"@id\":\"https:\\\/\\\/www.mailgun.com\\\/fr\\\/#organization\"},\"potentialAction\":[{\"@type\":\"SearchAction\",\"target\":{\"@type\":\"EntryPoint\",\"urlTemplate\":\"https:\\\/\\\/www.mailgun.com\\\/fr\\\/?s={search_term_string}\"},\"query-input\":{\"@type\":\"PropertyValueSpecification\",\"valueRequired\":true,\"valueName\":\"search_term_string\"}}],\"inLanguage\":\"fr-FR\"},{\"@type\":\"Organization\",\"@id\":\"https:\\\/\\\/www.mailgun.com\\\/fr\\\/#organization\",\"name\":\"Transactional Email API Service For Developers | Mailgun\",\"url\":\"https:\\\/\\\/www.mailgun.com\\\/fr\\\/\",\"logo\":{\"@type\":\"ImageObject\",\"inLanguage\":\"fr-FR\",\"@id\":\"https:\\\/\\\/www.mailgun.com\\\/fr\\\/#\\\/schema\\\/logo\\\/image\\\/\",\"url\":\"https:\\\/\\\/www.mailgun.com\\\/wp-content\\\/uploads\\\/2025\\\/06\\\/cropped-android-chrome-512x512-1.png\",\"contentUrl\":\"https:\\\/\\\/www.mailgun.com\\\/wp-content\\\/uploads\\\/2025\\\/06\\\/cropped-android-chrome-512x512-1.png\",\"width\":512,\"height\":512,\"caption\":\"Transactional Email API Service For Developers | Mailgun\"},\"image\":{\"@id\":\"https:\\\/\\\/www.mailgun.com\\\/fr\\\/#\\\/schema\\\/logo\\\/image\\\/\"}}]}<\/script>\n<!-- \/ Yoast SEO plugin. -->","yoast_head_json":{"title":"Comment pouvons-nous vous aidez ? - Contact","description":"Contactez l'\u00e9quipe de Mailgun pour trouver la solution qui vous convient. Nos \u00e9quipes de support et commerciales sont \u00e0 votre service.","robots":{"index":"index","follow":"follow","max-snippet":"max-snippet:-1","max-image-preview":"max-image-preview:large","max-video-preview":"max-video-preview:-1"},"canonical":"https:\/\/www.mailgun.com\/fr\/contact\/","og_locale":"fr_FR","og_type":"article","og_title":"Comment pouvons-nous vous aidez ? - Contact","og_description":"Contactez l'\u00e9quipe de Mailgun pour trouver la solution qui vous convient. Nos \u00e9quipes de support et commerciales sont \u00e0 votre service.","og_url":"https:\/\/www.mailgun.com\/fr\/contact\/","og_site_name":"Transactional Email API Service For Developers | Mailgun","article_modified_time":"2025-08-07T08:07:14+00:00","twitter_card":"summary_large_image","schema":{"@context":"https:\/\/schema.org","@graph":[{"@type":"WebPage","@id":"https:\/\/www.mailgun.com\/fr\/contact\/","url":"https:\/\/www.mailgun.com\/fr\/contact\/","name":"Comment pouvons-nous vous aidez ? - Contact","isPartOf":{"@id":"https:\/\/www.mailgun.com\/fr\/#website"},"datePublished":"2025-06-24T07:11:12+00:00","dateModified":"2025-08-07T08:07:14+00:00","description":"Contactez l'\u00e9quipe de Mailgun pour trouver la solution qui vous convient. Nos \u00e9quipes de support et commerciales sont \u00e0 votre service.","breadcrumb":{"@id":"https:\/\/www.mailgun.com\/fr\/contact\/#breadcrumb"},"inLanguage":"fr-FR","potentialAction":[{"@type":"ReadAction","target":["https:\/\/www.mailgun.com\/fr\/contact\/"]}]},{"@type":"BreadcrumbList","@id":"https:\/\/www.mailgun.com\/fr\/contact\/#breadcrumb","itemListElement":[{"@type":"ListItem","position":1,"name":"Home","item":"https:\/\/www.mailgun.com\/fr\/"},{"@type":"ListItem","position":2,"name":"Contact"}]},{"@type":"WebSite","@id":"https:\/\/www.mailgun.com\/fr\/#website","url":"https:\/\/www.mailgun.com\/fr\/","name":"Transactional Email API Service For Developers | Mailgun","description":"Powerful Transactional Email APIs that enable you to send, receive, and track emails, built with developers in mind. Learn more today!","publisher":{"@id":"https:\/\/www.mailgun.com\/fr\/#organization"},"potentialAction":[{"@type":"SearchAction","target":{"@type":"EntryPoint","urlTemplate":"https:\/\/www.mailgun.com\/fr\/?s={search_term_string}"},"query-input":{"@type":"PropertyValueSpecification","valueRequired":true,"valueName":"search_term_string"}}],"inLanguage":"fr-FR"},{"@type":"Organization","@id":"https:\/\/www.mailgun.com\/fr\/#organization","name":"Transactional Email API Service For Developers | Mailgun","url":"https:\/\/www.mailgun.com\/fr\/","logo":{"@type":"ImageObject","inLanguage":"fr-FR","@id":"https:\/\/www.mailgun.com\/fr\/#\/schema\/logo\/image\/","url":"https:\/\/www.mailgun.com\/wp-content\/uploads\/2025\/06\/cropped-android-chrome-512x512-1.png","contentUrl":"https:\/\/www.mailgun.com\/wp-content\/uploads\/2025\/06\/cropped-android-chrome-512x512-1.png","width":512,"height":512,"caption":"Transactional Email API Service For Developers | Mailgun"},"image":{"@id":"https:\/\/www.mailgun.com\/fr\/#\/schema\/logo\/image\/"}}]}},"_links":{"self":[{"href":"https:\/\/www.mailgun.com\/fr\/wp-json\/wp\/v2\/pages\/95","targetHints":{"allow":["GET"]}}],"collection":[{"href":"https:\/\/www.mailgun.com\/fr\/wp-json\/wp\/v2\/pages"}],"about":[{"href":"https:\/\/www.mailgun.com\/fr\/wp-json\/wp\/v2\/types\/page"}],"author":[{"embeddable":true,"href":"https:\/\/www.mailgun.com\/fr\/wp-json\/wp\/v2\/users\/90"}],"replies":[{"embeddable":true,"href":"https:\/\/www.mailgun.com\/fr\/wp-json\/wp\/v2\/comments?post=95"}],"version-history":[{"count":0,"href":"https:\/\/www.mailgun.com\/fr\/wp-json\/wp\/v2\/pages\/95\/revisions"}],"wp:attachment":[{"href":"https:\/\/www.mailgun.com\/fr\/wp-json\/wp\/v2\/media?parent=95"}],"curies":[{"name":"wp","href":"https:\/\/api.w.org\/{rel}","templated":true}]}}